{"id":1070,"date":"2024-06-19T13:35:16","date_gmt":"2024-06-19T13:35:16","guid":{"rendered":"https:\/\/magntec.se\/?page_id=1070"},"modified":"2024-06-28T07:50:17","modified_gmt":"2024-06-28T07:50:17","slug":"foretagande","status":"publish","type":"page","link":"https:\/\/magntec.se\/index.php\/foretagande\/","title":{"rendered":"F\u00f6retagande"},"content":{"rendered":"\t\t<div data-elementor-type=\"wp-page\" data-elementor-id=\"1070\" class=\"elementor elementor-1070\">\n\t\t\t\t<div class=\"elementor-element elementor-element-55510c99 e-flex e-con-boxed e-con e-parent\" data-id=\"55510c99\" data-element_type=\"container\" data-settings=\"{&quot;background_background&quot;:&quot;slideshow&quot;,&quot;background_slideshow_gallery&quot;:[{&quot;id&quot;:96,&quot;url&quot;:&quot;https:\\\/\\\/magntec.se\\\/wp-content\\\/uploads\\\/2023\\\/10\\\/Magntec-magnus-White-board-scaled.jpg&quot;}],&quot;background_slideshow_loop&quot;:&quot;yes&quot;,&quot;background_slideshow_slide_duration&quot;:5000,&quot;background_slideshow_slide_transition&quot;:&quot;fade&quot;,&quot;background_slideshow_transition_duration&quot;:500}\">\n\t\t\t\t\t<div class=\"e-con-inner\">\n\t\t\t\t<div class=\"elementor-element elementor-element-3ab7328b elementor-widget elementor-widget-heading\" data-id=\"3ab7328b\" data-element_type=\"widget\" data-widget_type=\"heading.default\">\n\t\t\t\t<div class=\"elementor-widget-container\">\n\t\t\t<style>\/*! elementor - v3.22.0 - 26-06-2024 *\/\n.elementor-heading-title{padding:0;margin:0;line-height:1}.elementor-widget-heading .elementor-heading-title[class*=elementor-size-]>a{color:inherit;font-size:inherit;line-height:inherit}.elementor-widget-heading .elementor-heading-title.elementor-size-small{font-size:15px}.elementor-widget-heading .elementor-heading-title.elementor-size-medium{font-size:19px}.elementor-widget-heading .elementor-heading-title.elementor-size-large{font-size:29px}.elementor-widget-heading .elementor-heading-title.elementor-size-xl{font-size:39px}.elementor-widget-heading .elementor-heading-title.elementor-size-xxl{font-size:59px}<\/style><h2 class=\"elementor-heading-title elementor-size-xxl\">F\u00f6retagande<\/h2>\t\t<\/div>\n\t\t\t\t<\/div>\n\t\t\t\t\t<\/div>\n\t\t\t\t<\/div>\n\t\t<div class=\"elementor-element elementor-element-552750c6 e-flex e-con-boxed e-con e-parent\" data-id=\"552750c6\" data-element_type=\"container\" data-settings=\"{&quot;background_background&quot;:&quot;slideshow&quot;,&quot;background_slideshow_gallery&quot;:[],&quot;background_slideshow_loop&quot;:&quot;yes&quot;,&quot;background_slideshow_slide_duration&quot;:5000,&quot;background_slideshow_slide_transition&quot;:&quot;fade&quot;,&quot;background_slideshow_transition_duration&quot;:500}\">\n\t\t\t\t\t<div class=\"e-con-inner\">\n\t\t\t\t<div class=\"elementor-element elementor-element-7488671b elementor-widget elementor-widget-html\" data-id=\"7488671b\" data-element_type=\"widget\" data-widget_type=\"html.default\">\n\t\t\t\t<div class=\"elementor-widget-container\">\n\t\t\t<!DOCTYPE html>\r\n<html>\r\n  <head>\r\n    <title>Min hemsida<\/title>\r\n    <style>\r\n      \/* CSS-kod f\u00f6r breadcrumbs *\/\r\n      .breadcrumbs {\r\n        font-size: 14px;\r\n        margin: 0px 0;\r\n      }\r\n      .breadcrumbs a {\r\n        text-decoration: none;\r\n        color: #666;\r\n      }\r\n      .breadcrumbs a:hover {\r\n        color: #000;\r\n      }\r\n      .breadcrumbs span {\r\n        color: #999;\r\n        margin: 0 5px;\r\n      }\r\n      .breadcrumbs span:last-child {\r\n        margin-right: 0;\r\n      }\r\n      \r\n      \/* CSS-kod f\u00f6r typsnitt *\/\r\n      body \r\n\t  \r\n\t  {\r\n        font-family: Libre Franklin, sans-serif;\r\n      }\r\n      \r\n\t  h1 \r\n\t  \r\n\t  {\r\n        font-family: \"Times New Roman\", serif;\r\n      }\r\n\r\n      \/* \u00d6vrig CSS-kod *\/\r\n      \r\n\t  p \r\n\t  {\r\n        font-size: 16px;\r\n        line-height: 1.5;\r\n        color: #333;\r\n      }\r\n     \r\n      a:hover \r\n\t  {\r\n        text-decoration: underline;\r\n      }\r\n\t  \r\n    <\/style>\r\n  <\/head>\r\n  <body>\r\n    <!-- Breadcrumbs -->\r\n    <div class=\"breadcrumbs\">\r\n      <a href=\"https:\/\/www.magntec.se\/\">Hem<\/a>\r\n      <span>>><\/span>\r\n      <a href=\"https:\/\/magntec.se\/index.php\/foredragshallare\/\">Presentationer<\/a>\r\n      <span>>><\/span>\r\n      <a href=\"https:\/\/magntec.se\/index.php\/foretagande\/\">F\u00f6retagande<\/a>\r\n      <span><\/span>  \r\n    <\/div>\r\n  <\/body>\r\n<\/html>\t\t<\/div>\n\t\t\t\t<\/div>\n\t\t\t\t\t<\/div>\n\t\t\t\t<\/div>\n\t\t<div class=\"elementor-element elementor-element-1d5a6b9f e-flex e-con-boxed e-con e-parent\" data-id=\"1d5a6b9f\" data-element_type=\"container\">\n\t\t\t\t\t<div class=\"e-con-inner\">\n\t\t<div class=\"elementor-element elementor-element-74b5290d e-con-full e-flex e-con e-child\" data-id=\"74b5290d\" data-element_type=\"container\">\n\t\t\t\t<div class=\"elementor-element elementor-element-7bc51153 elementor-widget elementor-widget-image\" data-id=\"7bc51153\" data-element_type=\"widget\" data-widget_type=\"image.default\">\n\t\t\t\t<div class=\"elementor-widget-container\">\n\t\t\t<style>\/*! elementor - v3.22.0 - 26-06-2024 *\/\n.elementor-widget-image{text-align:center}.elementor-widget-image a{display:inline-block}.elementor-widget-image a img[src$=\".svg\"]{width:48px}.elementor-widget-image img{vertical-align:middle;display:inline-block}<\/style>\t\t\t\t\t\t\t\t\t\t<img fetchpriority=\"high\" decoding=\"async\" width=\"520\" height=\"356\" src=\"https:\/\/magntec.se\/wp-content\/uploads\/2024\/06\/Skarmklipp.png\" class=\"attachment-large size-large wp-image-632\" alt=\"\" srcset=\"https:\/\/magntec.se\/wp-content\/uploads\/2024\/06\/Skarmklipp.png 520w, https:\/\/magntec.se\/wp-content\/uploads\/2024\/06\/Skarmklipp-300x205.png 300w\" sizes=\"(max-width: 520px) 100vw, 520px\" \/>\t\t\t\t\t\t\t\t\t\t\t\t\t<\/div>\n\t\t\t\t<\/div>\n\t\t\t\t<\/div>\n\t\t<div class=\"elementor-element elementor-element-4dcc8c4e e-con-full e-flex e-con e-child\" data-id=\"4dcc8c4e\" data-element_type=\"container\">\n\t\t\t\t<div class=\"elementor-element elementor-element-259a1fe9 elementor-widget elementor-widget-text-editor\" data-id=\"259a1fe9\" data-element_type=\"widget\" data-widget_type=\"text-editor.default\">\n\t\t\t\t<div class=\"elementor-widget-container\">\n\t\t\t<style>\/*! elementor - v3.22.0 - 26-06-2024 *\/\n.elementor-widget-text-editor.elementor-drop-cap-view-stacked .elementor-drop-cap{background-color:#69727d;color:#fff}.elementor-widget-text-editor.elementor-drop-cap-view-framed .elementor-drop-cap{color:#69727d;border:3px solid;background-color:transparent}.elementor-widget-text-editor:not(.elementor-drop-cap-view-default) .elementor-drop-cap{margin-top:8px}.elementor-widget-text-editor:not(.elementor-drop-cap-view-default) .elementor-drop-cap-letter{width:1em;height:1em}.elementor-widget-text-editor .elementor-drop-cap{float:left;text-align:center;line-height:1;font-size:50px}.elementor-widget-text-editor .elementor-drop-cap-letter{display:inline-block}<\/style>\t\t\t\t<h4>Vad inneb\u00e4r det att vara entrepren\u00f6r och egen f\u00f6retagare ?<\/h4><p>I den h\u00e4r f\u00f6rel\u00e4sningen ger jag min version p\u00e5 hur det \u00e4r att vara f\u00f6retagare.<br \/>Mitt f\u00f6rsta &#8221;f\u00f6retag&#8221; startade jag i 11 \u00e5rs-\u00e5ldern d\u00e4r tanken var att investera i en gr\u00e4sklippartraktor och s\u00e4lja tr\u00e4dg\u00e5rdstj\u00e4nster.<br \/>1990 startade jag sedan mitt f\u00f6rsta riktiga f\u00f6retag, sedan dess har jag drivit f\u00f6retag p\u00e5 heltid, deltid eller bara som hobbyverksamhet.<br \/><br \/>Med en blandning av anekdoter, exempel fr\u00e5n lyckade och mindre lyckade satsningar, f\u00e4llor man kan ramla ner i och skurkar man kan r\u00e5ka ut f\u00f6r s\u00e5 beskriver jag min f\u00f6retagsresa s\u00e5 h\u00e4r l\u00e5ngt.<br \/>Ni kommer att f\u00e5 h\u00f6ra om skogstraktorer, min f\u00f6rsta mobiltelefon, att arbeta med en arm f\u00f6rlamad av en jordgeting, utveckling av produkter som ingen vill ha till berikande styrelsearbeten, m\u00e4nniskom\u00f6ten och fantastiska m\u00f6ten d\u00e4r m\u00e4nniskor verkligen har lyst upp och blivit helt f\u00f6r\u00e4ndrade och laddade med s\u00e5 mycket energi.<br \/><br \/>M\u00e5let med f\u00f6rel\u00e4sningen \u00e4r att v\u00e4cka intresse f\u00f6r att driva f\u00f6retag, f\u00f6rst\u00e5 hur viktigt det \u00e4r att se till s\u00e5 man har en marknadsunders\u00f6kning som h\u00e5ller, har gjort en bra budget s\u00e5 man vet att man har likviditet och framf\u00f6rallt att man g\u00f6r n\u00e5got man brinner f\u00f6r och har roligt p\u00e5 v\u00e4gen.<br \/><br \/>F\u00f6rel\u00e4sningen passar alla, fr\u00e5n de som kan t\u00e4nka sig att start i ett f\u00f6retag eller p\u00e5 n\u00e5got annat s\u00e4tt vill f\u00e5 lite inspiration i sitt arbete.<\/p>\t\t\t\t\t\t<\/div>\n\t\t\t\t<\/div>\n\t\t\t\t<\/div>\n\t\t\t\t\t<\/div>\n\t\t\t\t<\/div>\n\t\t<div class=\"elementor-element elementor-element-3988bd62 e-flex e-con-boxed e-con e-parent\" data-id=\"3988bd62\" data-element_type=\"container\">\n\t\t\t\t\t<div class=\"e-con-inner\">\n\t\t\t\t<div class=\"elementor-element elementor-element-c0e5c75 elementor-widget elementor-widget-spacer\" data-id=\"c0e5c75\" data-element_type=\"widget\" data-widget_type=\"spacer.default\">\n\t\t\t\t<div class=\"elementor-widget-container\">\n\t\t\t<style>\/*! elementor - v3.22.0 - 26-06-2024 *\/\n.elementor-column .elementor-spacer-inner{height:var(--spacer-size)}.e-con{--container-widget-width:100%}.e-con-inner>.elementor-widget-spacer,.e-con>.elementor-widget-spacer{width:var(--container-widget-width,var(--spacer-size));--align-self:var(--container-widget-align-self,initial);--flex-shrink:0}.e-con-inner>.elementor-widget-spacer>.elementor-widget-container,.e-con>.elementor-widget-spacer>.elementor-widget-container{height:100%;width:100%}.e-con-inner>.elementor-widget-spacer>.elementor-widget-container>.elementor-spacer,.e-con>.elementor-widget-spacer>.elementor-widget-container>.elementor-spacer{height:100%}.e-con-inner>.elementor-widget-spacer>.elementor-widget-container>.elementor-spacer>.elementor-spacer-inner,.e-con>.elementor-widget-spacer>.elementor-widget-container>.elementor-spacer>.elementor-spacer-inner{height:var(--container-widget-height,var(--spacer-size))}.e-con-inner>.elementor-widget-spacer.elementor-widget-empty,.e-con>.elementor-widget-spacer.elementor-widget-empty{position:relative;min-height:22px;min-width:22px}.e-con-inner>.elementor-widget-spacer.elementor-widget-empty .elementor-widget-empty-icon,.e-con>.elementor-widget-spacer.elementor-widget-empty .elementor-widget-empty-icon{position:absolute;top:0;bottom:0;left:0;right:0;margin:auto;padding:0;width:22px;height:22px}<\/style>\t\t<div class=\"elementor-spacer\">\n\t\t\t<div class=\"elementor-spacer-inner\"><\/div>\n\t\t<\/div>\n\t\t\t\t<\/div>\n\t\t\t\t<\/div>\n\t\t\t\t\t<\/div>\n\t\t\t\t<\/div>\n\t\t\t\t<\/div>\n\t\t","protected":false},"excerpt":{"rendered":"<p>F\u00f6retagande Min hemsida Hem >> Presentationer >> F\u00f6retagande Vad inneb\u00e4r det att vara entrepren\u00f6r och egen f\u00f6retagare ? I den h\u00e4r f\u00f6rel\u00e4sningen ger jag min version p\u00e5 hur det \u00e4r att vara f\u00f6retagare.Mitt f\u00f6rsta &#8221;f\u00f6retag&#8221; startade jag i 11 \u00e5rs-\u00e5ldern d\u00e4r tanken var att investera i en gr\u00e4sklippartraktor och s\u00e4lja tr\u00e4dg\u00e5rdstj\u00e4nster.1990 startade jag sedan mitt [&hellip;]<\/p>\n","protected":false},"author":3,"featured_media":0,"parent":0,"menu_order":0,"comment_status":"closed","ping_status":"closed","template":"","meta":{"footnotes":""},"class_list":["post-1070","page","type-page","status-publish","hentry"],"yoast_head":"<!-- This site is optimized with the Yoast SEO plugin v22.9 - https:\/\/yoast.com\/wordpress\/plugins\/seo\/ -->\n<title>F\u00f6retagande - Magntec<\/title>\n<meta name=\"robots\" content=\"index, follow, max-snippet:-1, max-image-preview:large, max-video-preview:-1\" \/>\n<link rel=\"canonical\" href=\"https:\/\/magntec.se\/index.php\/foretagande\/\" \/>\n<meta property=\"og:locale\" content=\"sv_SE\" \/>\n<meta property=\"og:type\" content=\"article\" \/>\n<meta property=\"og:title\" content=\"F\u00f6retagande - Magntec\" \/>\n<meta property=\"og:description\" content=\"F\u00f6retagande Min hemsida Hem &gt;&gt; Presentationer &gt;&gt; F\u00f6retagande Vad inneb\u00e4r det att vara entrepren\u00f6r och egen f\u00f6retagare ? I den h\u00e4r f\u00f6rel\u00e4sningen ger jag min version p\u00e5 hur det \u00e4r att vara f\u00f6retagare.Mitt f\u00f6rsta &#8221;f\u00f6retag&#8221; startade jag i 11 \u00e5rs-\u00e5ldern d\u00e4r tanken var att investera i en gr\u00e4sklippartraktor och s\u00e4lja tr\u00e4dg\u00e5rdstj\u00e4nster.1990 startade jag sedan mitt [&hellip;]\" \/>\n<meta property=\"og:url\" content=\"https:\/\/magntec.se\/index.php\/foretagande\/\" \/>\n<meta property=\"og:site_name\" content=\"Magntec\" \/>\n<meta property=\"article:modified_time\" content=\"2024-06-28T07:50:17+00:00\" \/>\n<meta property=\"og:image\" content=\"https:\/\/magntec.se\/wp-content\/uploads\/2024\/06\/Skarmklipp.png\" \/>\n<meta name=\"twitter:card\" content=\"summary_large_image\" \/>\n<meta name=\"twitter:label1\" content=\"Ber\u00e4knad l\u00e4stid\" \/>\n\t<meta name=\"twitter:data1\" content=\"2 minuter\" \/>\n<script type=\"application\/ld+json\" class=\"yoast-schema-graph\">{\"@context\":\"https:\/\/schema.org\",\"@graph\":[{\"@type\":\"WebPage\",\"@id\":\"https:\/\/magntec.se\/index.php\/foretagande\/\",\"url\":\"https:\/\/magntec.se\/index.php\/foretagande\/\",\"name\":\"F\u00f6retagande - Magntec\",\"isPartOf\":{\"@id\":\"https:\/\/magntec.se\/#website\"},\"primaryImageOfPage\":{\"@id\":\"https:\/\/magntec.se\/index.php\/foretagande\/#primaryimage\"},\"image\":{\"@id\":\"https:\/\/magntec.se\/index.php\/foretagande\/#primaryimage\"},\"thumbnailUrl\":\"https:\/\/magntec.se\/wp-content\/uploads\/2024\/06\/Skarmklipp.png\",\"datePublished\":\"2024-06-19T13:35:16+00:00\",\"dateModified\":\"2024-06-28T07:50:17+00:00\",\"breadcrumb\":{\"@id\":\"https:\/\/magntec.se\/index.php\/foretagande\/#breadcrumb\"},\"inLanguage\":\"sv-SE\",\"potentialAction\":[{\"@type\":\"ReadAction\",\"target\":[\"https:\/\/magntec.se\/index.php\/foretagande\/\"]}]},{\"@type\":\"ImageObject\",\"inLanguage\":\"sv-SE\",\"@id\":\"https:\/\/magntec.se\/index.php\/foretagande\/#primaryimage\",\"url\":\"https:\/\/magntec.se\/wp-content\/uploads\/2024\/06\/Skarmklipp.png\",\"contentUrl\":\"https:\/\/magntec.se\/wp-content\/uploads\/2024\/06\/Skarmklipp.png\",\"width\":520,\"height\":356},{\"@type\":\"BreadcrumbList\",\"@id\":\"https:\/\/magntec.se\/index.php\/foretagande\/#breadcrumb\",\"itemListElement\":[{\"@type\":\"ListItem\",\"position\":1,\"name\":\"Hem\",\"item\":\"https:\/\/magntec.se\/\"},{\"@type\":\"ListItem\",\"position\":2,\"name\":\"F\u00f6retagande\"}]},{\"@type\":\"WebSite\",\"@id\":\"https:\/\/magntec.se\/#website\",\"url\":\"https:\/\/magntec.se\/\",\"name\":\"Magntec\",\"description\":\"\",\"publisher\":{\"@id\":\"https:\/\/magntec.se\/#organization\"},\"potentialAction\":[{\"@type\":\"SearchAction\",\"target\":{\"@type\":\"EntryPoint\",\"urlTemplate\":\"https:\/\/magntec.se\/?s={search_term_string}\"},\"query-input\":\"required name=search_term_string\"}],\"inLanguage\":\"sv-SE\"},{\"@type\":\"Organization\",\"@id\":\"https:\/\/magntec.se\/#organization\",\"name\":\"Magntec\",\"url\":\"https:\/\/magntec.se\/\",\"logo\":{\"@type\":\"ImageObject\",\"inLanguage\":\"sv-SE\",\"@id\":\"https:\/\/magntec.se\/#\/schema\/logo\/image\/\",\"url\":\"https:\/\/magntec.se\/wp-content\/uploads\/2023\/10\/Magntec-horisontal.png\",\"contentUrl\":\"https:\/\/magntec.se\/wp-content\/uploads\/2023\/10\/Magntec-horisontal.png\",\"width\":3939,\"height\":644,\"caption\":\"Magntec\"},\"image\":{\"@id\":\"https:\/\/magntec.se\/#\/schema\/logo\/image\/\"}}]}<\/script>\n<!-- \/ Yoast SEO plugin. -->","yoast_head_json":{"title":"F\u00f6retagande - Magntec","robots":{"index":"index","follow":"follow","max-snippet":"max-snippet:-1","max-image-preview":"max-image-preview:large","max-video-preview":"max-video-preview:-1"},"canonical":"https:\/\/magntec.se\/index.php\/foretagande\/","og_locale":"sv_SE","og_type":"article","og_title":"F\u00f6retagande - Magntec","og_description":"F\u00f6retagande Min hemsida Hem >> Presentationer >> F\u00f6retagande Vad inneb\u00e4r det att vara entrepren\u00f6r och egen f\u00f6retagare ? I den h\u00e4r f\u00f6rel\u00e4sningen ger jag min version p\u00e5 hur det \u00e4r att vara f\u00f6retagare.Mitt f\u00f6rsta &#8221;f\u00f6retag&#8221; startade jag i 11 \u00e5rs-\u00e5ldern d\u00e4r tanken var att investera i en gr\u00e4sklippartraktor och s\u00e4lja tr\u00e4dg\u00e5rdstj\u00e4nster.1990 startade jag sedan mitt [&hellip;]","og_url":"https:\/\/magntec.se\/index.php\/foretagande\/","og_site_name":"Magntec","article_modified_time":"2024-06-28T07:50:17+00:00","og_image":[{"url":"https:\/\/magntec.se\/wp-content\/uploads\/2024\/06\/Skarmklipp.png"}],"twitter_card":"summary_large_image","twitter_misc":{"Ber\u00e4knad l\u00e4stid":"2 minuter"},"schema":{"@context":"https:\/\/schema.org","@graph":[{"@type":"WebPage","@id":"https:\/\/magntec.se\/index.php\/foretagande\/","url":"https:\/\/magntec.se\/index.php\/foretagande\/","name":"F\u00f6retagande - Magntec","isPartOf":{"@id":"https:\/\/magntec.se\/#website"},"primaryImageOfPage":{"@id":"https:\/\/magntec.se\/index.php\/foretagande\/#primaryimage"},"image":{"@id":"https:\/\/magntec.se\/index.php\/foretagande\/#primaryimage"},"thumbnailUrl":"https:\/\/magntec.se\/wp-content\/uploads\/2024\/06\/Skarmklipp.png","datePublished":"2024-06-19T13:35:16+00:00","dateModified":"2024-06-28T07:50:17+00:00","breadcrumb":{"@id":"https:\/\/magntec.se\/index.php\/foretagande\/#breadcrumb"},"inLanguage":"sv-SE","potentialAction":[{"@type":"ReadAction","target":["https:\/\/magntec.se\/index.php\/foretagande\/"]}]},{"@type":"ImageObject","inLanguage":"sv-SE","@id":"https:\/\/magntec.se\/index.php\/foretagande\/#primaryimage","url":"https:\/\/magntec.se\/wp-content\/uploads\/2024\/06\/Skarmklipp.png","contentUrl":"https:\/\/magntec.se\/wp-content\/uploads\/2024\/06\/Skarmklipp.png","width":520,"height":356},{"@type":"BreadcrumbList","@id":"https:\/\/magntec.se\/index.php\/foretagande\/#breadcrumb","itemListElement":[{"@type":"ListItem","position":1,"name":"Hem","item":"https:\/\/magntec.se\/"},{"@type":"ListItem","position":2,"name":"F\u00f6retagande"}]},{"@type":"WebSite","@id":"https:\/\/magntec.se\/#website","url":"https:\/\/magntec.se\/","name":"Magntec","description":"","publisher":{"@id":"https:\/\/magntec.se\/#organization"},"potentialAction":[{"@type":"SearchAction","target":{"@type":"EntryPoint","urlTemplate":"https:\/\/magntec.se\/?s={search_term_string}"},"query-input":"required name=search_term_string"}],"inLanguage":"sv-SE"},{"@type":"Organization","@id":"https:\/\/magntec.se\/#organization","name":"Magntec","url":"https:\/\/magntec.se\/","logo":{"@type":"ImageObject","inLanguage":"sv-SE","@id":"https:\/\/magntec.se\/#\/schema\/logo\/image\/","url":"https:\/\/magntec.se\/wp-content\/uploads\/2023\/10\/Magntec-horisontal.png","contentUrl":"https:\/\/magntec.se\/wp-content\/uploads\/2023\/10\/Magntec-horisontal.png","width":3939,"height":644,"caption":"Magntec"},"image":{"@id":"https:\/\/magntec.se\/#\/schema\/logo\/image\/"}}]}},"_links":{"self":[{"href":"https:\/\/magntec.se\/index.php\/wp-json\/wp\/v2\/pages\/1070","targetHints":{"allow":["GET"]}}],"collection":[{"href":"https:\/\/magntec.se\/index.php\/wp-json\/wp\/v2\/pages"}],"about":[{"href":"https:\/\/magntec.se\/index.php\/wp-json\/wp\/v2\/types\/page"}],"author":[{"embeddable":true,"href":"https:\/\/magntec.se\/index.php\/wp-json\/wp\/v2\/users\/3"}],"replies":[{"embeddable":true,"href":"https:\/\/magntec.se\/index.php\/wp-json\/wp\/v2\/comments?post=1070"}],"version-history":[{"count":14,"href":"https:\/\/magntec.se\/index.php\/wp-json\/wp\/v2\/pages\/1070\/revisions"}],"predecessor-version":[{"id":1244,"href":"https:\/\/magntec.se\/index.php\/wp-json\/wp\/v2\/pages\/1070\/revisions\/1244"}],"wp:attachment":[{"href":"https:\/\/magntec.se\/index.php\/wp-json\/wp\/v2\/media?parent=1070"}],"curies":[{"name":"wp","href":"https:\/\/api.w.org\/{rel}","templated":true}]}}