{"id":16,"date":"2023-10-17T12:36:48","date_gmt":"2023-10-17T12:36:48","guid":{"rendered":"https:\/\/magntec.se\/index.php\/contact-us\/"},"modified":"2024-06-19T09:38:03","modified_gmt":"2024-06-19T09:38:03","slug":"machine-vision-2","status":"publish","type":"page","link":"https:\/\/magntec.se\/index.php\/machine-vision-2\/","title":{"rendered":"Machine Vision"},"content":{"rendered":"\t\t<div data-elementor-type=\"wp-page\" data-elementor-id=\"16\" class=\"elementor elementor-16\">\n\t\t\t\t<div class=\"elementor-element elementor-element-283aaa3b e-flex e-con-boxed e-con e-parent\" data-id=\"283aaa3b\" data-element_type=\"container\" data-settings=\"{&quot;background_background&quot;:&quot;slideshow&quot;,&quot;background_slideshow_gallery&quot;:[{&quot;id&quot;:133,&quot;url&quot;:&quot;https:\\\/\\\/magntec.se\\\/wp-content\\\/uploads\\\/2023\\\/10\\\/magntec_machine-vision_2560x1607.jpg&quot;}],&quot;background_slideshow_loop&quot;:&quot;yes&quot;,&quot;background_slideshow_slide_duration&quot;:5000,&quot;background_slideshow_slide_transition&quot;:&quot;fade&quot;,&quot;background_slideshow_transition_duration&quot;:500}\">\n\t\t\t\t\t<div class=\"e-con-inner\">\n\t\t\t\t<div class=\"elementor-element elementor-element-e1d1cd0 elementor-widget elementor-widget-heading\" data-id=\"e1d1cd0\" data-element_type=\"widget\" data-widget_type=\"heading.default\">\n\t\t\t\t<div class=\"elementor-widget-container\">\n\t\t\t<style>\/*! elementor - v3.22.0 - 26-06-2024 *\/\n.elementor-heading-title{padding:0;margin:0;line-height:1}.elementor-widget-heading .elementor-heading-title[class*=elementor-size-]>a{color:inherit;font-size:inherit;line-height:inherit}.elementor-widget-heading .elementor-heading-title.elementor-size-small{font-size:15px}.elementor-widget-heading .elementor-heading-title.elementor-size-medium{font-size:19px}.elementor-widget-heading .elementor-heading-title.elementor-size-large{font-size:29px}.elementor-widget-heading .elementor-heading-title.elementor-size-xl{font-size:39px}.elementor-widget-heading .elementor-heading-title.elementor-size-xxl{font-size:59px}<\/style><h2 class=\"elementor-heading-title elementor-size-xxl\">Machine Vision<\/h2>\t\t<\/div>\n\t\t\t\t<\/div>\n\t\t\t\t\t<\/div>\n\t\t\t\t<\/div>\n\t\t<div class=\"elementor-element elementor-element-2649d709 e-flex e-con-boxed e-con e-parent\" data-id=\"2649d709\" data-element_type=\"container\" data-settings=\"{&quot;background_background&quot;:&quot;slideshow&quot;,&quot;background_slideshow_gallery&quot;:[],&quot;background_slideshow_loop&quot;:&quot;yes&quot;,&quot;background_slideshow_slide_duration&quot;:5000,&quot;background_slideshow_slide_transition&quot;:&quot;fade&quot;,&quot;background_slideshow_transition_duration&quot;:500}\">\n\t\t\t\t\t<div class=\"e-con-inner\">\n\t\t\t\t<div class=\"elementor-element elementor-element-3b23d43b elementor-widget elementor-widget-html\" data-id=\"3b23d43b\" data-element_type=\"widget\" data-widget_type=\"html.default\">\n\t\t\t\t<div class=\"elementor-widget-container\">\n\t\t\t<!DOCTYPE html>\r\n<html>\r\n  <head>\r\n    <title>Min hemsida<\/title>\r\n    <style>\r\n      \/* CSS-kod f\u00f6r breadcrumbs *\/\r\n      .breadcrumbs {\r\n        font-size: 14px;\r\n        margin: 0px 0;\r\n      }\r\n      .breadcrumbs a {\r\n        text-decoration: none;\r\n        color: #666;\r\n      }\r\n      .breadcrumbs a:hover {\r\n        color: #000;\r\n      }\r\n      .breadcrumbs span {\r\n        color: #999;\r\n        margin: 0 5px;\r\n      }\r\n      .breadcrumbs span:last-child {\r\n        margin-right: 0;\r\n      }\r\n      \r\n      \/* CSS-kod f\u00f6r typsnitt *\/\r\n      body \r\n\t  \r\n\t  {\r\n        font-family: Libre Franklin, sans-serif;\r\n      }\r\n      \r\n\t  h1 \r\n\t  \r\n\t  {\r\n        font-family: \"Times New Roman\", serif;\r\n      }\r\n\r\n      \/* \u00d6vrig CSS-kod *\/\r\n      \r\n\t  p \r\n\t  {\r\n        font-size: 16px;\r\n        line-height: 1.5;\r\n        color: #333;\r\n      }\r\n     \r\n      a:hover \r\n\t  {\r\n        text-decoration: underline;\r\n      }\r\n\t  \r\n    <\/style>\r\n  <\/head>\r\n  <body>\r\n    <!-- Breadcrumbs -->\r\n    <div class=\"breadcrumbs\">\r\n      <a href=\"https:\/\/www.magntec.se\/\">Hem<\/a>\r\n      <span>>><\/span>\r\n      <a href=\"https:\/\/magntec.se\/index.php\/vart-erbjudande\/\">V\u00e5rt Erbjudande<\/a>\r\n      <span>>><\/span>\r\n      <a href=\"https:\/\/magntec.se\/index.php\/machine-vision\/\">Machine Vision<\/a>\r\n      <span><\/span>  \r\n    <\/div>\r\n  <\/body>\r\n<\/html>\t\t<\/div>\n\t\t\t\t<\/div>\n\t\t\t\t\t<\/div>\n\t\t\t\t<\/div>\n\t\t<div class=\"elementor-element elementor-element-3b7a23bd e-flex e-con-boxed e-con e-parent\" data-id=\"3b7a23bd\" data-element_type=\"container\">\n\t\t\t\t\t<div class=\"e-con-inner\">\n\t\t<div class=\"elementor-element elementor-element-3767cba4 e-con-full e-flex e-con e-child\" data-id=\"3767cba4\" data-element_type=\"container\">\n\t\t\t\t<div class=\"elementor-element elementor-element-63560671 elementor-widget elementor-widget-image\" data-id=\"63560671\" data-element_type=\"widget\" data-widget_type=\"image.default\">\n\t\t\t\t<div class=\"elementor-widget-container\">\n\t\t\t<style>\/*! elementor - v3.22.0 - 26-06-2024 *\/\n.elementor-widget-image{text-align:center}.elementor-widget-image a{display:inline-block}.elementor-widget-image a img[src$=\".svg\"]{width:48px}.elementor-widget-image img{vertical-align:middle;display:inline-block}<\/style>\t\t\t\t\t\t\t\t\t\t<img decoding=\"async\" width=\"72\" height=\"72\" src=\"https:\/\/magntec.se\/wp-content\/uploads\/2023\/10\/prick-03.png\" class=\"attachment-large size-large wp-image-149\" alt=\"\" \/>\t\t\t\t\t\t\t\t\t\t\t\t\t<\/div>\n\t\t\t\t<\/div>\n\t\t\t\t<\/div>\n\t\t<div class=\"elementor-element elementor-element-3a62cb36 e-con-full e-flex e-con e-child\" data-id=\"3a62cb36\" data-element_type=\"container\">\n\t\t\t\t<div class=\"elementor-element elementor-element-7e584e10 elementor-widget elementor-widget-heading\" data-id=\"7e584e10\" data-element_type=\"widget\" data-widget_type=\"heading.default\">\n\t\t\t\t<div class=\"elementor-widget-container\">\n\t\t\t<h2 class=\"elementor-heading-title elementor-size-default\">Machine Vision<\/h2>\t\t<\/div>\n\t\t\t\t<\/div>\n\t\t\t\t<\/div>\n\t\t\t\t\t<\/div>\n\t\t\t\t<\/div>\n\t\t<div class=\"elementor-element elementor-element-4b6be77 e-flex e-con-boxed e-con e-parent\" data-id=\"4b6be77\" data-element_type=\"container\">\n\t\t\t\t\t<div class=\"e-con-inner\">\n\t\t\t\t<div class=\"elementor-element elementor-element-d9f4608 elementor-widget elementor-widget-text-editor\" data-id=\"d9f4608\" data-element_type=\"widget\" data-widget_type=\"text-editor.default\">\n\t\t\t\t<div class=\"elementor-widget-container\">\n\t\t\t<style>\/*! elementor - v3.22.0 - 26-06-2024 *\/\n.elementor-widget-text-editor.elementor-drop-cap-view-stacked .elementor-drop-cap{background-color:#69727d;color:#fff}.elementor-widget-text-editor.elementor-drop-cap-view-framed .elementor-drop-cap{color:#69727d;border:3px solid;background-color:transparent}.elementor-widget-text-editor:not(.elementor-drop-cap-view-default) .elementor-drop-cap{margin-top:8px}.elementor-widget-text-editor:not(.elementor-drop-cap-view-default) .elementor-drop-cap-letter{width:1em;height:1em}.elementor-widget-text-editor .elementor-drop-cap{float:left;text-align:center;line-height:1;font-size:50px}.elementor-widget-text-editor .elementor-drop-cap-letter{display:inline-block}<\/style>\t\t\t\t<p>Machine vision \u00e4r en teknik som kan anv\u00e4ndas till m\u00e4ngder av olika applikationer, \u00f6verallt d\u00e4r man beh\u00f6ver ett extra par \u00f6gon som dessutom kan m\u00e4ta avst\u00e5nd, vinklar och storlek kan Machine vision appliceras.<br \/>Men det \u00e4r inte begr\u00e4nsat av ljus, h\u00e4r kan man anv\u00e4nda IR, m\u00f6rkerkameror, laser, lidar ja i princip alla typer av sensorer kan anv\u00e4ndas och sedan skapa en objekt identifiering.<br \/>Magntec hj\u00e4lper ditt f\u00f6retag att kartl\u00e4gga m\u00f6jligheterna och utveckla tekniken f\u00f6r att st\u00e4rka er konkurrenskraft med hj\u00e4lp av den nya tekniken och skapa en road map f\u00f6r att f\u00e5 en logisk f\u00f6ljd p\u00e5 utvecklingen av tekniken.\u00a0<br \/><br \/>Machine vision \u00e4r ocks\u00e5 en viktig komponent i den autonoma produkten. F\u00f6r att systemet ska ha m\u00f6jlighet att tolka informationen r\u00e4tt beh\u00f6ver den f\u00e5 bilder att tolka. En bild kan se ut p\u00e5 olika s\u00e4tt beroende av vad som ska tolkas in. Det kan vara allt fr\u00e5n en konventionell kamera till v\u00e4rmekamera, laser, lidar eller ultraljud som sedan tolkas i systemet.<br \/>\u200bH\u00e4r erbjuder Magntec kunskaper i utvecklingen av projektet att identifiera vilken eller vilka typer av l\u00f6sningar f\u00f6r Machine Vision som l\u00e4mpar sig b\u00e4st f\u00f6r produkten och dess anv\u00e4ndningsomr\u00e5den. Om det exempelvis \u00e4r ett plogblad p\u00e5 en lastbil som sn\u00f6r\u00f6jer motorv\u00e4gar r\u00e4cker det inte med en vanlig kamera f\u00f6r att h\u00e5lla koll p\u00e5 v\u00e4gr\u00e4cken mm. H\u00e4r kr\u00e4vs det n\u00e5got som kan \u201dse\u201d genom sn\u00f6 f\u00f6r att i god tid uppt\u00e4cka ett hinder som g\u00f6r att sn\u00f6bladet flyttar sig.\u00a0<\/p><p>\u00a0<\/p>\t\t\t\t\t\t<\/div>\n\t\t\t\t<\/div>\n\t\t\t\t\t<\/div>\n\t\t\t\t<\/div>\n\t\t\t\t<\/div>\n\t\t","protected":false},"excerpt":{"rendered":"<p>Machine Vision Min hemsida Hem >> V\u00e5rt Erbjudande >> Machine Vision Machine Vision Machine vision \u00e4r en teknik som kan anv\u00e4ndas till m\u00e4ngder av olika applikationer, \u00f6verallt d\u00e4r man beh\u00f6ver ett extra par \u00f6gon som dessutom kan m\u00e4ta avst\u00e5nd, vinklar och storlek kan Machine vision appliceras.Men det \u00e4r inte begr\u00e4nsat av ljus, h\u00e4r kan man [&hellip;]<\/p>\n","protected":false},"author":1,"featured_media":0,"parent":0,"menu_order":0,"comment_status":"closed","ping_status":"closed","template":"","meta":{"footnotes":""},"class_list":["post-16","page","type-page","status-publish","hentry"],"yoast_head":"<!-- This site is optimized with the Yoast SEO plugin v22.9 - https:\/\/yoast.com\/wordpress\/plugins\/seo\/ -->\n<title>Machine Vision - Magntec<\/title>\n<meta name=\"robots\" content=\"index, follow, max-snippet:-1, max-image-preview:large, max-video-preview:-1\" \/>\n<link rel=\"canonical\" href=\"https:\/\/magntec.se\/index.php\/machine-vision-2\/\" \/>\n<meta property=\"og:locale\" content=\"sv_SE\" \/>\n<meta property=\"og:type\" content=\"article\" \/>\n<meta property=\"og:title\" content=\"Machine Vision - Magntec\" \/>\n<meta property=\"og:description\" content=\"Machine Vision Min hemsida Hem &gt;&gt; V\u00e5rt Erbjudande &gt;&gt; Machine Vision Machine Vision Machine vision \u00e4r en teknik som kan anv\u00e4ndas till m\u00e4ngder av olika applikationer, \u00f6verallt d\u00e4r man beh\u00f6ver ett extra par \u00f6gon som dessutom kan m\u00e4ta avst\u00e5nd, vinklar och storlek kan Machine vision appliceras.Men det \u00e4r inte begr\u00e4nsat av ljus, h\u00e4r kan man [&hellip;]\" \/>\n<meta property=\"og:url\" content=\"https:\/\/magntec.se\/index.php\/machine-vision-2\/\" \/>\n<meta property=\"og:site_name\" content=\"Magntec\" \/>\n<meta property=\"article:modified_time\" content=\"2024-06-19T09:38:03+00:00\" \/>\n<meta property=\"og:image\" content=\"https:\/\/magntec.se\/wp-content\/uploads\/2023\/10\/prick-03.png\" \/>\n<meta name=\"twitter:card\" content=\"summary_large_image\" \/>\n<meta name=\"twitter:label1\" content=\"Ber\u00e4knad l\u00e4stid\" \/>\n\t<meta name=\"twitter:data1\" content=\"2 minuter\" \/>\n<script type=\"application\/ld+json\" class=\"yoast-schema-graph\">{\"@context\":\"https:\/\/schema.org\",\"@graph\":[{\"@type\":\"WebPage\",\"@id\":\"https:\/\/magntec.se\/index.php\/machine-vision-2\/\",\"url\":\"https:\/\/magntec.se\/index.php\/machine-vision-2\/\",\"name\":\"Machine Vision - Magntec\",\"isPartOf\":{\"@id\":\"https:\/\/magntec.se\/#website\"},\"primaryImageOfPage\":{\"@id\":\"https:\/\/magntec.se\/index.php\/machine-vision-2\/#primaryimage\"},\"image\":{\"@id\":\"https:\/\/magntec.se\/index.php\/machine-vision-2\/#primaryimage\"},\"thumbnailUrl\":\"https:\/\/magntec.se\/wp-content\/uploads\/2023\/10\/prick-03.png\",\"datePublished\":\"2023-10-17T12:36:48+00:00\",\"dateModified\":\"2024-06-19T09:38:03+00:00\",\"breadcrumb\":{\"@id\":\"https:\/\/magntec.se\/index.php\/machine-vision-2\/#breadcrumb\"},\"inLanguage\":\"sv-SE\",\"potentialAction\":[{\"@type\":\"ReadAction\",\"target\":[\"https:\/\/magntec.se\/index.php\/machine-vision-2\/\"]}]},{\"@type\":\"ImageObject\",\"inLanguage\":\"sv-SE\",\"@id\":\"https:\/\/magntec.se\/index.php\/machine-vision-2\/#primaryimage\",\"url\":\"https:\/\/magntec.se\/wp-content\/uploads\/2023\/10\/prick-03.png\",\"contentUrl\":\"https:\/\/magntec.se\/wp-content\/uploads\/2023\/10\/prick-03.png\",\"width\":72,\"height\":72},{\"@type\":\"BreadcrumbList\",\"@id\":\"https:\/\/magntec.se\/index.php\/machine-vision-2\/#breadcrumb\",\"itemListElement\":[{\"@type\":\"ListItem\",\"position\":1,\"name\":\"Hem\",\"item\":\"https:\/\/magntec.se\/\"},{\"@type\":\"ListItem\",\"position\":2,\"name\":\"Machine Vision\"}]},{\"@type\":\"WebSite\",\"@id\":\"https:\/\/magntec.se\/#website\",\"url\":\"https:\/\/magntec.se\/\",\"name\":\"Magntec\",\"description\":\"\",\"publisher\":{\"@id\":\"https:\/\/magntec.se\/#organization\"},\"potentialAction\":[{\"@type\":\"SearchAction\",\"target\":{\"@type\":\"EntryPoint\",\"urlTemplate\":\"https:\/\/magntec.se\/?s={search_term_string}\"},\"query-input\":\"required name=search_term_string\"}],\"inLanguage\":\"sv-SE\"},{\"@type\":\"Organization\",\"@id\":\"https:\/\/magntec.se\/#organization\",\"name\":\"Magntec\",\"url\":\"https:\/\/magntec.se\/\",\"logo\":{\"@type\":\"ImageObject\",\"inLanguage\":\"sv-SE\",\"@id\":\"https:\/\/magntec.se\/#\/schema\/logo\/image\/\",\"url\":\"https:\/\/magntec.se\/wp-content\/uploads\/2023\/10\/Magntec-horisontal.png\",\"contentUrl\":\"https:\/\/magntec.se\/wp-content\/uploads\/2023\/10\/Magntec-horisontal.png\",\"width\":3939,\"height\":644,\"caption\":\"Magntec\"},\"image\":{\"@id\":\"https:\/\/magntec.se\/#\/schema\/logo\/image\/\"}}]}<\/script>\n<!-- \/ Yoast SEO plugin. -->","yoast_head_json":{"title":"Machine Vision - Magntec","robots":{"index":"index","follow":"follow","max-snippet":"max-snippet:-1","max-image-preview":"max-image-preview:large","max-video-preview":"max-video-preview:-1"},"canonical":"https:\/\/magntec.se\/index.php\/machine-vision-2\/","og_locale":"sv_SE","og_type":"article","og_title":"Machine Vision - Magntec","og_description":"Machine Vision Min hemsida Hem >> V\u00e5rt Erbjudande >> Machine Vision Machine Vision Machine vision \u00e4r en teknik som kan anv\u00e4ndas till m\u00e4ngder av olika applikationer, \u00f6verallt d\u00e4r man beh\u00f6ver ett extra par \u00f6gon som dessutom kan m\u00e4ta avst\u00e5nd, vinklar och storlek kan Machine vision appliceras.Men det \u00e4r inte begr\u00e4nsat av ljus, h\u00e4r kan man [&hellip;]","og_url":"https:\/\/magntec.se\/index.php\/machine-vision-2\/","og_site_name":"Magntec","article_modified_time":"2024-06-19T09:38:03+00:00","og_image":[{"url":"https:\/\/magntec.se\/wp-content\/uploads\/2023\/10\/prick-03.png"}],"twitter_card":"summary_large_image","twitter_misc":{"Ber\u00e4knad l\u00e4stid":"2 minuter"},"schema":{"@context":"https:\/\/schema.org","@graph":[{"@type":"WebPage","@id":"https:\/\/magntec.se\/index.php\/machine-vision-2\/","url":"https:\/\/magntec.se\/index.php\/machine-vision-2\/","name":"Machine Vision - Magntec","isPartOf":{"@id":"https:\/\/magntec.se\/#website"},"primaryImageOfPage":{"@id":"https:\/\/magntec.se\/index.php\/machine-vision-2\/#primaryimage"},"image":{"@id":"https:\/\/magntec.se\/index.php\/machine-vision-2\/#primaryimage"},"thumbnailUrl":"https:\/\/magntec.se\/wp-content\/uploads\/2023\/10\/prick-03.png","datePublished":"2023-10-17T12:36:48+00:00","dateModified":"2024-06-19T09:38:03+00:00","breadcrumb":{"@id":"https:\/\/magntec.se\/index.php\/machine-vision-2\/#breadcrumb"},"inLanguage":"sv-SE","potentialAction":[{"@type":"ReadAction","target":["https:\/\/magntec.se\/index.php\/machine-vision-2\/"]}]},{"@type":"ImageObject","inLanguage":"sv-SE","@id":"https:\/\/magntec.se\/index.php\/machine-vision-2\/#primaryimage","url":"https:\/\/magntec.se\/wp-content\/uploads\/2023\/10\/prick-03.png","contentUrl":"https:\/\/magntec.se\/wp-content\/uploads\/2023\/10\/prick-03.png","width":72,"height":72},{"@type":"BreadcrumbList","@id":"https:\/\/magntec.se\/index.php\/machine-vision-2\/#breadcrumb","itemListElement":[{"@type":"ListItem","position":1,"name":"Hem","item":"https:\/\/magntec.se\/"},{"@type":"ListItem","position":2,"name":"Machine Vision"}]},{"@type":"WebSite","@id":"https:\/\/magntec.se\/#website","url":"https:\/\/magntec.se\/","name":"Magntec","description":"","publisher":{"@id":"https:\/\/magntec.se\/#organization"},"potentialAction":[{"@type":"SearchAction","target":{"@type":"EntryPoint","urlTemplate":"https:\/\/magntec.se\/?s={search_term_string}"},"query-input":"required name=search_term_string"}],"inLanguage":"sv-SE"},{"@type":"Organization","@id":"https:\/\/magntec.se\/#organization","name":"Magntec","url":"https:\/\/magntec.se\/","logo":{"@type":"ImageObject","inLanguage":"sv-SE","@id":"https:\/\/magntec.se\/#\/schema\/logo\/image\/","url":"https:\/\/magntec.se\/wp-content\/uploads\/2023\/10\/Magntec-horisontal.png","contentUrl":"https:\/\/magntec.se\/wp-content\/uploads\/2023\/10\/Magntec-horisontal.png","width":3939,"height":644,"caption":"Magntec"},"image":{"@id":"https:\/\/magntec.se\/#\/schema\/logo\/image\/"}}]}},"_links":{"self":[{"href":"https:\/\/magntec.se\/index.php\/wp-json\/wp\/v2\/pages\/16","targetHints":{"allow":["GET"]}}],"collection":[{"href":"https:\/\/magntec.se\/index.php\/wp-json\/wp\/v2\/pages"}],"about":[{"href":"https:\/\/magntec.se\/index.php\/wp-json\/wp\/v2\/types\/page"}],"author":[{"embeddable":true,"href":"https:\/\/magntec.se\/index.php\/wp-json\/wp\/v2\/users\/1"}],"replies":[{"embeddable":true,"href":"https:\/\/magntec.se\/index.php\/wp-json\/wp\/v2\/comments?post=16"}],"version-history":[{"count":16,"href":"https:\/\/magntec.se\/index.php\/wp-json\/wp\/v2\/pages\/16\/revisions"}],"predecessor-version":[{"id":934,"href":"https:\/\/magntec.se\/index.php\/wp-json\/wp\/v2\/pages\/16\/revisions\/934"}],"wp:attachment":[{"href":"https:\/\/magntec.se\/index.php\/wp-json\/wp\/v2\/media?parent=16"}],"curies":[{"name":"wp","href":"https:\/\/api.w.org\/{rel}","templated":true}]}}