{"id":36,"date":"2023-10-17T12:36:55","date_gmt":"2023-10-17T12:36:55","guid":{"rendered":"https:\/\/magntec.se\/index.php\/home\/"},"modified":"2024-06-19T09:27:26","modified_gmt":"2024-06-19T09:27:26","slug":"den-autonoma-produkten","status":"publish","type":"page","link":"https:\/\/magntec.se\/index.php\/den-autonoma-produkten\/","title":{"rendered":"Den autonoma produkten"},"content":{"rendered":"\t\t<div data-elementor-type=\"wp-page\" data-elementor-id=\"36\" class=\"elementor elementor-36\">\n\t\t\t\t<div class=\"elementor-element elementor-element-a05916c e-flex e-con-boxed e-con e-parent\" data-id=\"a05916c\" data-element_type=\"container\" data-settings=\"{&quot;background_background&quot;:&quot;slideshow&quot;,&quot;background_slideshow_gallery&quot;:[{&quot;id&quot;:127,&quot;url&quot;:&quot;https:\\\/\\\/magntec.se\\\/wp-content\\\/uploads\\\/2023\\\/10\\\/magntec_autonomous-products_2560x1607.jpg&quot;}],&quot;background_slideshow_loop&quot;:&quot;yes&quot;,&quot;background_slideshow_slide_duration&quot;:5000,&quot;background_slideshow_slide_transition&quot;:&quot;fade&quot;,&quot;background_slideshow_transition_duration&quot;:500}\">\n\t\t\t\t\t<div class=\"e-con-inner\">\n\t\t\t\t\t<\/div>\n\t\t\t\t<\/div>\n\t\t<div class=\"elementor-element elementor-element-70ec33a e-flex e-con-boxed e-con e-parent\" data-id=\"70ec33a\" data-element_type=\"container\">\n\t\t\t\t\t<div class=\"e-con-inner\">\n\t\t\t\t<div class=\"elementor-element elementor-element-1f09e07 elementor-widget elementor-widget-html\" data-id=\"1f09e07\" data-element_type=\"widget\" data-widget_type=\"html.default\">\n\t\t\t\t<div class=\"elementor-widget-container\">\n\t\t\t<!DOCTYPE html>\r\n<html>\r\n  <head>\r\n    <title>Min hemsida<\/title>\r\n    <style>\r\n      \/* CSS-kod f\u00f6r breadcrumbs *\/\r\n      .breadcrumbs {\r\n        font-size: 14px;\r\n        margin: 0px 0;\r\n      }\r\n      .breadcrumbs a {\r\n        text-decoration: none;\r\n        color: #666;\r\n      }\r\n      .breadcrumbs a:hover {\r\n        color: #000;\r\n      }\r\n      .breadcrumbs span {\r\n        color: #999;\r\n        margin: 0 5px;\r\n      }\r\n      .breadcrumbs span:last-child {\r\n        margin-right: 0;\r\n      }\r\n      \r\n      \/* CSS-kod f\u00f6r typsnitt *\/\r\n      body \r\n\t  \r\n\t  {\r\n        font-family: Libre Franklin, sans-serif;\r\n      }\r\n      \r\n\t  h1 \r\n\t  \r\n\t  {\r\n        font-family: \"Times New Roman\", serif;\r\n      }\r\n\r\n      \/* \u00d6vrig CSS-kod *\/\r\n      \r\n\t  p \r\n\t  {\r\n        font-size: 16px;\r\n        line-height: 1.5;\r\n        color: #333;\r\n      }\r\n     \r\n      a:hover \r\n\t  {\r\n        text-decoration: underline;\r\n      }\r\n\t  \r\n    <\/style>\r\n  <\/head>\r\n  <body>\r\n    <!-- Breadcrumbs -->\r\n    <div class=\"breadcrumbs\">\r\n      <a href=\"https:\/\/www.magntec.se\/\">Hem<\/a>\r\n      <span>>><\/span>\r\n      <a href=\"https:\/\/magntec.se\/index.php\/vart-erbjudande\/\">V\u00e5rt Erbjudande<\/a>\r\n      <span>>><\/span>\r\n      <a href=\"https:\/\/magntec.se\/index.php\/den-autonoma-produkten\/\">Den autonoma produkten<\/a>\r\n      <span><\/span>  \r\n    <\/div>\r\n  <\/body>\r\n<\/html>\t\t<\/div>\n\t\t\t\t<\/div>\n\t\t\t\t\t<\/div>\n\t\t\t\t<\/div>\n\t\t<div class=\"elementor-element elementor-element-36a9aa6 e-flex e-con-boxed e-con e-parent\" data-id=\"36a9aa6\" data-element_type=\"container\">\n\t\t\t\t\t<div class=\"e-con-inner\">\n\t\t<div class=\"elementor-element elementor-element-3b3d449 e-con-full e-flex e-con e-child\" data-id=\"3b3d449\" data-element_type=\"container\">\n\t\t\t\t<div class=\"elementor-element elementor-element-196c59f elementor-widget elementor-widget-image\" data-id=\"196c59f\" data-element_type=\"widget\" data-widget_type=\"image.default\">\n\t\t\t\t<div class=\"elementor-widget-container\">\n\t\t\t<style>\/*! elementor - v3.22.0 - 26-06-2024 *\/\n.elementor-widget-image{text-align:center}.elementor-widget-image a{display:inline-block}.elementor-widget-image a img[src$=\".svg\"]{width:48px}.elementor-widget-image img{vertical-align:middle;display:inline-block}<\/style>\t\t\t\t\t\t\t\t\t\t<img decoding=\"async\" width=\"72\" height=\"72\" src=\"https:\/\/magntec.se\/wp-content\/uploads\/2023\/10\/prick-04.png\" class=\"attachment-large size-large wp-image-150\" alt=\"\" \/>\t\t\t\t\t\t\t\t\t\t\t\t\t<\/div>\n\t\t\t\t<\/div>\n\t\t\t\t<\/div>\n\t\t<div class=\"elementor-element elementor-element-4f2ef28 e-con-full e-flex e-con e-child\" data-id=\"4f2ef28\" data-element_type=\"container\">\n\t\t\t\t<div class=\"elementor-element elementor-element-3fcdf55 elementor-widget elementor-widget-heading\" data-id=\"3fcdf55\" data-element_type=\"widget\" data-widget_type=\"heading.default\">\n\t\t\t\t<div class=\"elementor-widget-container\">\n\t\t\t<style>\/*! elementor - v3.22.0 - 26-06-2024 *\/\n.elementor-heading-title{padding:0;margin:0;line-height:1}.elementor-widget-heading .elementor-heading-title[class*=elementor-size-]>a{color:inherit;font-size:inherit;line-height:inherit}.elementor-widget-heading .elementor-heading-title.elementor-size-small{font-size:15px}.elementor-widget-heading .elementor-heading-title.elementor-size-medium{font-size:19px}.elementor-widget-heading .elementor-heading-title.elementor-size-large{font-size:29px}.elementor-widget-heading .elementor-heading-title.elementor-size-xl{font-size:39px}.elementor-widget-heading .elementor-heading-title.elementor-size-xxl{font-size:59px}<\/style><h2 class=\"elementor-heading-title elementor-size-default\">Den autonoma produkten<\/h2>\t\t<\/div>\n\t\t\t\t<\/div>\n\t\t\t\t<\/div>\n\t\t\t\t\t<\/div>\n\t\t\t\t<\/div>\n\t\t<div class=\"elementor-element elementor-element-bf4104a e-flex e-con-boxed e-con e-parent\" data-id=\"bf4104a\" data-element_type=\"container\">\n\t\t\t\t\t<div class=\"e-con-inner\">\n\t\t\t\t<div class=\"elementor-element elementor-element-43c10b8 elementor-widget elementor-widget-text-editor\" data-id=\"43c10b8\" data-element_type=\"widget\" data-widget_type=\"text-editor.default\">\n\t\t\t\t<div class=\"elementor-widget-container\">\n\t\t\t<style>\/*! elementor - v3.22.0 - 26-06-2024 *\/\n.elementor-widget-text-editor.elementor-drop-cap-view-stacked .elementor-drop-cap{background-color:#69727d;color:#fff}.elementor-widget-text-editor.elementor-drop-cap-view-framed .elementor-drop-cap{color:#69727d;border:3px solid;background-color:transparent}.elementor-widget-text-editor:not(.elementor-drop-cap-view-default) .elementor-drop-cap{margin-top:8px}.elementor-widget-text-editor:not(.elementor-drop-cap-view-default) .elementor-drop-cap-letter{width:1em;height:1em}.elementor-widget-text-editor .elementor-drop-cap{float:left;text-align:center;line-height:1;font-size:50px}.elementor-widget-text-editor .elementor-drop-cap-letter{display:inline-block}<\/style>\t\t\t\t<p>I m\u00e5nga bilar idag finns en funktionalitet och intelligens som g\u00f6r att du till viss del kan sl\u00e4ppa ratten n\u00e4r du k\u00f6r, exempelvis \u201dlane assistance\u201d.<br \/>Vissa bilar kan du ocks\u00e5 f\u00e5 med sj\u00e4lvk\u00f6rande funktioner p\u00e5 motorv\u00e4gen till exempel, namnet varierar men de flesta tillverkare har n\u00e5gon form av assisterad k\u00f6rning.<br \/>M\u00e5nga bilar har \u00e4ven en parkeringsfunktion som g\u00f6r att bilen sj\u00e4lv kan fickparkera, vissa kan till och med g\u00f6ra det n\u00e4r f\u00f6raren har klivit ur s\u00e5 man slipper den tr\u00e5nga urstigningen mellan bilar.<br \/>Det som tillkommer n\u00e4r det kommer till autonom teknik \u00e4r att man m\u00e5ste ers\u00e4tta f\u00f6rarens \u00f6gon s\u00e5 att systemet sj\u00e4lv kan f\u00f6rutse vad fordonet ska g\u00f6ra. f\u00f6r att undvika eventuella faror eller kr\u00e5ngliga situationer.<br \/>F\u00f6r att ers\u00e4tta det m\u00e4nskliga \u00f6gat kan man av\u00e4nda sig av exempelvis kameror, radar, lidar, laser eller ultraljud. Allt detta skapar bilder i systemet som sedan tolkas genom \u201dmachine learning\u201d eller &#8221;deep learning&#8221;.<br \/>Med den h\u00e4r tekniken l\u00e4r sig systemet att tolka olika situationer som g\u00f6r att bilen kan man\u00f6vrera sig sj\u00e4lv utifr\u00e5n sin omgivning, och till exempel stanna f\u00f6r en fotg\u00e4ngare vid ett \u00f6verg\u00e5ngsst\u00e4lle.\u00a0<br \/>Den autonoma tekniken \u00e4r inte begr\u00e4nsad till att bara anv\u00e4ndas i fordon. Den kan \u00e4ven anv\u00e4ndas m\u00e5nga olika produkter, t.ex. p\u00e5 olika redskap i milj\u00f6er d\u00e4r det kan vara sv\u00e5rt f\u00f6r operat\u00f6ren att se vissa hinder.<br \/>H\u00e4r kan den autonoma tekniken tidigare uppt\u00e4cka hinder och sj\u00e4lv man\u00f6vrera redskapet f\u00f6r att f\u00f6rhindra kollision med exempelvis en sten i ett igenv\u00e4xt dike vid buskr\u00f6jning, en trottoarkant dold i sn\u00f6n vid sn\u00f6r\u00f6jning och s\u00e5 vidare.<\/p>\t\t\t\t\t\t<\/div>\n\t\t\t\t<\/div>\n\t\t\t\t\t<\/div>\n\t\t\t\t<\/div>\n\t\t<div class=\"elementor-element elementor-element-35ad593 e-flex e-con-boxed e-con e-parent\" data-id=\"35ad593\" data-element_type=\"container\">\n\t\t\t\t\t<div class=\"e-con-inner\">\n\t\t<div class=\"elementor-element elementor-element-4d1e867 e-con-full e-flex e-con e-child\" data-id=\"4d1e867\" data-element_type=\"container\">\n\t\t\t\t<div class=\"elementor-element elementor-element-b34019a elementor-widget elementor-widget-text-editor\" data-id=\"b34019a\" data-element_type=\"widget\" data-widget_type=\"text-editor.default\">\n\t\t\t\t<div class=\"elementor-widget-container\">\n\t\t\t\t\t\t\t<p>Man kan \u00e4ven anv\u00e4nda tekniken f\u00f6r ansikts- och personigenk\u00e4nning, som g\u00f6r att en maskin k\u00e4nner av och \u00e4ven k\u00e4nner igen operat\u00f6ren. Om en obeh\u00f6rig person kommer innanf\u00f6r arbetsomr\u00e5det varnar eller stannar maskinen.<br \/>Med ansiktsigenk\u00e4nning kan man till exempel ha intelligent anvisning till ett m\u00f6tesrum. T\u00e4nk dig att du kommer in i en byggnad., ett stort konferenscenter t.ex.<br \/>D\u00e4r ser du ditt namn p\u00e5 en skylt som h\u00e4lsar dig v\u00e4lkommen. Du blir sedan guidad till en hiss som tar dig till r\u00e4tt v\u00e5ning. N\u00e4r du sedan stiger ur hissen ser du ditt namn och vilket rum du ska till tillsammans med en anvisning eller en informationstavla.<br \/>N\u00e4r du sedan kommer till rummet finns ditt namn och en v\u00e4lkomsth\u00e4lsning p\u00e5 en display eller s\u00e5 m\u00f6ts du av personal som \u00e4r f\u00f6rberedda p\u00e5 att det \u00e4r just du som kommer, beh\u00f6ver inte leta upp ditt namn bland alla namnskyltar n\u00e4r du st\u00e5r och v\u00e4ntar.<\/p>\t\t\t\t\t\t<\/div>\n\t\t\t\t<\/div>\n\t\t\t\t<\/div>\n\t\t<div class=\"elementor-element elementor-element-26ea8cb e-con-full e-flex e-con e-child\" data-id=\"26ea8cb\" data-element_type=\"container\">\n\t\t\t\t<div class=\"elementor-element elementor-element-450e143 elementor-widget elementor-widget-image\" data-id=\"450e143\" data-element_type=\"widget\" data-widget_type=\"image.default\">\n\t\t\t\t<div class=\"elementor-widget-container\">\n\t\t\t\t\t\t\t\t\t\t\t\t\t<img fetchpriority=\"high\" decoding=\"async\" width=\"430\" height=\"270\" src=\"https:\/\/magntec.se\/wp-content\/uploads\/2023\/10\/magntec_Self-driving-vehicle_430x270.jpg\" class=\"attachment-large size-large wp-image-146\" alt=\"\" srcset=\"https:\/\/magntec.se\/wp-content\/uploads\/2023\/10\/magntec_Self-driving-vehicle_430x270.jpg 430w, https:\/\/magntec.se\/wp-content\/uploads\/2023\/10\/magntec_Self-driving-vehicle_430x270-300x188.jpg 300w\" sizes=\"(max-width: 430px) 100vw, 430px\" \/>\t\t\t\t\t\t\t\t\t\t\t\t\t<\/div>\n\t\t\t\t<\/div>\n\t\t\t\t<\/div>\n\t\t\t\t\t<\/div>\n\t\t\t\t<\/div>\n\t\t<div class=\"elementor-element elementor-element-bfd6308 e-flex e-con-boxed e-con e-parent\" data-id=\"bfd6308\" data-element_type=\"container\">\n\t\t\t\t\t<div class=\"e-con-inner\">\n\t\t\t\t<div class=\"elementor-element elementor-element-3804a75 elementor-widget elementor-widget-text-editor\" data-id=\"3804a75\" data-element_type=\"widget\" data-widget_type=\"text-editor.default\">\n\t\t\t\t<div class=\"elementor-widget-container\">\n\t\t\t\t\t\t\t<p>Magntec hj\u00e4lper ert f\u00f6retag att hitta kundv\u00e4rdet med den nya tekniken, vi hj\u00e4lper er att arbeta fram en ny strategi som kan beh\u00f6vas om produkten ska bli autonom, vi hj\u00e4lper er med utvecklingen av systemet och ert styrsystem.<br \/>Vi kan hj\u00e4lpa till med insamling av data f\u00f6r att kunna undvika hinder och faror, hj\u00e4lpa er att analysera den data som kommer in och stegvis ta fram mer och mer avancerade produkter f\u00f6r att g\u00f6ra era kunder mer konkurrenskraftiga.<\/p>\t\t\t\t\t\t<\/div>\n\t\t\t\t<\/div>\n\t\t\t\t\t<\/div>\n\t\t\t\t<\/div>\n\t\t\t\t<\/div>\n\t\t","protected":false},"excerpt":{"rendered":"<p>Min hemsida Hem >> V\u00e5rt Erbjudande >> Den autonoma produkten Den autonoma produkten I m\u00e5nga bilar idag finns en funktionalitet och intelligens som g\u00f6r att du till viss del kan sl\u00e4ppa ratten n\u00e4r du k\u00f6r, exempelvis \u201dlane assistance\u201d.Vissa bilar kan du ocks\u00e5 f\u00e5 med sj\u00e4lvk\u00f6rande funktioner p\u00e5 motorv\u00e4gen till exempel, namnet varierar men de flesta [&hellip;]<\/p>\n","protected":false},"author":1,"featured_media":0,"parent":0,"menu_order":0,"comment_status":"closed","ping_status":"closed","template":"elementor_header_footer","meta":{"footnotes":""},"class_list":["post-36","page","type-page","status-publish","hentry"],"yoast_head":"<!-- This site is optimized with the Yoast SEO plugin v22.9 - https:\/\/yoast.com\/wordpress\/plugins\/seo\/ -->\n<title>Den autonoma produkten - Magntec<\/title>\n<meta name=\"robots\" content=\"index, follow, max-snippet:-1, max-image-preview:large, max-video-preview:-1\" \/>\n<link rel=\"canonical\" href=\"https:\/\/magntec.se\/index.php\/den-autonoma-produkten\/\" \/>\n<meta property=\"og:locale\" content=\"sv_SE\" \/>\n<meta property=\"og:type\" content=\"article\" \/>\n<meta property=\"og:title\" content=\"Den autonoma produkten - Magntec\" \/>\n<meta property=\"og:description\" content=\"Min hemsida Hem &gt;&gt; V\u00e5rt Erbjudande &gt;&gt; Den autonoma produkten Den autonoma produkten I m\u00e5nga bilar idag finns en funktionalitet och intelligens som g\u00f6r att du till viss del kan sl\u00e4ppa ratten n\u00e4r du k\u00f6r, exempelvis \u201dlane assistance\u201d.Vissa bilar kan du ocks\u00e5 f\u00e5 med sj\u00e4lvk\u00f6rande funktioner p\u00e5 motorv\u00e4gen till exempel, namnet varierar men de flesta [&hellip;]\" \/>\n<meta property=\"og:url\" content=\"https:\/\/magntec.se\/index.php\/den-autonoma-produkten\/\" \/>\n<meta property=\"og:site_name\" content=\"Magntec\" \/>\n<meta property=\"article:modified_time\" content=\"2024-06-19T09:27:26+00:00\" \/>\n<meta property=\"og:image\" content=\"https:\/\/magntec.se\/wp-content\/uploads\/2023\/10\/prick-04.png\" \/>\n<meta name=\"twitter:card\" content=\"summary_large_image\" \/>\n<meta name=\"twitter:label1\" content=\"Ber\u00e4knad l\u00e4stid\" \/>\n\t<meta name=\"twitter:data1\" content=\"3 minuter\" \/>\n<script type=\"application\/ld+json\" class=\"yoast-schema-graph\">{\"@context\":\"https:\/\/schema.org\",\"@graph\":[{\"@type\":\"WebPage\",\"@id\":\"https:\/\/magntec.se\/index.php\/den-autonoma-produkten\/\",\"url\":\"https:\/\/magntec.se\/index.php\/den-autonoma-produkten\/\",\"name\":\"Den autonoma produkten - Magntec\",\"isPartOf\":{\"@id\":\"https:\/\/magntec.se\/#website\"},\"primaryImageOfPage\":{\"@id\":\"https:\/\/magntec.se\/index.php\/den-autonoma-produkten\/#primaryimage\"},\"image\":{\"@id\":\"https:\/\/magntec.se\/index.php\/den-autonoma-produkten\/#primaryimage\"},\"thumbnailUrl\":\"https:\/\/magntec.se\/wp-content\/uploads\/2023\/10\/prick-04.png\",\"datePublished\":\"2023-10-17T12:36:55+00:00\",\"dateModified\":\"2024-06-19T09:27:26+00:00\",\"breadcrumb\":{\"@id\":\"https:\/\/magntec.se\/index.php\/den-autonoma-produkten\/#breadcrumb\"},\"inLanguage\":\"sv-SE\",\"potentialAction\":[{\"@type\":\"ReadAction\",\"target\":[\"https:\/\/magntec.se\/index.php\/den-autonoma-produkten\/\"]}]},{\"@type\":\"ImageObject\",\"inLanguage\":\"sv-SE\",\"@id\":\"https:\/\/magntec.se\/index.php\/den-autonoma-produkten\/#primaryimage\",\"url\":\"https:\/\/magntec.se\/wp-content\/uploads\/2023\/10\/prick-04.png\",\"contentUrl\":\"https:\/\/magntec.se\/wp-content\/uploads\/2023\/10\/prick-04.png\",\"width\":72,\"height\":72},{\"@type\":\"BreadcrumbList\",\"@id\":\"https:\/\/magntec.se\/index.php\/den-autonoma-produkten\/#breadcrumb\",\"itemListElement\":[{\"@type\":\"ListItem\",\"position\":1,\"name\":\"Hem\",\"item\":\"https:\/\/magntec.se\/\"},{\"@type\":\"ListItem\",\"position\":2,\"name\":\"Den autonoma produkten\"}]},{\"@type\":\"WebSite\",\"@id\":\"https:\/\/magntec.se\/#website\",\"url\":\"https:\/\/magntec.se\/\",\"name\":\"Magntec\",\"description\":\"\",\"publisher\":{\"@id\":\"https:\/\/magntec.se\/#organization\"},\"potentialAction\":[{\"@type\":\"SearchAction\",\"target\":{\"@type\":\"EntryPoint\",\"urlTemplate\":\"https:\/\/magntec.se\/?s={search_term_string}\"},\"query-input\":\"required name=search_term_string\"}],\"inLanguage\":\"sv-SE\"},{\"@type\":\"Organization\",\"@id\":\"https:\/\/magntec.se\/#organization\",\"name\":\"Magntec\",\"url\":\"https:\/\/magntec.se\/\",\"logo\":{\"@type\":\"ImageObject\",\"inLanguage\":\"sv-SE\",\"@id\":\"https:\/\/magntec.se\/#\/schema\/logo\/image\/\",\"url\":\"https:\/\/magntec.se\/wp-content\/uploads\/2023\/10\/Magntec-horisontal.png\",\"contentUrl\":\"https:\/\/magntec.se\/wp-content\/uploads\/2023\/10\/Magntec-horisontal.png\",\"width\":3939,\"height\":644,\"caption\":\"Magntec\"},\"image\":{\"@id\":\"https:\/\/magntec.se\/#\/schema\/logo\/image\/\"}}]}<\/script>\n<!-- \/ Yoast SEO plugin. -->","yoast_head_json":{"title":"Den autonoma produkten - Magntec","robots":{"index":"index","follow":"follow","max-snippet":"max-snippet:-1","max-image-preview":"max-image-preview:large","max-video-preview":"max-video-preview:-1"},"canonical":"https:\/\/magntec.se\/index.php\/den-autonoma-produkten\/","og_locale":"sv_SE","og_type":"article","og_title":"Den autonoma produkten - Magntec","og_description":"Min hemsida Hem >> V\u00e5rt Erbjudande >> Den autonoma produkten Den autonoma produkten I m\u00e5nga bilar idag finns en funktionalitet och intelligens som g\u00f6r att du till viss del kan sl\u00e4ppa ratten n\u00e4r du k\u00f6r, exempelvis \u201dlane assistance\u201d.Vissa bilar kan du ocks\u00e5 f\u00e5 med sj\u00e4lvk\u00f6rande funktioner p\u00e5 motorv\u00e4gen till exempel, namnet varierar men de flesta [&hellip;]","og_url":"https:\/\/magntec.se\/index.php\/den-autonoma-produkten\/","og_site_name":"Magntec","article_modified_time":"2024-06-19T09:27:26+00:00","og_image":[{"url":"https:\/\/magntec.se\/wp-content\/uploads\/2023\/10\/prick-04.png"}],"twitter_card":"summary_large_image","twitter_misc":{"Ber\u00e4knad l\u00e4stid":"3 minuter"},"schema":{"@context":"https:\/\/schema.org","@graph":[{"@type":"WebPage","@id":"https:\/\/magntec.se\/index.php\/den-autonoma-produkten\/","url":"https:\/\/magntec.se\/index.php\/den-autonoma-produkten\/","name":"Den autonoma produkten - Magntec","isPartOf":{"@id":"https:\/\/magntec.se\/#website"},"primaryImageOfPage":{"@id":"https:\/\/magntec.se\/index.php\/den-autonoma-produkten\/#primaryimage"},"image":{"@id":"https:\/\/magntec.se\/index.php\/den-autonoma-produkten\/#primaryimage"},"thumbnailUrl":"https:\/\/magntec.se\/wp-content\/uploads\/2023\/10\/prick-04.png","datePublished":"2023-10-17T12:36:55+00:00","dateModified":"2024-06-19T09:27:26+00:00","breadcrumb":{"@id":"https:\/\/magntec.se\/index.php\/den-autonoma-produkten\/#breadcrumb"},"inLanguage":"sv-SE","potentialAction":[{"@type":"ReadAction","target":["https:\/\/magntec.se\/index.php\/den-autonoma-produkten\/"]}]},{"@type":"ImageObject","inLanguage":"sv-SE","@id":"https:\/\/magntec.se\/index.php\/den-autonoma-produkten\/#primaryimage","url":"https:\/\/magntec.se\/wp-content\/uploads\/2023\/10\/prick-04.png","contentUrl":"https:\/\/magntec.se\/wp-content\/uploads\/2023\/10\/prick-04.png","width":72,"height":72},{"@type":"BreadcrumbList","@id":"https:\/\/magntec.se\/index.php\/den-autonoma-produkten\/#breadcrumb","itemListElement":[{"@type":"ListItem","position":1,"name":"Hem","item":"https:\/\/magntec.se\/"},{"@type":"ListItem","position":2,"name":"Den autonoma produkten"}]},{"@type":"WebSite","@id":"https:\/\/magntec.se\/#website","url":"https:\/\/magntec.se\/","name":"Magntec","description":"","publisher":{"@id":"https:\/\/magntec.se\/#organization"},"potentialAction":[{"@type":"SearchAction","target":{"@type":"EntryPoint","urlTemplate":"https:\/\/magntec.se\/?s={search_term_string}"},"query-input":"required name=search_term_string"}],"inLanguage":"sv-SE"},{"@type":"Organization","@id":"https:\/\/magntec.se\/#organization","name":"Magntec","url":"https:\/\/magntec.se\/","logo":{"@type":"ImageObject","inLanguage":"sv-SE","@id":"https:\/\/magntec.se\/#\/schema\/logo\/image\/","url":"https:\/\/magntec.se\/wp-content\/uploads\/2023\/10\/Magntec-horisontal.png","contentUrl":"https:\/\/magntec.se\/wp-content\/uploads\/2023\/10\/Magntec-horisontal.png","width":3939,"height":644,"caption":"Magntec"},"image":{"@id":"https:\/\/magntec.se\/#\/schema\/logo\/image\/"}}]}},"_links":{"self":[{"href":"https:\/\/magntec.se\/index.php\/wp-json\/wp\/v2\/pages\/36","targetHints":{"allow":["GET"]}}],"collection":[{"href":"https:\/\/magntec.se\/index.php\/wp-json\/wp\/v2\/pages"}],"about":[{"href":"https:\/\/magntec.se\/index.php\/wp-json\/wp\/v2\/types\/page"}],"author":[{"embeddable":true,"href":"https:\/\/magntec.se\/index.php\/wp-json\/wp\/v2\/users\/1"}],"replies":[{"embeddable":true,"href":"https:\/\/magntec.se\/index.php\/wp-json\/wp\/v2\/comments?post=36"}],"version-history":[{"count":22,"href":"https:\/\/magntec.se\/index.php\/wp-json\/wp\/v2\/pages\/36\/revisions"}],"predecessor-version":[{"id":926,"href":"https:\/\/magntec.se\/index.php\/wp-json\/wp\/v2\/pages\/36\/revisions\/926"}],"wp:attachment":[{"href":"https:\/\/magntec.se\/index.php\/wp-json\/wp\/v2\/media?parent=36"}],"curies":[{"name":"wp","href":"https:\/\/api.w.org\/{rel}","templated":true}]}}