{"id":483,"date":"2023-12-07T19:19:01","date_gmt":"2023-12-07T19:19:01","guid":{"rendered":"https:\/\/magntec.se\/?page_id=483"},"modified":"2024-06-19T09:39:37","modified_gmt":"2024-06-19T09:39:37","slug":"internet-of-things","status":"publish","type":"page","link":"https:\/\/magntec.se\/index.php\/internet-of-things\/","title":{"rendered":"Internet of things"},"content":{"rendered":"\t\t<div data-elementor-type=\"wp-page\" data-elementor-id=\"483\" class=\"elementor elementor-483\">\n\t\t\t\t<div class=\"elementor-element elementor-element-2ddcf144 e-flex e-con-boxed e-con e-parent\" data-id=\"2ddcf144\" data-element_type=\"container\" data-settings=\"{&quot;background_background&quot;:&quot;slideshow&quot;,&quot;background_slideshow_gallery&quot;:[{&quot;id&quot;:131,&quot;url&quot;:&quot;https:\\\/\\\/magntec.se\\\/wp-content\\\/uploads\\\/2023\\\/10\\\/magntec_internet-of-things_2560x1607.jpg&quot;}],&quot;background_slideshow_loop&quot;:&quot;yes&quot;,&quot;background_slideshow_slide_duration&quot;:5000,&quot;background_slideshow_slide_transition&quot;:&quot;fade&quot;,&quot;background_slideshow_transition_duration&quot;:500}\">\n\t\t\t\t\t<div class=\"e-con-inner\">\n\t\t\t\t\t<\/div>\n\t\t\t\t<\/div>\n\t\t<div class=\"elementor-element elementor-element-72c04335 e-flex e-con-boxed e-con e-parent\" data-id=\"72c04335\" data-element_type=\"container\" data-settings=\"{&quot;background_background&quot;:&quot;slideshow&quot;,&quot;background_slideshow_gallery&quot;:[],&quot;background_slideshow_loop&quot;:&quot;yes&quot;,&quot;background_slideshow_slide_duration&quot;:5000,&quot;background_slideshow_slide_transition&quot;:&quot;fade&quot;,&quot;background_slideshow_transition_duration&quot;:500}\">\n\t\t\t\t\t<div class=\"e-con-inner\">\n\t\t\t\t<div class=\"elementor-element elementor-element-79b8018b elementor-widget elementor-widget-html\" data-id=\"79b8018b\" data-element_type=\"widget\" data-widget_type=\"html.default\">\n\t\t\t\t<div class=\"elementor-widget-container\">\n\t\t\t<!DOCTYPE html>\r\n<html>\r\n  <head>\r\n    <title>Min hemsida<\/title>\r\n    <style>\r\n      \/* CSS-kod f\u00f6r breadcrumbs *\/\r\n      .breadcrumbs {\r\n        font-size: 14px;\r\n        margin: 0px 0;\r\n      }\r\n      .breadcrumbs a {\r\n        text-decoration: none;\r\n        color: #666;\r\n      }\r\n      .breadcrumbs a:hover {\r\n        color: #000;\r\n      }\r\n      .breadcrumbs span {\r\n        color: #999;\r\n        margin: 0 5px;\r\n      }\r\n      .breadcrumbs span:last-child {\r\n        margin-right: 0;\r\n      }\r\n      \r\n      \/* CSS-kod f\u00f6r typsnitt *\/\r\n      body \r\n\t  \r\n\t  {\r\n        font-family: Libre Franklin, sans-serif;\r\n      }\r\n      \r\n\t  h1 \r\n\t  \r\n\t  {\r\n        font-family: \"Times New Roman\", serif;\r\n      }\r\n\r\n      \/* \u00d6vrig CSS-kod *\/\r\n      \r\n\t  p \r\n\t  {\r\n        font-size: 16px;\r\n        line-height: 1.5;\r\n        color: #333;\r\n      }\r\n     \r\n      a:hover \r\n\t  {\r\n        text-decoration: underline;\r\n      }\r\n\t  \r\n    <\/style>\r\n  <\/head>\r\n  <body>\r\n    <!-- Breadcrumbs -->\r\n    <div class=\"breadcrumbs\">\r\n      <a href=\"https:\/\/www.magntec.se\/\">Hem<\/a>\r\n      <span>>><\/span>\r\n      <a href=\"https:\/\/magntec.se\/index.php\/vart-erbjudande\/\">V\u00e5rt Erbjudande<\/a>\r\n      <span>>><\/span>\r\n      <a href=\"https:\/\/magntec.se\/index.php\/internet-of-things\/\">Internet of Things<\/a>\r\n      <span><\/span>  \r\n    <\/div>\r\n  <\/body>\r\n<\/html>\t\t<\/div>\n\t\t\t\t<\/div>\n\t\t\t\t\t<\/div>\n\t\t\t\t<\/div>\n\t\t<div class=\"elementor-element elementor-element-7333a271 e-flex e-con-boxed e-con e-parent\" data-id=\"7333a271\" data-element_type=\"container\">\n\t\t\t\t\t<div class=\"e-con-inner\">\n\t\t<div class=\"elementor-element elementor-element-596ab4a8 e-con-full e-flex e-con e-child\" data-id=\"596ab4a8\" data-element_type=\"container\">\n\t\t\t\t<div class=\"elementor-element elementor-element-6f9e7c50 elementor-widget elementor-widget-image\" data-id=\"6f9e7c50\" data-element_type=\"widget\" data-widget_type=\"image.default\">\n\t\t\t\t<div class=\"elementor-widget-container\">\n\t\t\t<style>\/*! elementor - v3.22.0 - 26-06-2024 *\/\n.elementor-widget-image{text-align:center}.elementor-widget-image a{display:inline-block}.elementor-widget-image a img[src$=\".svg\"]{width:48px}.elementor-widget-image img{vertical-align:middle;display:inline-block}<\/style>\t\t\t\t\t\t\t\t\t\t<img decoding=\"async\" width=\"72\" height=\"72\" src=\"https:\/\/magntec.se\/wp-content\/uploads\/2023\/10\/prick-02.png\" class=\"attachment-large size-large wp-image-148\" alt=\"\" \/>\t\t\t\t\t\t\t\t\t\t\t\t\t<\/div>\n\t\t\t\t<\/div>\n\t\t\t\t<div class=\"elementor-element elementor-element-e1b1cac elementor-widget elementor-widget-spacer\" data-id=\"e1b1cac\" data-element_type=\"widget\" data-widget_type=\"spacer.default\">\n\t\t\t\t<div class=\"elementor-widget-container\">\n\t\t\t<style>\/*! elementor - v3.22.0 - 26-06-2024 *\/\n.elementor-column .elementor-spacer-inner{height:var(--spacer-size)}.e-con{--container-widget-width:100%}.e-con-inner>.elementor-widget-spacer,.e-con>.elementor-widget-spacer{width:var(--container-widget-width,var(--spacer-size));--align-self:var(--container-widget-align-self,initial);--flex-shrink:0}.e-con-inner>.elementor-widget-spacer>.elementor-widget-container,.e-con>.elementor-widget-spacer>.elementor-widget-container{height:100%;width:100%}.e-con-inner>.elementor-widget-spacer>.elementor-widget-container>.elementor-spacer,.e-con>.elementor-widget-spacer>.elementor-widget-container>.elementor-spacer{height:100%}.e-con-inner>.elementor-widget-spacer>.elementor-widget-container>.elementor-spacer>.elementor-spacer-inner,.e-con>.elementor-widget-spacer>.elementor-widget-container>.elementor-spacer>.elementor-spacer-inner{height:var(--container-widget-height,var(--spacer-size))}.e-con-inner>.elementor-widget-spacer.elementor-widget-empty,.e-con>.elementor-widget-spacer.elementor-widget-empty{position:relative;min-height:22px;min-width:22px}.e-con-inner>.elementor-widget-spacer.elementor-widget-empty .elementor-widget-empty-icon,.e-con>.elementor-widget-spacer.elementor-widget-empty .elementor-widget-empty-icon{position:absolute;top:0;bottom:0;left:0;right:0;margin:auto;padding:0;width:22px;height:22px}<\/style>\t\t<div class=\"elementor-spacer\">\n\t\t\t<div class=\"elementor-spacer-inner\"><\/div>\n\t\t<\/div>\n\t\t\t\t<\/div>\n\t\t\t\t<\/div>\n\t\t\t\t<\/div>\n\t\t<div class=\"elementor-element elementor-element-267082d8 e-con-full e-flex e-con e-child\" data-id=\"267082d8\" data-element_type=\"container\">\n\t\t\t\t<div class=\"elementor-element elementor-element-79d88e22 elementor-widget elementor-widget-heading\" data-id=\"79d88e22\" data-element_type=\"widget\" data-widget_type=\"heading.default\">\n\t\t\t\t<div class=\"elementor-widget-container\">\n\t\t\t<style>\/*! elementor - v3.22.0 - 26-06-2024 *\/\n.elementor-heading-title{padding:0;margin:0;line-height:1}.elementor-widget-heading .elementor-heading-title[class*=elementor-size-]>a{color:inherit;font-size:inherit;line-height:inherit}.elementor-widget-heading .elementor-heading-title.elementor-size-small{font-size:15px}.elementor-widget-heading .elementor-heading-title.elementor-size-medium{font-size:19px}.elementor-widget-heading .elementor-heading-title.elementor-size-large{font-size:29px}.elementor-widget-heading .elementor-heading-title.elementor-size-xl{font-size:39px}.elementor-widget-heading .elementor-heading-title.elementor-size-xxl{font-size:59px}<\/style><h2 class=\"elementor-heading-title elementor-size-default\">Internet of things<\/h2>\t\t<\/div>\n\t\t\t\t<\/div>\n\t\t\t\t<div class=\"elementor-element elementor-element-f7e7d4b elementor-widget elementor-widget-spacer\" data-id=\"f7e7d4b\" data-element_type=\"widget\" data-widget_type=\"spacer.default\">\n\t\t\t\t<div class=\"elementor-widget-container\">\n\t\t\t\t\t<div class=\"elementor-spacer\">\n\t\t\t<div class=\"elementor-spacer-inner\"><\/div>\n\t\t<\/div>\n\t\t\t\t<\/div>\n\t\t\t\t<\/div>\n\t\t\t\t<\/div>\n\t\t\t\t\t<\/div>\n\t\t\t\t<\/div>\n\t\t<div class=\"elementor-element elementor-element-58b449f e-flex e-con-boxed e-con e-parent\" data-id=\"58b449f\" data-element_type=\"container\">\n\t\t\t\t\t<div class=\"e-con-inner\">\n\t\t<div class=\"elementor-element elementor-element-983e97c e-con-full e-flex e-con e-child\" data-id=\"983e97c\" data-element_type=\"container\">\n\t\t\t\t<div class=\"elementor-element elementor-element-6d0a6b5 elementor-widget elementor-widget-text-editor\" data-id=\"6d0a6b5\" data-element_type=\"widget\" data-widget_type=\"text-editor.default\">\n\t\t\t\t<div class=\"elementor-widget-container\">\n\t\t\t<style>\/*! elementor - v3.22.0 - 26-06-2024 *\/\n.elementor-widget-text-editor.elementor-drop-cap-view-stacked .elementor-drop-cap{background-color:#69727d;color:#fff}.elementor-widget-text-editor.elementor-drop-cap-view-framed .elementor-drop-cap{color:#69727d;border:3px solid;background-color:transparent}.elementor-widget-text-editor:not(.elementor-drop-cap-view-default) .elementor-drop-cap{margin-top:8px}.elementor-widget-text-editor:not(.elementor-drop-cap-view-default) .elementor-drop-cap-letter{width:1em;height:1em}.elementor-widget-text-editor .elementor-drop-cap{float:left;text-align:center;line-height:1;font-size:50px}.elementor-widget-text-editor .elementor-drop-cap-letter{display:inline-block}<\/style>\t\t\t\t<p>IoT\u2013Internet of things, den uppkopplade produkten.<br \/>Att koppla upp sin produkt g\u00f6r det m\u00f6jligt att ladda ner data fr\u00e5n sin produkt till n\u00e5gon form av databas f\u00f6r analys eller anv\u00e4nda i arbetet med att \u00f6ka sitt kundv\u00e4rde.<br \/>\u200b<br \/>Det kan anv\u00e4ndas till att optimera sin produkt genom att l\u00e4ra sig mer om hur den anv\u00e4nds eller skapa tj\u00e4nster kopplade till produkten som att f\u00f6ruts\u00e4ga servicebehov eller analysera fel i produkten.<br \/>Det kan ocks\u00e5 ge m\u00f6jlighet att skapa nya produkter f\u00f6r att \u00f6ka kundv\u00e4rdet, det kan vara appar eller andra typer av kringerbjudanden som \u00f6kar era kunders konkurrenskraft.<br \/><br \/>Man kan v\u00e4lja en standardl\u00f6sning f\u00f6r att koppla upp sin produkt men i m\u00e5nga fall kan det vara s\u00e5 att en leverant\u00f6rs utbud g\u00f6r att den viktigaste datan f\u00f6r kunden g\u00e5r f\u00f6rlorad f\u00f6r att utrustningen eller databasen inte kan hantera den data vi vill spara, det g\u00e4ller inte bara att f\u00e5 produkten kopplad till molnet eller en telefon, utan man m\u00e5ste \u00e4ven titta p\u00e5 vad det \u00e4r man vill f\u00e5 ut av produkten, vilken typ av data jag vill s\u00e4nda mm. och d\u00e5 ska ju inte sj\u00e4lva telefonen hindra mig vilket g\u00f6r att den m\u00e5ste vara framtidss\u00e4krad.<br \/>En av v\u00e5ra partners \u00e4r Datarespons som har l\u00e5ng och bred erfarenhet p\u00e5 h\u00e5rdvara f\u00f6r uppkopplade produkter.<br \/>\u200b<br \/>N\u00e4r man kopplar upp sin produkt m\u00e5ste man ocks\u00e5 se \u00f6ver vilken information vi beh\u00f6ver, kanske \u00e4r det s\u00e5 att man m\u00e5ste f\u00f6ra in mer sensorer p\u00e5 produkten f\u00f6r att f\u00e5 r\u00e4tt information s\u00e5 att kundv\u00e4rdet kan \u00f6kas.<br \/>Om man till exempel vill anv\u00e4nda det f\u00f6r att f\u00f6ruts\u00e4ga servicebehov s\u00e5 \u00e4r det ju inte bra om slitdetaljer inte \u00e4r uppkopplade, j\u00e4mf\u00f6r med bilar som har sensorer p\u00e5 bromsbackarna och d\u00e4rf\u00f6r kan verkstaden f\u00e5 reda p\u00e5 att de m\u00e5ste bytas vid n\u00e4sta service och best\u00e4lla komponenter i tid.<br \/><br \/><\/p>\t\t\t\t\t\t<\/div>\n\t\t\t\t<\/div>\n\t\t\t\t<\/div>\n\t\t<div class=\"elementor-element elementor-element-7529d36 e-con-full e-flex e-con e-child\" data-id=\"7529d36\" data-element_type=\"container\">\n\t\t<div class=\"elementor-element elementor-element-087d3fc e-flex e-con-boxed e-con e-child\" data-id=\"087d3fc\" data-element_type=\"container\">\n\t\t\t\t\t<div class=\"e-con-inner\">\n\t\t\t\t<div class=\"elementor-element elementor-element-ecb133f elementor-widget elementor-widget-image\" data-id=\"ecb133f\" data-element_type=\"widget\" data-widget_type=\"image.default\">\n\t\t\t\t<div class=\"elementor-widget-container\">\n\t\t\t\t\t\t\t\t\t\t\t\t\t<img fetchpriority=\"high\" decoding=\"async\" width=\"800\" height=\"109\" src=\"https:\/\/magntec.se\/wp-content\/uploads\/2023\/10\/datarespons-icon-logo_orig-1024x139.png\" class=\"attachment-large size-large wp-image-164\" alt=\"\" srcset=\"https:\/\/magntec.se\/wp-content\/uploads\/2023\/10\/datarespons-icon-logo_orig-1024x139.png 1024w, https:\/\/magntec.se\/wp-content\/uploads\/2023\/10\/datarespons-icon-logo_orig-300x41.png 300w, https:\/\/magntec.se\/wp-content\/uploads\/2023\/10\/datarespons-icon-logo_orig-768x104.png 768w, https:\/\/magntec.se\/wp-content\/uploads\/2023\/10\/datarespons-icon-logo_orig-1536x208.png 1536w, https:\/\/magntec.se\/wp-content\/uploads\/2023\/10\/datarespons-icon-logo_orig-2048x277.png 2048w\" sizes=\"(max-width: 800px) 100vw, 800px\" \/>\t\t\t\t\t\t\t\t\t\t\t\t\t<\/div>\n\t\t\t\t<\/div>\n\t\t\t\t<div class=\"elementor-element elementor-element-28b6a1e elementor-widget elementor-widget-spacer\" data-id=\"28b6a1e\" data-element_type=\"widget\" data-widget_type=\"spacer.default\">\n\t\t\t\t<div class=\"elementor-widget-container\">\n\t\t\t\t\t<div class=\"elementor-spacer\">\n\t\t\t<div class=\"elementor-spacer-inner\"><\/div>\n\t\t<\/div>\n\t\t\t\t<\/div>\n\t\t\t\t<\/div>\n\t\t\t\t<div class=\"elementor-element elementor-element-8aed4f0 elementor-widget elementor-widget-image\" data-id=\"8aed4f0\" data-element_type=\"widget\" data-widget_type=\"image.default\">\n\t\t\t\t<div class=\"elementor-widget-container\">\n\t\t\t\t\t\t\t\t\t\t\t\t\t<img decoding=\"async\" src=\"https:\/\/magntec.se\/wp-content\/plugins\/elementor\/assets\/images\/placeholder.png\" title=\"\" alt=\"\" loading=\"lazy\" \/>\t\t\t\t\t\t\t\t\t\t\t\t\t<\/div>\n\t\t\t\t<\/div>\n\t\t\t\t<div class=\"elementor-element elementor-element-d556a4f elementor-widget elementor-widget-spacer\" data-id=\"d556a4f\" data-element_type=\"widget\" data-widget_type=\"spacer.default\">\n\t\t\t\t<div class=\"elementor-widget-container\">\n\t\t\t\t\t<div class=\"elementor-spacer\">\n\t\t\t<div class=\"elementor-spacer-inner\"><\/div>\n\t\t<\/div>\n\t\t\t\t<\/div>\n\t\t\t\t<\/div>\n\t\t\t\t\t<\/div>\n\t\t\t\t<\/div>\n\t\t<div class=\"elementor-element elementor-element-d91e574 e-flex e-con-boxed e-con e-child\" data-id=\"d91e574\" data-element_type=\"container\">\n\t\t\t\t\t<div class=\"e-con-inner\">\n\t\t\t\t<div class=\"elementor-element elementor-element-a138036 elementor-widget elementor-widget-image\" data-id=\"a138036\" data-element_type=\"widget\" data-widget_type=\"image.default\">\n\t\t\t\t<div class=\"elementor-widget-container\">\n\t\t\t\t\t\t\t\t\t\t\t\t\t<img decoding=\"async\" width=\"210\" height=\"131\" src=\"https:\/\/magntec.se\/wp-content\/uploads\/2023\/10\/xtrack-logo.jpg\" class=\"attachment-large size-large wp-image-183\" alt=\"\" \/>\t\t\t\t\t\t\t\t\t\t\t\t\t<\/div>\n\t\t\t\t<\/div>\n\t\t\t\t\t<\/div>\n\t\t\t\t<\/div>\n\t\t\t\t<\/div>\n\t\t\t\t\t<\/div>\n\t\t\t\t<\/div>\n\t\t<div class=\"elementor-element elementor-element-993ab08 e-flex e-con-boxed e-con e-parent\" data-id=\"993ab08\" data-element_type=\"container\">\n\t\t\t\t\t<div class=\"e-con-inner\">\n\t\t<div class=\"elementor-element elementor-element-349e511 e-con-full e-flex e-con e-child\" data-id=\"349e511\" data-element_type=\"container\">\n\t\t\t\t<div class=\"elementor-element elementor-element-133146d elementor-widget elementor-widget-image\" data-id=\"133146d\" data-element_type=\"widget\" data-widget_type=\"image.default\">\n\t\t\t\t<div class=\"elementor-widget-container\">\n\t\t\t\t\t\t\t\t\t\t\t\t\t<img loading=\"lazy\" decoding=\"async\" width=\"366\" height=\"138\" src=\"https:\/\/magntec.se\/wp-content\/uploads\/2023\/10\/Tele2.png\" class=\"attachment-large size-large wp-image-179\" alt=\"\" srcset=\"https:\/\/magntec.se\/wp-content\/uploads\/2023\/10\/Tele2.png 366w, https:\/\/magntec.se\/wp-content\/uploads\/2023\/10\/Tele2-300x113.png 300w\" sizes=\"(max-width: 366px) 100vw, 366px\" \/>\t\t\t\t\t\t\t\t\t\t\t\t\t<\/div>\n\t\t\t\t<\/div>\n\t\t\t\t<\/div>\n\t\t<div class=\"elementor-element elementor-element-e7398a9 e-con-full e-flex e-con e-child\" data-id=\"e7398a9\" data-element_type=\"container\">\n\t\t\t\t<div class=\"elementor-element elementor-element-41c4c8d elementor-widget elementor-widget-text-editor\" data-id=\"41c4c8d\" data-element_type=\"widget\" data-widget_type=\"text-editor.default\">\n\t\t\t\t<div class=\"elementor-widget-container\">\n\t\t\t\t\t\t\t<p>Magntec hj\u00e4lper er med den h\u00e4r processen, med erfarenhet av att f\u00f6ra in IoT s\u00e5 kan vi hj\u00e4lpa er att kartl\u00e4gga dagens situation, se \u00f6ver er produkt och utv\u00e4rdera vad som kan beh\u00f6va f\u00f6rb\u00e4ttras.<br \/>Vi skapar sedan en plan f\u00f6r vad som beh\u00f6vs och hur vi n\u00e5r m\u00e5let, delm\u00e5l p\u00e5 v\u00e4gen \u00e4r att kontinuerlig skapa ett kundv\u00e4rde som f\u00f6retaget kan erbjuda sina kunder.<br \/><br \/>Magntec har partners som kan hj\u00e4lpa att bygga arkitekturen f\u00f6r er produkt och IoT l\u00f6sning, vi har partners som kan erbjuda &#8221;plug and play&#8221; l\u00f6sningar med flexibilitet som m\u00f6jligg\u00f6r att ni i framtiden kan bygga p\u00e5 mer funktioner eller mer data.<br \/>\u200b<br \/>En viktig del av planen \u00e4r ocks\u00e5 kraven p\u00e5 n\u00e4tverksoperat\u00f6ren, behovet av service och support av systemet samt hur man hanterar anv\u00e4ndare och annat som beh\u00f6vs bakom f\u00f6r att hantera systemet, h\u00e4r har vi samarbete med bland annat Tele2.<br \/>\u200bDenna plan \u00e4r ett m\u00e5ste f\u00f6r att uppkopplingen av er produkt ska bli framg\u00e5ngsrik, tekniken som m\u00f6jligg\u00f6r uppkopplingen m\u00e5ste v\u00e4ljas fr\u00e5n dessa behov.<\/p>\t\t\t\t\t\t<\/div>\n\t\t\t\t<\/div>\n\t\t\t\t<\/div>\n\t\t\t\t\t<\/div>\n\t\t\t\t<\/div>\n\t\t\t\t<\/div>\n\t\t","protected":false},"excerpt":{"rendered":"<p>Min hemsida Hem >> V\u00e5rt Erbjudande >> Internet of Things Internet of things IoT\u2013Internet of things, den uppkopplade produkten.Att koppla upp sin produkt g\u00f6r det m\u00f6jligt att ladda ner data fr\u00e5n sin produkt till n\u00e5gon form av databas f\u00f6r analys eller anv\u00e4nda i arbetet med att \u00f6ka sitt kundv\u00e4rde.\u200bDet kan anv\u00e4ndas till att optimera sin [&hellip;]<\/p>\n","protected":false},"author":1,"featured_media":0,"parent":0,"menu_order":0,"comment_status":"closed","ping_status":"closed","template":"","meta":{"footnotes":""},"class_list":["post-483","page","type-page","status-publish","hentry"],"yoast_head":"<!-- This site is optimized with the Yoast SEO plugin v22.9 - https:\/\/yoast.com\/wordpress\/plugins\/seo\/ -->\n<title>Internet of things - Magntec<\/title>\n<meta name=\"robots\" content=\"index, follow, max-snippet:-1, max-image-preview:large, max-video-preview:-1\" \/>\n<link rel=\"canonical\" href=\"https:\/\/magntec.se\/index.php\/internet-of-things\/\" \/>\n<meta property=\"og:locale\" content=\"sv_SE\" \/>\n<meta property=\"og:type\" content=\"article\" \/>\n<meta property=\"og:title\" content=\"Internet of things - Magntec\" \/>\n<meta property=\"og:description\" content=\"Min hemsida Hem &gt;&gt; V\u00e5rt Erbjudande &gt;&gt; Internet of Things Internet of things IoT\u2013Internet of things, den uppkopplade produkten.Att koppla upp sin produkt g\u00f6r det m\u00f6jligt att ladda ner data fr\u00e5n sin produkt till n\u00e5gon form av databas f\u00f6r analys eller anv\u00e4nda i arbetet med att \u00f6ka sitt kundv\u00e4rde.\u200bDet kan anv\u00e4ndas till att optimera sin [&hellip;]\" \/>\n<meta property=\"og:url\" content=\"https:\/\/magntec.se\/index.php\/internet-of-things\/\" \/>\n<meta property=\"og:site_name\" content=\"Magntec\" \/>\n<meta property=\"article:modified_time\" content=\"2024-06-19T09:39:37+00:00\" \/>\n<meta property=\"og:image\" content=\"https:\/\/magntec.se\/wp-content\/uploads\/2023\/10\/prick-02.png\" \/>\n<meta name=\"twitter:card\" content=\"summary_large_image\" \/>\n<meta name=\"twitter:label1\" content=\"Ber\u00e4knad l\u00e4stid\" \/>\n\t<meta name=\"twitter:data1\" content=\"4 minuter\" \/>\n<script type=\"application\/ld+json\" class=\"yoast-schema-graph\">{\"@context\":\"https:\/\/schema.org\",\"@graph\":[{\"@type\":\"WebPage\",\"@id\":\"https:\/\/magntec.se\/index.php\/internet-of-things\/\",\"url\":\"https:\/\/magntec.se\/index.php\/internet-of-things\/\",\"name\":\"Internet of things - Magntec\",\"isPartOf\":{\"@id\":\"https:\/\/magntec.se\/#website\"},\"primaryImageOfPage\":{\"@id\":\"https:\/\/magntec.se\/index.php\/internet-of-things\/#primaryimage\"},\"image\":{\"@id\":\"https:\/\/magntec.se\/index.php\/internet-of-things\/#primaryimage\"},\"thumbnailUrl\":\"https:\/\/magntec.se\/wp-content\/uploads\/2023\/10\/prick-02.png\",\"datePublished\":\"2023-12-07T19:19:01+00:00\",\"dateModified\":\"2024-06-19T09:39:37+00:00\",\"breadcrumb\":{\"@id\":\"https:\/\/magntec.se\/index.php\/internet-of-things\/#breadcrumb\"},\"inLanguage\":\"sv-SE\",\"potentialAction\":[{\"@type\":\"ReadAction\",\"target\":[\"https:\/\/magntec.se\/index.php\/internet-of-things\/\"]}]},{\"@type\":\"ImageObject\",\"inLanguage\":\"sv-SE\",\"@id\":\"https:\/\/magntec.se\/index.php\/internet-of-things\/#primaryimage\",\"url\":\"https:\/\/magntec.se\/wp-content\/uploads\/2023\/10\/prick-02.png\",\"contentUrl\":\"https:\/\/magntec.se\/wp-content\/uploads\/2023\/10\/prick-02.png\",\"width\":72,\"height\":72},{\"@type\":\"BreadcrumbList\",\"@id\":\"https:\/\/magntec.se\/index.php\/internet-of-things\/#breadcrumb\",\"itemListElement\":[{\"@type\":\"ListItem\",\"position\":1,\"name\":\"Hem\",\"item\":\"https:\/\/magntec.se\/\"},{\"@type\":\"ListItem\",\"position\":2,\"name\":\"Internet of things\"}]},{\"@type\":\"WebSite\",\"@id\":\"https:\/\/magntec.se\/#website\",\"url\":\"https:\/\/magntec.se\/\",\"name\":\"Magntec\",\"description\":\"\",\"publisher\":{\"@id\":\"https:\/\/magntec.se\/#organization\"},\"potentialAction\":[{\"@type\":\"SearchAction\",\"target\":{\"@type\":\"EntryPoint\",\"urlTemplate\":\"https:\/\/magntec.se\/?s={search_term_string}\"},\"query-input\":\"required name=search_term_string\"}],\"inLanguage\":\"sv-SE\"},{\"@type\":\"Organization\",\"@id\":\"https:\/\/magntec.se\/#organization\",\"name\":\"Magntec\",\"url\":\"https:\/\/magntec.se\/\",\"logo\":{\"@type\":\"ImageObject\",\"inLanguage\":\"sv-SE\",\"@id\":\"https:\/\/magntec.se\/#\/schema\/logo\/image\/\",\"url\":\"https:\/\/magntec.se\/wp-content\/uploads\/2023\/10\/Magntec-horisontal.png\",\"contentUrl\":\"https:\/\/magntec.se\/wp-content\/uploads\/2023\/10\/Magntec-horisontal.png\",\"width\":3939,\"height\":644,\"caption\":\"Magntec\"},\"image\":{\"@id\":\"https:\/\/magntec.se\/#\/schema\/logo\/image\/\"}}]}<\/script>\n<!-- \/ Yoast SEO plugin. -->","yoast_head_json":{"title":"Internet of things - Magntec","robots":{"index":"index","follow":"follow","max-snippet":"max-snippet:-1","max-image-preview":"max-image-preview:large","max-video-preview":"max-video-preview:-1"},"canonical":"https:\/\/magntec.se\/index.php\/internet-of-things\/","og_locale":"sv_SE","og_type":"article","og_title":"Internet of things - Magntec","og_description":"Min hemsida Hem >> V\u00e5rt Erbjudande >> Internet of Things Internet of things IoT\u2013Internet of things, den uppkopplade produkten.Att koppla upp sin produkt g\u00f6r det m\u00f6jligt att ladda ner data fr\u00e5n sin produkt till n\u00e5gon form av databas f\u00f6r analys eller anv\u00e4nda i arbetet med att \u00f6ka sitt kundv\u00e4rde.\u200bDet kan anv\u00e4ndas till att optimera sin [&hellip;]","og_url":"https:\/\/magntec.se\/index.php\/internet-of-things\/","og_site_name":"Magntec","article_modified_time":"2024-06-19T09:39:37+00:00","og_image":[{"url":"https:\/\/magntec.se\/wp-content\/uploads\/2023\/10\/prick-02.png"}],"twitter_card":"summary_large_image","twitter_misc":{"Ber\u00e4knad l\u00e4stid":"4 minuter"},"schema":{"@context":"https:\/\/schema.org","@graph":[{"@type":"WebPage","@id":"https:\/\/magntec.se\/index.php\/internet-of-things\/","url":"https:\/\/magntec.se\/index.php\/internet-of-things\/","name":"Internet of things - Magntec","isPartOf":{"@id":"https:\/\/magntec.se\/#website"},"primaryImageOfPage":{"@id":"https:\/\/magntec.se\/index.php\/internet-of-things\/#primaryimage"},"image":{"@id":"https:\/\/magntec.se\/index.php\/internet-of-things\/#primaryimage"},"thumbnailUrl":"https:\/\/magntec.se\/wp-content\/uploads\/2023\/10\/prick-02.png","datePublished":"2023-12-07T19:19:01+00:00","dateModified":"2024-06-19T09:39:37+00:00","breadcrumb":{"@id":"https:\/\/magntec.se\/index.php\/internet-of-things\/#breadcrumb"},"inLanguage":"sv-SE","potentialAction":[{"@type":"ReadAction","target":["https:\/\/magntec.se\/index.php\/internet-of-things\/"]}]},{"@type":"ImageObject","inLanguage":"sv-SE","@id":"https:\/\/magntec.se\/index.php\/internet-of-things\/#primaryimage","url":"https:\/\/magntec.se\/wp-content\/uploads\/2023\/10\/prick-02.png","contentUrl":"https:\/\/magntec.se\/wp-content\/uploads\/2023\/10\/prick-02.png","width":72,"height":72},{"@type":"BreadcrumbList","@id":"https:\/\/magntec.se\/index.php\/internet-of-things\/#breadcrumb","itemListElement":[{"@type":"ListItem","position":1,"name":"Hem","item":"https:\/\/magntec.se\/"},{"@type":"ListItem","position":2,"name":"Internet of things"}]},{"@type":"WebSite","@id":"https:\/\/magntec.se\/#website","url":"https:\/\/magntec.se\/","name":"Magntec","description":"","publisher":{"@id":"https:\/\/magntec.se\/#organization"},"potentialAction":[{"@type":"SearchAction","target":{"@type":"EntryPoint","urlTemplate":"https:\/\/magntec.se\/?s={search_term_string}"},"query-input":"required name=search_term_string"}],"inLanguage":"sv-SE"},{"@type":"Organization","@id":"https:\/\/magntec.se\/#organization","name":"Magntec","url":"https:\/\/magntec.se\/","logo":{"@type":"ImageObject","inLanguage":"sv-SE","@id":"https:\/\/magntec.se\/#\/schema\/logo\/image\/","url":"https:\/\/magntec.se\/wp-content\/uploads\/2023\/10\/Magntec-horisontal.png","contentUrl":"https:\/\/magntec.se\/wp-content\/uploads\/2023\/10\/Magntec-horisontal.png","width":3939,"height":644,"caption":"Magntec"},"image":{"@id":"https:\/\/magntec.se\/#\/schema\/logo\/image\/"}}]}},"_links":{"self":[{"href":"https:\/\/magntec.se\/index.php\/wp-json\/wp\/v2\/pages\/483","targetHints":{"allow":["GET"]}}],"collection":[{"href":"https:\/\/magntec.se\/index.php\/wp-json\/wp\/v2\/pages"}],"about":[{"href":"https:\/\/magntec.se\/index.php\/wp-json\/wp\/v2\/types\/page"}],"author":[{"embeddable":true,"href":"https:\/\/magntec.se\/index.php\/wp-json\/wp\/v2\/users\/1"}],"replies":[{"embeddable":true,"href":"https:\/\/magntec.se\/index.php\/wp-json\/wp\/v2\/comments?post=483"}],"version-history":[{"count":8,"href":"https:\/\/magntec.se\/index.php\/wp-json\/wp\/v2\/pages\/483\/revisions"}],"predecessor-version":[{"id":937,"href":"https:\/\/magntec.se\/index.php\/wp-json\/wp\/v2\/pages\/483\/revisions\/937"}],"wp:attachment":[{"href":"https:\/\/magntec.se\/index.php\/wp-json\/wp\/v2\/media?parent=483"}],"curies":[{"name":"wp","href":"https:\/\/api.w.org\/{rel}","templated":true}]}}