{"id":494,"date":"2023-12-07T19:34:23","date_gmt":"2023-12-07T19:34:23","guid":{"rendered":"https:\/\/magntec.se\/?page_id=494"},"modified":"2024-06-19T09:49:50","modified_gmt":"2024-06-19T09:49:50","slug":"produktutveckling","status":"publish","type":"page","link":"https:\/\/magntec.se\/index.php\/produktutveckling\/","title":{"rendered":"Produktutveckling"},"content":{"rendered":"\t\t<div data-elementor-type=\"wp-page\" data-elementor-id=\"494\" class=\"elementor elementor-494\">\n\t\t\t\t<div class=\"elementor-element elementor-element-3bfd167a e-flex e-con-boxed e-con e-parent\" data-id=\"3bfd167a\" data-element_type=\"container\" data-settings=\"{&quot;background_background&quot;:&quot;slideshow&quot;,&quot;background_slideshow_gallery&quot;:[{&quot;id&quot;:142,&quot;url&quot;:&quot;https:\\\/\\\/magntec.se\\\/wp-content\\\/uploads\\\/2023\\\/10\\\/magntec_product-development_2560x1607.jpg&quot;}],&quot;background_slideshow_loop&quot;:&quot;yes&quot;,&quot;background_slideshow_slide_duration&quot;:5000,&quot;background_slideshow_slide_transition&quot;:&quot;fade&quot;,&quot;background_slideshow_transition_duration&quot;:500}\">\n\t\t\t\t\t<div class=\"e-con-inner\">\n\t\t\t\t\t<\/div>\n\t\t\t\t<\/div>\n\t\t<div class=\"elementor-element elementor-element-69fd42b5 e-flex e-con-boxed e-con e-parent\" data-id=\"69fd42b5\" data-element_type=\"container\" data-settings=\"{&quot;background_background&quot;:&quot;slideshow&quot;,&quot;background_slideshow_gallery&quot;:[],&quot;background_slideshow_loop&quot;:&quot;yes&quot;,&quot;background_slideshow_slide_duration&quot;:5000,&quot;background_slideshow_slide_transition&quot;:&quot;fade&quot;,&quot;background_slideshow_transition_duration&quot;:500}\">\n\t\t\t\t\t<div class=\"e-con-inner\">\n\t\t\t\t<div class=\"elementor-element elementor-element-7d32b737 elementor-widget elementor-widget-html\" data-id=\"7d32b737\" data-element_type=\"widget\" data-widget_type=\"html.default\">\n\t\t\t\t<div class=\"elementor-widget-container\">\n\t\t\t<!DOCTYPE html>\r\n<html>\r\n  <head>\r\n    <title>Min hemsida<\/title>\r\n    <style>\r\n      \/* CSS-kod f\u00f6r breadcrumbs *\/\r\n      .breadcrumbs {\r\n        font-size: 14px;\r\n        margin: 0px 0;\r\n      }\r\n      .breadcrumbs a {\r\n        text-decoration: none;\r\n        color: #666;\r\n      }\r\n      .breadcrumbs a:hover {\r\n        color: #000;\r\n      }\r\n      .breadcrumbs span {\r\n        color: #999;\r\n        margin: 0 5px;\r\n      }\r\n      .breadcrumbs span:last-child {\r\n        margin-right: 0;\r\n      }\r\n      \r\n      \/* CSS-kod f\u00f6r typsnitt *\/\r\n      body \r\n\t  \r\n\t  {\r\n        font-family: Libre Franklin, sans-serif;\r\n      }\r\n      \r\n\t  h1 \r\n\t  \r\n\t  {\r\n        font-family: \"Times New Roman\", serif;\r\n      }\r\n\r\n      \/* \u00d6vrig CSS-kod *\/\r\n      \r\n\t  p \r\n\t  {\r\n        font-size: 16px;\r\n        line-height: 1.5;\r\n        color: #333;\r\n      }\r\n     \r\n      a:hover \r\n\t  {\r\n        text-decoration: underline;\r\n      }\r\n\t  \r\n    <\/style>\r\n  <\/head>\r\n  <body>\r\n    <!-- Breadcrumbs -->\r\n    <div class=\"breadcrumbs\">\r\n      <a href=\"https:\/\/www.magntec.se\/\">Hem<\/a>\r\n      <span>>><\/span>\r\n      <a href=\"https:\/\/magntec.se\/index.php\/vart-erbjudande\/\">V\u00e5rt Erbjudande<\/a>\r\n      <span>>><\/span>\r\n      <a href=\"https:\/\/magntec.se\/index.php\/produktutveckling\/\">Produktutveckling<\/a>\r\n      <span><\/span>  \r\n    <\/div>\r\n  <\/body>\r\n<\/html>\t\t<\/div>\n\t\t\t\t<\/div>\n\t\t\t\t\t<\/div>\n\t\t\t\t<\/div>\n\t\t<div class=\"elementor-element elementor-element-4766688e e-flex e-con-boxed e-con e-parent\" data-id=\"4766688e\" data-element_type=\"container\">\n\t\t\t\t\t<div class=\"e-con-inner\">\n\t\t<div class=\"elementor-element elementor-element-e001ede e-con-full e-flex e-con e-child\" data-id=\"e001ede\" data-element_type=\"container\">\n\t\t\t\t<div class=\"elementor-element elementor-element-7c6051c6 elementor-widget elementor-widget-image\" data-id=\"7c6051c6\" data-element_type=\"widget\" data-widget_type=\"image.default\">\n\t\t\t\t<div class=\"elementor-widget-container\">\n\t\t\t<style>\/*! elementor - v3.22.0 - 26-06-2024 *\/\n.elementor-widget-image{text-align:center}.elementor-widget-image a{display:inline-block}.elementor-widget-image a img[src$=\".svg\"]{width:48px}.elementor-widget-image img{vertical-align:middle;display:inline-block}<\/style>\t\t\t\t\t\t\t\t\t\t<img decoding=\"async\" width=\"72\" height=\"72\" src=\"https:\/\/magntec.se\/wp-content\/uploads\/2023\/10\/prick-04.png\" class=\"attachment-large size-large wp-image-150\" alt=\"\" \/>\t\t\t\t\t\t\t\t\t\t\t\t\t<\/div>\n\t\t\t\t<\/div>\n\t\t\t\t<\/div>\n\t\t<div class=\"elementor-element elementor-element-505c237e e-con-full e-flex e-con e-child\" data-id=\"505c237e\" data-element_type=\"container\">\n\t\t\t\t<div class=\"elementor-element elementor-element-29d94f5b elementor-widget elementor-widget-heading\" data-id=\"29d94f5b\" data-element_type=\"widget\" data-widget_type=\"heading.default\">\n\t\t\t\t<div class=\"elementor-widget-container\">\n\t\t\t<style>\/*! elementor - v3.22.0 - 26-06-2024 *\/\n.elementor-heading-title{padding:0;margin:0;line-height:1}.elementor-widget-heading .elementor-heading-title[class*=elementor-size-]>a{color:inherit;font-size:inherit;line-height:inherit}.elementor-widget-heading .elementor-heading-title.elementor-size-small{font-size:15px}.elementor-widget-heading .elementor-heading-title.elementor-size-medium{font-size:19px}.elementor-widget-heading .elementor-heading-title.elementor-size-large{font-size:29px}.elementor-widget-heading .elementor-heading-title.elementor-size-xl{font-size:39px}.elementor-widget-heading .elementor-heading-title.elementor-size-xxl{font-size:59px}<\/style><h2 class=\"elementor-heading-title elementor-size-default\">Produktutveckling<\/h2>\t\t<\/div>\n\t\t\t\t<\/div>\n\t\t\t\t<\/div>\n\t\t\t\t\t<\/div>\n\t\t\t\t<\/div>\n\t\t<div class=\"elementor-element elementor-element-791e211 e-flex e-con-boxed e-con e-parent\" data-id=\"791e211\" data-element_type=\"container\">\n\t\t\t\t\t<div class=\"e-con-inner\">\n\t\t\t\t<div class=\"elementor-element elementor-element-6a0e8c50 elementor-widget elementor-widget-text-editor\" data-id=\"6a0e8c50\" data-element_type=\"widget\" data-widget_type=\"text-editor.default\">\n\t\t\t\t<div class=\"elementor-widget-container\">\n\t\t\t<style>\/*! elementor - v3.22.0 - 26-06-2024 *\/\n.elementor-widget-text-editor.elementor-drop-cap-view-stacked .elementor-drop-cap{background-color:#69727d;color:#fff}.elementor-widget-text-editor.elementor-drop-cap-view-framed .elementor-drop-cap{color:#69727d;border:3px solid;background-color:transparent}.elementor-widget-text-editor:not(.elementor-drop-cap-view-default) .elementor-drop-cap{margin-top:8px}.elementor-widget-text-editor:not(.elementor-drop-cap-view-default) .elementor-drop-cap-letter{width:1em;height:1em}.elementor-widget-text-editor .elementor-drop-cap{float:left;text-align:center;line-height:1;font-size:50px}.elementor-widget-text-editor .elementor-drop-cap-letter{display:inline-block}<\/style>\t\t\t\t<p>Magntec kan erbjuda hj\u00e4lp med er produktutveckling, vi kan erbjuda att genomf\u00f6ra ett projekt med hj\u00e4lp av externa resurser f\u00f6r att avlasta era interna resurser eller att g\u00e5 in och st\u00f6tta era interna resurser med produktutvecklingen.<br \/>Magntec kan hj\u00e4lpa er\u00a0med id\u00e9generering, konceptvalidering, resurser f\u00f6r utveckling och projektledning.<br \/><br \/>En helentreprenad inneb\u00e4r att vi tillsammans utarbetar en projektbest\u00e4llning som planeras och resurss\u00e4tts av Magntec med hj\u00e4lp av de partners som beh\u00f6vs f\u00f6r just det h\u00e4r projektet.<br \/>Magntec har partnerf\u00f6retag som t\u00e4cker allt fr\u00e5n mekanikutveckling, elektronik och mjukvaruutveckling till IoT, Machine vision, Machine &amp; Deep learning teknologier.<br \/>Beroende p\u00e5 uppdraget s\u00e4kras resurser fr\u00e5n de partners som beh\u00f6vs f\u00f6r utvecklingen av er produkt.<br \/>Avst\u00e4mning sker givetvis regelbundet f\u00f6r att se att projektet \u00e4r p\u00e5 r\u00e4tt v\u00e4g, styrgruppen och projektgruppen m\u00e5ste ha interna representanter.<br \/><br \/>Magntec kan givetvis ocks\u00e5 g\u00e5 in och st\u00f6tta d\u00e4r det beh\u00f6vs, allt fr\u00e5n projektledning till att utveckla delkomponenter med n\u00e5gon av v\u00e5ra partners.<br \/>Ni \u00e4r \u00e4ven v\u00e4lkommen att kontakta oss f\u00f6r att f\u00e5 r\u00e5d och tips p\u00e5 vilken partner ni beh\u00f6ver f\u00f6r er utveckling, vi kan f\u00f6rmedla kontakten till v\u00e5ra partners eller utv\u00e4rdera potentiella partners \u00e5t er f\u00f6r att kartl\u00e4gga deras kompetens och kapacitet, h\u00e4r kan vi kartl\u00e4gga b\u00e5de produktutvecklingskapacitet samt f\u00f6rm\u00e5ga att sedan industrialisera produkten.<\/p>\t\t\t\t\t\t<\/div>\n\t\t\t\t<\/div>\n\t\t\t\t\t<\/div>\n\t\t\t\t<\/div>\n\t\t\t\t<\/div>\n\t\t","protected":false},"excerpt":{"rendered":"<p>Min hemsida Hem >> V\u00e5rt Erbjudande >> Produktutveckling Produktutveckling Magntec kan erbjuda hj\u00e4lp med er produktutveckling, vi kan erbjuda att genomf\u00f6ra ett projekt med hj\u00e4lp av externa resurser f\u00f6r att avlasta era interna resurser eller att g\u00e5 in och st\u00f6tta era interna resurser med produktutvecklingen.Magntec kan hj\u00e4lpa er\u00a0med id\u00e9generering, konceptvalidering, resurser f\u00f6r utveckling och projektledning. [&hellip;]<\/p>\n","protected":false},"author":1,"featured_media":0,"parent":0,"menu_order":0,"comment_status":"closed","ping_status":"closed","template":"","meta":{"footnotes":""},"class_list":["post-494","page","type-page","status-publish","hentry"],"yoast_head":"<!-- This site is optimized with the Yoast SEO plugin v22.9 - https:\/\/yoast.com\/wordpress\/plugins\/seo\/ -->\n<title>Produktutveckling - Magntec<\/title>\n<meta name=\"robots\" content=\"index, follow, max-snippet:-1, max-image-preview:large, max-video-preview:-1\" \/>\n<link rel=\"canonical\" href=\"https:\/\/magntec.se\/index.php\/produktutveckling\/\" \/>\n<meta property=\"og:locale\" content=\"sv_SE\" \/>\n<meta property=\"og:type\" content=\"article\" \/>\n<meta property=\"og:title\" content=\"Produktutveckling - Magntec\" \/>\n<meta property=\"og:description\" content=\"Min hemsida Hem &gt;&gt; V\u00e5rt Erbjudande &gt;&gt; Produktutveckling Produktutveckling Magntec kan erbjuda hj\u00e4lp med er produktutveckling, vi kan erbjuda att genomf\u00f6ra ett projekt med hj\u00e4lp av externa resurser f\u00f6r att avlasta era interna resurser eller att g\u00e5 in och st\u00f6tta era interna resurser med produktutvecklingen.Magntec kan hj\u00e4lpa er\u00a0med id\u00e9generering, konceptvalidering, resurser f\u00f6r utveckling och projektledning. [&hellip;]\" \/>\n<meta property=\"og:url\" content=\"https:\/\/magntec.se\/index.php\/produktutveckling\/\" \/>\n<meta property=\"og:site_name\" content=\"Magntec\" \/>\n<meta property=\"article:modified_time\" content=\"2024-06-19T09:49:50+00:00\" \/>\n<meta property=\"og:image\" content=\"https:\/\/magntec.se\/wp-content\/uploads\/2023\/10\/prick-04.png\" \/>\n<meta name=\"twitter:card\" content=\"summary_large_image\" \/>\n<meta name=\"twitter:label1\" content=\"Ber\u00e4knad l\u00e4stid\" \/>\n\t<meta name=\"twitter:data1\" content=\"2 minuter\" \/>\n<script type=\"application\/ld+json\" class=\"yoast-schema-graph\">{\"@context\":\"https:\/\/schema.org\",\"@graph\":[{\"@type\":\"WebPage\",\"@id\":\"https:\/\/magntec.se\/index.php\/produktutveckling\/\",\"url\":\"https:\/\/magntec.se\/index.php\/produktutveckling\/\",\"name\":\"Produktutveckling - Magntec\",\"isPartOf\":{\"@id\":\"https:\/\/magntec.se\/#website\"},\"primaryImageOfPage\":{\"@id\":\"https:\/\/magntec.se\/index.php\/produktutveckling\/#primaryimage\"},\"image\":{\"@id\":\"https:\/\/magntec.se\/index.php\/produktutveckling\/#primaryimage\"},\"thumbnailUrl\":\"https:\/\/magntec.se\/wp-content\/uploads\/2023\/10\/prick-04.png\",\"datePublished\":\"2023-12-07T19:34:23+00:00\",\"dateModified\":\"2024-06-19T09:49:50+00:00\",\"breadcrumb\":{\"@id\":\"https:\/\/magntec.se\/index.php\/produktutveckling\/#breadcrumb\"},\"inLanguage\":\"sv-SE\",\"potentialAction\":[{\"@type\":\"ReadAction\",\"target\":[\"https:\/\/magntec.se\/index.php\/produktutveckling\/\"]}]},{\"@type\":\"ImageObject\",\"inLanguage\":\"sv-SE\",\"@id\":\"https:\/\/magntec.se\/index.php\/produktutveckling\/#primaryimage\",\"url\":\"https:\/\/magntec.se\/wp-content\/uploads\/2023\/10\/prick-04.png\",\"contentUrl\":\"https:\/\/magntec.se\/wp-content\/uploads\/2023\/10\/prick-04.png\",\"width\":72,\"height\":72},{\"@type\":\"BreadcrumbList\",\"@id\":\"https:\/\/magntec.se\/index.php\/produktutveckling\/#breadcrumb\",\"itemListElement\":[{\"@type\":\"ListItem\",\"position\":1,\"name\":\"Hem\",\"item\":\"https:\/\/magntec.se\/\"},{\"@type\":\"ListItem\",\"position\":2,\"name\":\"Produktutveckling\"}]},{\"@type\":\"WebSite\",\"@id\":\"https:\/\/magntec.se\/#website\",\"url\":\"https:\/\/magntec.se\/\",\"name\":\"Magntec\",\"description\":\"\",\"publisher\":{\"@id\":\"https:\/\/magntec.se\/#organization\"},\"potentialAction\":[{\"@type\":\"SearchAction\",\"target\":{\"@type\":\"EntryPoint\",\"urlTemplate\":\"https:\/\/magntec.se\/?s={search_term_string}\"},\"query-input\":\"required name=search_term_string\"}],\"inLanguage\":\"sv-SE\"},{\"@type\":\"Organization\",\"@id\":\"https:\/\/magntec.se\/#organization\",\"name\":\"Magntec\",\"url\":\"https:\/\/magntec.se\/\",\"logo\":{\"@type\":\"ImageObject\",\"inLanguage\":\"sv-SE\",\"@id\":\"https:\/\/magntec.se\/#\/schema\/logo\/image\/\",\"url\":\"https:\/\/magntec.se\/wp-content\/uploads\/2023\/10\/Magntec-horisontal.png\",\"contentUrl\":\"https:\/\/magntec.se\/wp-content\/uploads\/2023\/10\/Magntec-horisontal.png\",\"width\":3939,\"height\":644,\"caption\":\"Magntec\"},\"image\":{\"@id\":\"https:\/\/magntec.se\/#\/schema\/logo\/image\/\"}}]}<\/script>\n<!-- \/ Yoast SEO plugin. -->","yoast_head_json":{"title":"Produktutveckling - Magntec","robots":{"index":"index","follow":"follow","max-snippet":"max-snippet:-1","max-image-preview":"max-image-preview:large","max-video-preview":"max-video-preview:-1"},"canonical":"https:\/\/magntec.se\/index.php\/produktutveckling\/","og_locale":"sv_SE","og_type":"article","og_title":"Produktutveckling - Magntec","og_description":"Min hemsida Hem >> V\u00e5rt Erbjudande >> Produktutveckling Produktutveckling Magntec kan erbjuda hj\u00e4lp med er produktutveckling, vi kan erbjuda att genomf\u00f6ra ett projekt med hj\u00e4lp av externa resurser f\u00f6r att avlasta era interna resurser eller att g\u00e5 in och st\u00f6tta era interna resurser med produktutvecklingen.Magntec kan hj\u00e4lpa er\u00a0med id\u00e9generering, konceptvalidering, resurser f\u00f6r utveckling och projektledning. [&hellip;]","og_url":"https:\/\/magntec.se\/index.php\/produktutveckling\/","og_site_name":"Magntec","article_modified_time":"2024-06-19T09:49:50+00:00","og_image":[{"url":"https:\/\/magntec.se\/wp-content\/uploads\/2023\/10\/prick-04.png"}],"twitter_card":"summary_large_image","twitter_misc":{"Ber\u00e4knad l\u00e4stid":"2 minuter"},"schema":{"@context":"https:\/\/schema.org","@graph":[{"@type":"WebPage","@id":"https:\/\/magntec.se\/index.php\/produktutveckling\/","url":"https:\/\/magntec.se\/index.php\/produktutveckling\/","name":"Produktutveckling - Magntec","isPartOf":{"@id":"https:\/\/magntec.se\/#website"},"primaryImageOfPage":{"@id":"https:\/\/magntec.se\/index.php\/produktutveckling\/#primaryimage"},"image":{"@id":"https:\/\/magntec.se\/index.php\/produktutveckling\/#primaryimage"},"thumbnailUrl":"https:\/\/magntec.se\/wp-content\/uploads\/2023\/10\/prick-04.png","datePublished":"2023-12-07T19:34:23+00:00","dateModified":"2024-06-19T09:49:50+00:00","breadcrumb":{"@id":"https:\/\/magntec.se\/index.php\/produktutveckling\/#breadcrumb"},"inLanguage":"sv-SE","potentialAction":[{"@type":"ReadAction","target":["https:\/\/magntec.se\/index.php\/produktutveckling\/"]}]},{"@type":"ImageObject","inLanguage":"sv-SE","@id":"https:\/\/magntec.se\/index.php\/produktutveckling\/#primaryimage","url":"https:\/\/magntec.se\/wp-content\/uploads\/2023\/10\/prick-04.png","contentUrl":"https:\/\/magntec.se\/wp-content\/uploads\/2023\/10\/prick-04.png","width":72,"height":72},{"@type":"BreadcrumbList","@id":"https:\/\/magntec.se\/index.php\/produktutveckling\/#breadcrumb","itemListElement":[{"@type":"ListItem","position":1,"name":"Hem","item":"https:\/\/magntec.se\/"},{"@type":"ListItem","position":2,"name":"Produktutveckling"}]},{"@type":"WebSite","@id":"https:\/\/magntec.se\/#website","url":"https:\/\/magntec.se\/","name":"Magntec","description":"","publisher":{"@id":"https:\/\/magntec.se\/#organization"},"potentialAction":[{"@type":"SearchAction","target":{"@type":"EntryPoint","urlTemplate":"https:\/\/magntec.se\/?s={search_term_string}"},"query-input":"required name=search_term_string"}],"inLanguage":"sv-SE"},{"@type":"Organization","@id":"https:\/\/magntec.se\/#organization","name":"Magntec","url":"https:\/\/magntec.se\/","logo":{"@type":"ImageObject","inLanguage":"sv-SE","@id":"https:\/\/magntec.se\/#\/schema\/logo\/image\/","url":"https:\/\/magntec.se\/wp-content\/uploads\/2023\/10\/Magntec-horisontal.png","contentUrl":"https:\/\/magntec.se\/wp-content\/uploads\/2023\/10\/Magntec-horisontal.png","width":3939,"height":644,"caption":"Magntec"},"image":{"@id":"https:\/\/magntec.se\/#\/schema\/logo\/image\/"}}]}},"_links":{"self":[{"href":"https:\/\/magntec.se\/index.php\/wp-json\/wp\/v2\/pages\/494","targetHints":{"allow":["GET"]}}],"collection":[{"href":"https:\/\/magntec.se\/index.php\/wp-json\/wp\/v2\/pages"}],"about":[{"href":"https:\/\/magntec.se\/index.php\/wp-json\/wp\/v2\/types\/page"}],"author":[{"embeddable":true,"href":"https:\/\/magntec.se\/index.php\/wp-json\/wp\/v2\/users\/1"}],"replies":[{"embeddable":true,"href":"https:\/\/magntec.se\/index.php\/wp-json\/wp\/v2\/comments?post=494"}],"version-history":[{"count":8,"href":"https:\/\/magntec.se\/index.php\/wp-json\/wp\/v2\/pages\/494\/revisions"}],"predecessor-version":[{"id":945,"href":"https:\/\/magntec.se\/index.php\/wp-json\/wp\/v2\/pages\/494\/revisions\/945"}],"wp:attachment":[{"href":"https:\/\/magntec.se\/index.php\/wp-json\/wp\/v2\/media?parent=494"}],"curies":[{"name":"wp","href":"https:\/\/api.w.org\/{rel}","templated":true}]}}