{"id":568,"date":"2023-12-10T13:19:33","date_gmt":"2023-12-10T13:19:33","guid":{"rendered":"https:\/\/magntec.se\/?page_id=568"},"modified":"2024-06-19T09:53:13","modified_gmt":"2024-06-19T09:53:13","slug":"portfoljhantering","status":"publish","type":"page","link":"https:\/\/magntec.se\/index.php\/portfoljhantering\/","title":{"rendered":"Portf\u00f6ljhantering"},"content":{"rendered":"\t\t<div data-elementor-type=\"wp-page\" data-elementor-id=\"568\" class=\"elementor elementor-568\">\n\t\t\t\t<div class=\"elementor-element elementor-element-5e7992bf e-flex e-con-boxed e-con e-parent\" data-id=\"5e7992bf\" data-element_type=\"container\" data-settings=\"{&quot;background_background&quot;:&quot;slideshow&quot;,&quot;background_slideshow_gallery&quot;:[{&quot;id&quot;:138,&quot;url&quot;:&quot;https:\\\/\\\/magntec.se\\\/wp-content\\\/uploads\\\/2023\\\/10\\\/magntec_portfolio-management_430x270.jpg&quot;}],&quot;background_slideshow_loop&quot;:&quot;yes&quot;,&quot;background_slideshow_slide_duration&quot;:5000,&quot;background_slideshow_slide_transition&quot;:&quot;fade&quot;,&quot;background_slideshow_transition_duration&quot;:500}\">\n\t\t\t\t\t<div class=\"e-con-inner\">\n\t\t\t\t\t<\/div>\n\t\t\t\t<\/div>\n\t\t<div class=\"elementor-element elementor-element-1d31917b e-flex e-con-boxed e-con e-parent\" data-id=\"1d31917b\" data-element_type=\"container\" data-settings=\"{&quot;background_background&quot;:&quot;slideshow&quot;,&quot;background_slideshow_gallery&quot;:[],&quot;background_slideshow_loop&quot;:&quot;yes&quot;,&quot;background_slideshow_slide_duration&quot;:5000,&quot;background_slideshow_slide_transition&quot;:&quot;fade&quot;,&quot;background_slideshow_transition_duration&quot;:500}\">\n\t\t\t\t\t<div class=\"e-con-inner\">\n\t\t\t\t<div class=\"elementor-element elementor-element-652cab15 elementor-widget elementor-widget-html\" data-id=\"652cab15\" data-element_type=\"widget\" data-widget_type=\"html.default\">\n\t\t\t\t<div class=\"elementor-widget-container\">\n\t\t\t<!DOCTYPE html>\r\n<html>\r\n  <head>\r\n    <title>Min hemsida<\/title>\r\n    <style>\r\n      \/* CSS-kod f\u00f6r breadcrumbs *\/\r\n      .breadcrumbs {\r\n        font-size: 14px;\r\n        margin: 0px 0;\r\n      }\r\n      .breadcrumbs a {\r\n        text-decoration: none;\r\n        color: #666;\r\n      }\r\n      .breadcrumbs a:hover {\r\n        color: #000;\r\n      }\r\n      .breadcrumbs span {\r\n        color: #999;\r\n        margin: 0 5px;\r\n      }\r\n      .breadcrumbs span:last-child {\r\n        margin-right: 0;\r\n      }\r\n      \r\n      \/* CSS-kod f\u00f6r typsnitt *\/\r\n      body \r\n\t  \r\n\t  {\r\n        font-family: Libre Franklin, sans-serif;\r\n      }\r\n      \r\n\t  h1 \r\n\t  \r\n\t  {\r\n        font-family: \"Times New Roman\", serif;\r\n      }\r\n\r\n      \/* \u00d6vrig CSS-kod *\/\r\n      \r\n\t  p \r\n\t  {\r\n        font-size: 16px;\r\n        line-height: 1.5;\r\n        color: #333;\r\n      }\r\n     \r\n      a:hover \r\n\t  {\r\n        text-decoration: underline;\r\n      }\r\n\t  \r\n    <\/style>\r\n  <\/head>\r\n  <body>\r\n    <!-- Breadcrumbs -->\r\n    <div class=\"breadcrumbs\">\r\n      <a href=\"https:\/\/www.magntec.se\/\">Hem<\/a>\r\n      <span>>><\/span>\r\n      <a href=\"https:\/\/magntec.se\/index.php\/vart-erbjudande\/\">V\u00e5rt Erbjudande<\/a>\r\n      <span>>><\/span>\r\n      <a href=\"https:\/\/magntec.se\/index.php\/portfoljhantering\/\">Portf\u00f6ljhantering<\/a>\r\n      <span><\/span>  \r\n    <\/div>\r\n  <\/body>\r\n<\/html>\t\t<\/div>\n\t\t\t\t<\/div>\n\t\t\t\t\t<\/div>\n\t\t\t\t<\/div>\n\t\t<div class=\"elementor-element elementor-element-42f2f434 e-flex e-con-boxed e-con e-parent\" data-id=\"42f2f434\" data-element_type=\"container\">\n\t\t\t\t\t<div class=\"e-con-inner\">\n\t\t<div class=\"elementor-element elementor-element-a5d88e7 e-con-full e-flex e-con e-child\" data-id=\"a5d88e7\" data-element_type=\"container\">\n\t\t\t\t<div class=\"elementor-element elementor-element-6d94fa09 elementor-widget elementor-widget-image\" data-id=\"6d94fa09\" data-element_type=\"widget\" data-widget_type=\"image.default\">\n\t\t\t\t<div class=\"elementor-widget-container\">\n\t\t\t<style>\/*! elementor - v3.22.0 - 26-06-2024 *\/\n.elementor-widget-image{text-align:center}.elementor-widget-image a{display:inline-block}.elementor-widget-image a img[src$=\".svg\"]{width:48px}.elementor-widget-image img{vertical-align:middle;display:inline-block}<\/style>\t\t\t\t\t\t\t\t\t\t<img decoding=\"async\" width=\"72\" height=\"72\" src=\"https:\/\/magntec.se\/wp-content\/uploads\/2023\/10\/prick-04.png\" class=\"attachment-large size-large wp-image-150\" alt=\"\" \/>\t\t\t\t\t\t\t\t\t\t\t\t\t<\/div>\n\t\t\t\t<\/div>\n\t\t\t\t<\/div>\n\t\t<div class=\"elementor-element elementor-element-c0e9e44 e-con-full e-flex e-con e-child\" data-id=\"c0e9e44\" data-element_type=\"container\">\n\t\t\t\t<div class=\"elementor-element elementor-element-761b706e elementor-widget elementor-widget-heading\" data-id=\"761b706e\" data-element_type=\"widget\" data-widget_type=\"heading.default\">\n\t\t\t\t<div class=\"elementor-widget-container\">\n\t\t\t<style>\/*! elementor - v3.22.0 - 26-06-2024 *\/\n.elementor-heading-title{padding:0;margin:0;line-height:1}.elementor-widget-heading .elementor-heading-title[class*=elementor-size-]>a{color:inherit;font-size:inherit;line-height:inherit}.elementor-widget-heading .elementor-heading-title.elementor-size-small{font-size:15px}.elementor-widget-heading .elementor-heading-title.elementor-size-medium{font-size:19px}.elementor-widget-heading .elementor-heading-title.elementor-size-large{font-size:29px}.elementor-widget-heading .elementor-heading-title.elementor-size-xl{font-size:39px}.elementor-widget-heading .elementor-heading-title.elementor-size-xxl{font-size:59px}<\/style><h2 class=\"elementor-heading-title elementor-size-default\">Portf\u00f6ljhantering<\/h2>\t\t<\/div>\n\t\t\t\t<\/div>\n\t\t\t\t<\/div>\n\t\t\t\t\t<\/div>\n\t\t\t\t<\/div>\n\t\t<div class=\"elementor-element elementor-element-1bc44416 e-flex e-con-boxed e-con e-parent\" data-id=\"1bc44416\" data-element_type=\"container\">\n\t\t\t\t\t<div class=\"e-con-inner\">\n\t\t\t\t<div class=\"elementor-element elementor-element-62837d5 elementor-widget elementor-widget-text-editor\" data-id=\"62837d5\" data-element_type=\"widget\" data-widget_type=\"text-editor.default\">\n\t\t\t\t<div class=\"elementor-widget-container\">\n\t\t\t<style>\/*! elementor - v3.22.0 - 26-06-2024 *\/\n.elementor-widget-text-editor.elementor-drop-cap-view-stacked .elementor-drop-cap{background-color:#69727d;color:#fff}.elementor-widget-text-editor.elementor-drop-cap-view-framed .elementor-drop-cap{color:#69727d;border:3px solid;background-color:transparent}.elementor-widget-text-editor:not(.elementor-drop-cap-view-default) .elementor-drop-cap{margin-top:8px}.elementor-widget-text-editor:not(.elementor-drop-cap-view-default) .elementor-drop-cap-letter{width:1em;height:1em}.elementor-widget-text-editor .elementor-drop-cap{float:left;text-align:center;line-height:1;font-size:50px}.elementor-widget-text-editor .elementor-drop-cap-letter{display:inline-block}<\/style>\t\t\t\t<p><strong>Magntec har m\u00e5nga \u00e5r av erfarenhet fr\u00e5n portf\u00f6ljledning s\u00e5 vi kan hj\u00e4lpa er att utveckla er produkt och projektportf\u00f6lj.<\/strong><br \/>Vi kan \u00e4ven sk\u00f6ta er projektportf\u00f6lj p\u00e5 entreprenad men vi ser detta som ett k\u00e4rnv\u00e4rde f\u00f6r alla f\u00f6retag och ser helst att coacha er att bygga upp denna funktion.<br \/><br \/>Att hantera en produktportf\u00f6lj kr\u00e4ver en v\u00e4l inarbetad struktur f\u00f6r att skapa en utvecklingsplan som f\u00f6ljer f\u00f6retagets strategi, som \u00e4r tillr\u00e4ckligt agil f\u00f6r att hantera de f\u00f6r\u00e4ndringar som sker i v\u00e4rlden samtidigt som den kan st\u00e5 emot kunder som &#8221;skriker h\u00f6gst&#8221; men inte matchar f\u00f6retagets strategi.<br \/>Portf\u00f6ljhantering\u00a0handlar mycket om att prioritera, f\u00f6rsta steget vilka produkter eller teknologier som ska utvecklas, underh\u00e5llas eller fasas ut.<br \/>Detta skall sedan ligga till grund f\u00f6r en projektportf\u00f6lj som styr det utvecklingsarbetet som m\u00e5ste g\u00f6ras p\u00e5 f\u00f6retaget s\u00e5 att f\u00f6retaget kan\u00a0fokusera p\u00e5 r\u00e4tt projekt och utveckla en sammanh\u00e5llen portf\u00f6lj av produkter och teknologier.<br \/>Portf\u00f6ljen ska ocks\u00e5 bidra till marknadsstrategin och hj\u00e4lpa till att bygga varum\u00e4rket, st\u00e4rka f\u00f6retaget och bygga framtida strategi.<br \/><br \/>Det som oftast \u00e4r sv\u00e5righeten \u00e4r f\u00f6retagets f\u00f6rm\u00e5ga att s\u00e4ga nej till det som inte tillf\u00f6r n\u00e5got, delvis p\u00e5 grund av att man inte har ett strukturerat arbetss\u00e4tt som g\u00f6r att man ser vad som tillf\u00f6r v\u00e4rde eller inte. Delvis f\u00f6r att man g\u00e4rna vill vara kunderna till lags och d\u00e4rf\u00f6r tackar ja till mer \u00e4n vad organisationen kan hantera.<br \/>Detta leder oftast till att man f\u00f6rs\u00f6ker g\u00f6ra mer \u00e4n vad man har resurser f\u00f6r, kan man d\u00e5 inte s\u00e4ga nej aktivt till vissa projekt s\u00e5 s\u00e4ger man oftast nej till samtliga d\u00e5 brist p\u00e5 resurser leder till att samtliga aktiviteter blir f\u00f6rsenade och chansen att var f\u00f6rst ut kan f\u00f6rloras.<br \/>En vital del i portf\u00f6ljhantering \u00e4r att definiera vilka kunder som f\u00f6retaget v\u00e4nder sig till, vilka kunder vi s\u00e4ljer till om de vill k\u00f6pa och vilka kunder man s\u00e4ger nej till.<br \/>\u200b<br \/>Med gedigen kunskap inom omr\u00e5det kan vi hj\u00e4lpa f\u00f6retag att driva en aktiv portf\u00f6ljhantering som ger relevant beslutsunderlag och \u00f6verblick \u00f6ver status och resursbehov i p\u00e5g\u00e5ende och planerade projekt.\u00a0\u200b<\/p>\t\t\t\t\t\t<\/div>\n\t\t\t\t<\/div>\n\t\t\t\t\t<\/div>\n\t\t\t\t<\/div>\n\t\t\t\t<\/div>\n\t\t","protected":false},"excerpt":{"rendered":"<p>Min hemsida Hem >> V\u00e5rt Erbjudande >> Portf\u00f6ljhantering Portf\u00f6ljhantering Magntec har m\u00e5nga \u00e5r av erfarenhet fr\u00e5n portf\u00f6ljledning s\u00e5 vi kan hj\u00e4lpa er att utveckla er produkt och projektportf\u00f6lj.Vi kan \u00e4ven sk\u00f6ta er projektportf\u00f6lj p\u00e5 entreprenad men vi ser detta som ett k\u00e4rnv\u00e4rde f\u00f6r alla f\u00f6retag och ser helst att coacha er att bygga upp denna [&hellip;]<\/p>\n","protected":false},"author":1,"featured_media":0,"parent":0,"menu_order":0,"comment_status":"closed","ping_status":"closed","template":"","meta":{"footnotes":""},"class_list":["post-568","page","type-page","status-publish","hentry"],"yoast_head":"<!-- This site is optimized with the Yoast SEO plugin v22.9 - https:\/\/yoast.com\/wordpress\/plugins\/seo\/ -->\n<title>Portf\u00f6ljhantering - Magntec<\/title>\n<meta name=\"robots\" content=\"index, follow, max-snippet:-1, max-image-preview:large, max-video-preview:-1\" \/>\n<link rel=\"canonical\" href=\"https:\/\/magntec.se\/index.php\/portfoljhantering\/\" \/>\n<meta property=\"og:locale\" content=\"sv_SE\" \/>\n<meta property=\"og:type\" content=\"article\" \/>\n<meta property=\"og:title\" content=\"Portf\u00f6ljhantering - Magntec\" \/>\n<meta property=\"og:description\" content=\"Min hemsida Hem &gt;&gt; V\u00e5rt Erbjudande &gt;&gt; Portf\u00f6ljhantering Portf\u00f6ljhantering Magntec har m\u00e5nga \u00e5r av erfarenhet fr\u00e5n portf\u00f6ljledning s\u00e5 vi kan hj\u00e4lpa er att utveckla er produkt och projektportf\u00f6lj.Vi kan \u00e4ven sk\u00f6ta er projektportf\u00f6lj p\u00e5 entreprenad men vi ser detta som ett k\u00e4rnv\u00e4rde f\u00f6r alla f\u00f6retag och ser helst att coacha er att bygga upp denna [&hellip;]\" \/>\n<meta property=\"og:url\" content=\"https:\/\/magntec.se\/index.php\/portfoljhantering\/\" \/>\n<meta property=\"og:site_name\" content=\"Magntec\" \/>\n<meta property=\"article:modified_time\" content=\"2024-06-19T09:53:13+00:00\" \/>\n<meta property=\"og:image\" content=\"https:\/\/magntec.se\/wp-content\/uploads\/2023\/10\/prick-04.png\" \/>\n<meta name=\"twitter:card\" content=\"summary_large_image\" \/>\n<meta name=\"twitter:label1\" content=\"Ber\u00e4knad l\u00e4stid\" \/>\n\t<meta name=\"twitter:data1\" content=\"2 minuter\" \/>\n<script type=\"application\/ld+json\" class=\"yoast-schema-graph\">{\"@context\":\"https:\/\/schema.org\",\"@graph\":[{\"@type\":\"WebPage\",\"@id\":\"https:\/\/magntec.se\/index.php\/portfoljhantering\/\",\"url\":\"https:\/\/magntec.se\/index.php\/portfoljhantering\/\",\"name\":\"Portf\u00f6ljhantering - Magntec\",\"isPartOf\":{\"@id\":\"https:\/\/magntec.se\/#website\"},\"primaryImageOfPage\":{\"@id\":\"https:\/\/magntec.se\/index.php\/portfoljhantering\/#primaryimage\"},\"image\":{\"@id\":\"https:\/\/magntec.se\/index.php\/portfoljhantering\/#primaryimage\"},\"thumbnailUrl\":\"https:\/\/magntec.se\/wp-content\/uploads\/2023\/10\/prick-04.png\",\"datePublished\":\"2023-12-10T13:19:33+00:00\",\"dateModified\":\"2024-06-19T09:53:13+00:00\",\"breadcrumb\":{\"@id\":\"https:\/\/magntec.se\/index.php\/portfoljhantering\/#breadcrumb\"},\"inLanguage\":\"sv-SE\",\"potentialAction\":[{\"@type\":\"ReadAction\",\"target\":[\"https:\/\/magntec.se\/index.php\/portfoljhantering\/\"]}]},{\"@type\":\"ImageObject\",\"inLanguage\":\"sv-SE\",\"@id\":\"https:\/\/magntec.se\/index.php\/portfoljhantering\/#primaryimage\",\"url\":\"https:\/\/magntec.se\/wp-content\/uploads\/2023\/10\/prick-04.png\",\"contentUrl\":\"https:\/\/magntec.se\/wp-content\/uploads\/2023\/10\/prick-04.png\",\"width\":72,\"height\":72},{\"@type\":\"BreadcrumbList\",\"@id\":\"https:\/\/magntec.se\/index.php\/portfoljhantering\/#breadcrumb\",\"itemListElement\":[{\"@type\":\"ListItem\",\"position\":1,\"name\":\"Hem\",\"item\":\"https:\/\/magntec.se\/\"},{\"@type\":\"ListItem\",\"position\":2,\"name\":\"Portf\u00f6ljhantering\"}]},{\"@type\":\"WebSite\",\"@id\":\"https:\/\/magntec.se\/#website\",\"url\":\"https:\/\/magntec.se\/\",\"name\":\"Magntec\",\"description\":\"\",\"publisher\":{\"@id\":\"https:\/\/magntec.se\/#organization\"},\"potentialAction\":[{\"@type\":\"SearchAction\",\"target\":{\"@type\":\"EntryPoint\",\"urlTemplate\":\"https:\/\/magntec.se\/?s={search_term_string}\"},\"query-input\":\"required name=search_term_string\"}],\"inLanguage\":\"sv-SE\"},{\"@type\":\"Organization\",\"@id\":\"https:\/\/magntec.se\/#organization\",\"name\":\"Magntec\",\"url\":\"https:\/\/magntec.se\/\",\"logo\":{\"@type\":\"ImageObject\",\"inLanguage\":\"sv-SE\",\"@id\":\"https:\/\/magntec.se\/#\/schema\/logo\/image\/\",\"url\":\"https:\/\/magntec.se\/wp-content\/uploads\/2023\/10\/Magntec-horisontal.png\",\"contentUrl\":\"https:\/\/magntec.se\/wp-content\/uploads\/2023\/10\/Magntec-horisontal.png\",\"width\":3939,\"height\":644,\"caption\":\"Magntec\"},\"image\":{\"@id\":\"https:\/\/magntec.se\/#\/schema\/logo\/image\/\"}}]}<\/script>\n<!-- \/ Yoast SEO plugin. -->","yoast_head_json":{"title":"Portf\u00f6ljhantering - Magntec","robots":{"index":"index","follow":"follow","max-snippet":"max-snippet:-1","max-image-preview":"max-image-preview:large","max-video-preview":"max-video-preview:-1"},"canonical":"https:\/\/magntec.se\/index.php\/portfoljhantering\/","og_locale":"sv_SE","og_type":"article","og_title":"Portf\u00f6ljhantering - Magntec","og_description":"Min hemsida Hem >> V\u00e5rt Erbjudande >> Portf\u00f6ljhantering Portf\u00f6ljhantering Magntec har m\u00e5nga \u00e5r av erfarenhet fr\u00e5n portf\u00f6ljledning s\u00e5 vi kan hj\u00e4lpa er att utveckla er produkt och projektportf\u00f6lj.Vi kan \u00e4ven sk\u00f6ta er projektportf\u00f6lj p\u00e5 entreprenad men vi ser detta som ett k\u00e4rnv\u00e4rde f\u00f6r alla f\u00f6retag och ser helst att coacha er att bygga upp denna [&hellip;]","og_url":"https:\/\/magntec.se\/index.php\/portfoljhantering\/","og_site_name":"Magntec","article_modified_time":"2024-06-19T09:53:13+00:00","og_image":[{"url":"https:\/\/magntec.se\/wp-content\/uploads\/2023\/10\/prick-04.png"}],"twitter_card":"summary_large_image","twitter_misc":{"Ber\u00e4knad l\u00e4stid":"2 minuter"},"schema":{"@context":"https:\/\/schema.org","@graph":[{"@type":"WebPage","@id":"https:\/\/magntec.se\/index.php\/portfoljhantering\/","url":"https:\/\/magntec.se\/index.php\/portfoljhantering\/","name":"Portf\u00f6ljhantering - Magntec","isPartOf":{"@id":"https:\/\/magntec.se\/#website"},"primaryImageOfPage":{"@id":"https:\/\/magntec.se\/index.php\/portfoljhantering\/#primaryimage"},"image":{"@id":"https:\/\/magntec.se\/index.php\/portfoljhantering\/#primaryimage"},"thumbnailUrl":"https:\/\/magntec.se\/wp-content\/uploads\/2023\/10\/prick-04.png","datePublished":"2023-12-10T13:19:33+00:00","dateModified":"2024-06-19T09:53:13+00:00","breadcrumb":{"@id":"https:\/\/magntec.se\/index.php\/portfoljhantering\/#breadcrumb"},"inLanguage":"sv-SE","potentialAction":[{"@type":"ReadAction","target":["https:\/\/magntec.se\/index.php\/portfoljhantering\/"]}]},{"@type":"ImageObject","inLanguage":"sv-SE","@id":"https:\/\/magntec.se\/index.php\/portfoljhantering\/#primaryimage","url":"https:\/\/magntec.se\/wp-content\/uploads\/2023\/10\/prick-04.png","contentUrl":"https:\/\/magntec.se\/wp-content\/uploads\/2023\/10\/prick-04.png","width":72,"height":72},{"@type":"BreadcrumbList","@id":"https:\/\/magntec.se\/index.php\/portfoljhantering\/#breadcrumb","itemListElement":[{"@type":"ListItem","position":1,"name":"Hem","item":"https:\/\/magntec.se\/"},{"@type":"ListItem","position":2,"name":"Portf\u00f6ljhantering"}]},{"@type":"WebSite","@id":"https:\/\/magntec.se\/#website","url":"https:\/\/magntec.se\/","name":"Magntec","description":"","publisher":{"@id":"https:\/\/magntec.se\/#organization"},"potentialAction":[{"@type":"SearchAction","target":{"@type":"EntryPoint","urlTemplate":"https:\/\/magntec.se\/?s={search_term_string}"},"query-input":"required name=search_term_string"}],"inLanguage":"sv-SE"},{"@type":"Organization","@id":"https:\/\/magntec.se\/#organization","name":"Magntec","url":"https:\/\/magntec.se\/","logo":{"@type":"ImageObject","inLanguage":"sv-SE","@id":"https:\/\/magntec.se\/#\/schema\/logo\/image\/","url":"https:\/\/magntec.se\/wp-content\/uploads\/2023\/10\/Magntec-horisontal.png","contentUrl":"https:\/\/magntec.se\/wp-content\/uploads\/2023\/10\/Magntec-horisontal.png","width":3939,"height":644,"caption":"Magntec"},"image":{"@id":"https:\/\/magntec.se\/#\/schema\/logo\/image\/"}}]}},"_links":{"self":[{"href":"https:\/\/magntec.se\/index.php\/wp-json\/wp\/v2\/pages\/568","targetHints":{"allow":["GET"]}}],"collection":[{"href":"https:\/\/magntec.se\/index.php\/wp-json\/wp\/v2\/pages"}],"about":[{"href":"https:\/\/magntec.se\/index.php\/wp-json\/wp\/v2\/types\/page"}],"author":[{"embeddable":true,"href":"https:\/\/magntec.se\/index.php\/wp-json\/wp\/v2\/users\/1"}],"replies":[{"embeddable":true,"href":"https:\/\/magntec.se\/index.php\/wp-json\/wp\/v2\/comments?post=568"}],"version-history":[{"count":8,"href":"https:\/\/magntec.se\/index.php\/wp-json\/wp\/v2\/pages\/568\/revisions"}],"predecessor-version":[{"id":948,"href":"https:\/\/magntec.se\/index.php\/wp-json\/wp\/v2\/pages\/568\/revisions\/948"}],"wp:attachment":[{"href":"https:\/\/magntec.se\/index.php\/wp-json\/wp\/v2\/media?parent=568"}],"curies":[{"name":"wp","href":"https:\/\/api.w.org\/{rel}","templated":true}]}}