{"id":584,"date":"2023-12-10T14:35:37","date_gmt":"2023-12-10T14:35:37","guid":{"rendered":"https:\/\/magntec.se\/?page_id=584"},"modified":"2024-06-19T10:07:09","modified_gmt":"2024-06-19T10:07:09","slug":"produktutvecklingsprocessen","status":"publish","type":"page","link":"https:\/\/magntec.se\/index.php\/produktutvecklingsprocessen\/","title":{"rendered":"Produktutvecklingsprocessen"},"content":{"rendered":"\t\t<div data-elementor-type=\"wp-page\" data-elementor-id=\"584\" class=\"elementor elementor-584\">\n\t\t\t\t<div class=\"elementor-element elementor-element-4747609d e-flex e-con-boxed e-con e-parent\" data-id=\"4747609d\" data-element_type=\"container\" data-settings=\"{&quot;background_background&quot;:&quot;slideshow&quot;,&quot;background_slideshow_gallery&quot;:[{&quot;id&quot;:142,&quot;url&quot;:&quot;https:\\\/\\\/magntec.se\\\/wp-content\\\/uploads\\\/2023\\\/10\\\/magntec_product-development_2560x1607.jpg&quot;}],&quot;background_slideshow_loop&quot;:&quot;yes&quot;,&quot;background_slideshow_slide_duration&quot;:5000,&quot;background_slideshow_slide_transition&quot;:&quot;fade&quot;,&quot;background_slideshow_transition_duration&quot;:500}\">\n\t\t\t\t\t<div class=\"e-con-inner\">\n\t\t\t\t\t<\/div>\n\t\t\t\t<\/div>\n\t\t<div class=\"elementor-element elementor-element-525120e3 e-flex e-con-boxed e-con e-parent\" data-id=\"525120e3\" data-element_type=\"container\" data-settings=\"{&quot;background_background&quot;:&quot;slideshow&quot;,&quot;background_slideshow_gallery&quot;:[],&quot;background_slideshow_loop&quot;:&quot;yes&quot;,&quot;background_slideshow_slide_duration&quot;:5000,&quot;background_slideshow_slide_transition&quot;:&quot;fade&quot;,&quot;background_slideshow_transition_duration&quot;:500}\">\n\t\t\t\t\t<div class=\"e-con-inner\">\n\t\t\t\t<div class=\"elementor-element elementor-element-1a50e3a0 elementor-widget elementor-widget-html\" data-id=\"1a50e3a0\" data-element_type=\"widget\" data-widget_type=\"html.default\">\n\t\t\t\t<div class=\"elementor-widget-container\">\n\t\t\t<!DOCTYPE html>\r\n<html>\r\n  <head>\r\n    <title>Min hemsida<\/title>\r\n    <style>\r\n      \/* CSS-kod f\u00f6r breadcrumbs *\/\r\n      .breadcrumbs {\r\n        font-size: 14px;\r\n        margin: 0px 0;\r\n      }\r\n      .breadcrumbs a {\r\n        text-decoration: none;\r\n        color: #666;\r\n      }\r\n      .breadcrumbs a:hover {\r\n        color: #000;\r\n      }\r\n      .breadcrumbs span {\r\n        color: #999;\r\n        margin: 0 5px;\r\n      }\r\n      .breadcrumbs span:last-child {\r\n        margin-right: 0;\r\n      }\r\n      \r\n      \/* CSS-kod f\u00f6r typsnitt *\/\r\n      body \r\n\t  \r\n\t  {\r\n        font-family: Libre Franklin, sans-serif;\r\n      }\r\n      \r\n\t  h1 \r\n\t  \r\n\t  {\r\n        font-family: \"Times New Roman\", serif;\r\n      }\r\n\r\n      \/* \u00d6vrig CSS-kod *\/\r\n      \r\n\t  p \r\n\t  {\r\n        font-size: 16px;\r\n        line-height: 1.5;\r\n        color: #333;\r\n      }\r\n     \r\n      a:hover \r\n\t  {\r\n        text-decoration: underline;\r\n      }\r\n\t  \r\n    <\/style>\r\n  <\/head>\r\n  <body>\r\n    <!-- Breadcrumbs -->\r\n    <div class=\"breadcrumbs\">\r\n      <a href=\"https:\/\/www.magntec.se\/\">Hem<\/a>\r\n      <span>>><\/span>\r\n      <a href=\"https:\/\/magntec.se\/index.php\/vart-erbjudande\/\">V\u00e5rt Erbjudande<\/a>\r\n      <span>>><\/span>\r\n      <a href=\"https:\/\/magntec.se\/index.php\/processutveckling\/\">Processutveckling<\/a>\r\n      <span>>><\/span>  \r\n      <a href=\"https:\/\/magntec.se\/index.php\/produktutvecklingsprocessen\/\">Produktutvecklingsprocessen<\/a>\r\n      <span><\/span>  \r\n    <\/div>\r\n  <\/body>\r\n<\/html>\t\t<\/div>\n\t\t\t\t<\/div>\n\t\t\t\t\t<\/div>\n\t\t\t\t<\/div>\n\t\t<div class=\"elementor-element elementor-element-3cd8b78e e-flex e-con-boxed e-con e-parent\" data-id=\"3cd8b78e\" data-element_type=\"container\">\n\t\t\t\t\t<div class=\"e-con-inner\">\n\t\t<div class=\"elementor-element elementor-element-46a3e06f e-con-full e-flex e-con e-child\" data-id=\"46a3e06f\" data-element_type=\"container\">\n\t\t\t\t<div class=\"elementor-element elementor-element-78950934 elementor-widget elementor-widget-image\" data-id=\"78950934\" data-element_type=\"widget\" data-widget_type=\"image.default\">\n\t\t\t\t<div class=\"elementor-widget-container\">\n\t\t\t<style>\/*! elementor - v3.22.0 - 26-06-2024 *\/\n.elementor-widget-image{text-align:center}.elementor-widget-image a{display:inline-block}.elementor-widget-image a img[src$=\".svg\"]{width:48px}.elementor-widget-image img{vertical-align:middle;display:inline-block}<\/style>\t\t\t\t\t\t\t\t\t\t<img decoding=\"async\" width=\"72\" height=\"72\" src=\"https:\/\/magntec.se\/wp-content\/uploads\/2023\/10\/prick-04.png\" class=\"attachment-large size-large wp-image-150\" alt=\"\" \/>\t\t\t\t\t\t\t\t\t\t\t\t\t<\/div>\n\t\t\t\t<\/div>\n\t\t\t\t<\/div>\n\t\t<div class=\"elementor-element elementor-element-6b4c11e7 e-con-full e-flex e-con e-child\" data-id=\"6b4c11e7\" data-element_type=\"container\">\n\t\t\t\t<div class=\"elementor-element elementor-element-58cf48bb elementor-widget elementor-widget-heading\" data-id=\"58cf48bb\" data-element_type=\"widget\" data-widget_type=\"heading.default\">\n\t\t\t\t<div class=\"elementor-widget-container\">\n\t\t\t<style>\/*! elementor - v3.22.0 - 26-06-2024 *\/\n.elementor-heading-title{padding:0;margin:0;line-height:1}.elementor-widget-heading .elementor-heading-title[class*=elementor-size-]>a{color:inherit;font-size:inherit;line-height:inherit}.elementor-widget-heading .elementor-heading-title.elementor-size-small{font-size:15px}.elementor-widget-heading .elementor-heading-title.elementor-size-medium{font-size:19px}.elementor-widget-heading .elementor-heading-title.elementor-size-large{font-size:29px}.elementor-widget-heading .elementor-heading-title.elementor-size-xl{font-size:39px}.elementor-widget-heading .elementor-heading-title.elementor-size-xxl{font-size:59px}<\/style><h2 class=\"elementor-heading-title elementor-size-default\">Produktutvecklingsprocessen<\/h2>\t\t<\/div>\n\t\t\t\t<\/div>\n\t\t\t\t<\/div>\n\t\t\t\t\t<\/div>\n\t\t\t\t<\/div>\n\t\t<div class=\"elementor-element elementor-element-3a2aae37 e-flex e-con-boxed e-con e-parent\" data-id=\"3a2aae37\" data-element_type=\"container\">\n\t\t\t\t\t<div class=\"e-con-inner\">\n\t\t\t\t<div class=\"elementor-element elementor-element-bf231a elementor-widget elementor-widget-text-editor\" data-id=\"bf231a\" data-element_type=\"widget\" data-widget_type=\"text-editor.default\">\n\t\t\t\t<div class=\"elementor-widget-container\">\n\t\t\t<style>\/*! elementor - v3.22.0 - 26-06-2024 *\/\n.elementor-widget-text-editor.elementor-drop-cap-view-stacked .elementor-drop-cap{background-color:#69727d;color:#fff}.elementor-widget-text-editor.elementor-drop-cap-view-framed .elementor-drop-cap{color:#69727d;border:3px solid;background-color:transparent}.elementor-widget-text-editor:not(.elementor-drop-cap-view-default) .elementor-drop-cap{margin-top:8px}.elementor-widget-text-editor:not(.elementor-drop-cap-view-default) .elementor-drop-cap-letter{width:1em;height:1em}.elementor-widget-text-editor .elementor-drop-cap{float:left;text-align:center;line-height:1;font-size:50px}.elementor-widget-text-editor .elementor-drop-cap-letter{display:inline-block}<\/style>\t\t\t\t<p>Magntec kan erbjuda hj\u00e4lp med att utveckla produktutvecklingsprocesserna, vilket inneb\u00e4r att vi hj\u00e4lper f\u00f6retaget att komma ifr\u00e5n var man befinner sig i dagsl\u00e4get eftersom det betyder att man m\u00e5ste \u00e4ndra sitt s\u00e4tt att arbeta, och det \u00e4r en l\u00e4ngre process \u00e4n att bara f\u00f6ra in ett nytt dokument i sitt kvalitetssystem. Vi kan komma till f\u00f6retaget f\u00f6r att titta p\u00e5 och analysera hur det ser ut i dag och sedan arbeta fram en plan f\u00f6r att ta f\u00f6retaget till n\u00e4sta steg med de f\u00f6r\u00e4ndringar som beh\u00f6vs. Samtidigt som vi coachar personalen under inf\u00f6randet av den nya processen.<br \/>V\u00e5rt f\u00f6rsta intresse \u00e4r att anv\u00e4nda oss av metoderna f\u00f6r Lean produktutveckling vilket g\u00f6r att det inte blir byr\u00e5kratiskt och att det hj\u00e4lper ist\u00e4llet f\u00f6r att det stj\u00e4lper processen man jobbar med. Det ska vara ett verktyg man har st\u00f6d och nytta av i sin verksamhet.<\/p>\t\t\t\t\t\t<\/div>\n\t\t\t\t<\/div>\n\t\t\t\t\t<\/div>\n\t\t\t\t<\/div>\n\t\t\t\t<\/div>\n\t\t","protected":false},"excerpt":{"rendered":"<p>Min hemsida Hem >> V\u00e5rt Erbjudande >> Processutveckling >> Produktutvecklingsprocessen Produktutvecklingsprocessen Magntec kan erbjuda hj\u00e4lp med att utveckla produktutvecklingsprocesserna, vilket inneb\u00e4r att vi hj\u00e4lper f\u00f6retaget att komma ifr\u00e5n var man befinner sig i dagsl\u00e4get eftersom det betyder att man m\u00e5ste \u00e4ndra sitt s\u00e4tt att arbeta, och det \u00e4r en l\u00e4ngre process \u00e4n att bara f\u00f6ra [&hellip;]<\/p>\n","protected":false},"author":1,"featured_media":0,"parent":0,"menu_order":0,"comment_status":"closed","ping_status":"closed","template":"","meta":{"footnotes":""},"class_list":["post-584","page","type-page","status-publish","hentry"],"yoast_head":"<!-- This site is optimized with the Yoast SEO plugin v22.9 - https:\/\/yoast.com\/wordpress\/plugins\/seo\/ -->\n<title>Produktutvecklingsprocessen - Magntec<\/title>\n<meta name=\"robots\" content=\"index, follow, max-snippet:-1, max-image-preview:large, max-video-preview:-1\" \/>\n<link rel=\"canonical\" href=\"https:\/\/magntec.se\/index.php\/produktutvecklingsprocessen\/\" \/>\n<meta property=\"og:locale\" content=\"sv_SE\" \/>\n<meta property=\"og:type\" content=\"article\" \/>\n<meta property=\"og:title\" content=\"Produktutvecklingsprocessen - Magntec\" \/>\n<meta property=\"og:description\" content=\"Min hemsida Hem &gt;&gt; V\u00e5rt Erbjudande &gt;&gt; Processutveckling &gt;&gt; Produktutvecklingsprocessen Produktutvecklingsprocessen Magntec kan erbjuda hj\u00e4lp med att utveckla produktutvecklingsprocesserna, vilket inneb\u00e4r att vi hj\u00e4lper f\u00f6retaget att komma ifr\u00e5n var man befinner sig i dagsl\u00e4get eftersom det betyder att man m\u00e5ste \u00e4ndra sitt s\u00e4tt att arbeta, och det \u00e4r en l\u00e4ngre process \u00e4n att bara f\u00f6ra [&hellip;]\" \/>\n<meta property=\"og:url\" content=\"https:\/\/magntec.se\/index.php\/produktutvecklingsprocessen\/\" \/>\n<meta property=\"og:site_name\" content=\"Magntec\" \/>\n<meta property=\"article:modified_time\" content=\"2024-06-19T10:07:09+00:00\" \/>\n<meta property=\"og:image\" content=\"https:\/\/magntec.se\/wp-content\/uploads\/2023\/10\/prick-04.png\" \/>\n<meta name=\"twitter:card\" content=\"summary_large_image\" \/>\n<meta name=\"twitter:label1\" content=\"Ber\u00e4knad l\u00e4stid\" \/>\n\t<meta name=\"twitter:data1\" content=\"1 minut\" \/>\n<script type=\"application\/ld+json\" class=\"yoast-schema-graph\">{\"@context\":\"https:\/\/schema.org\",\"@graph\":[{\"@type\":\"WebPage\",\"@id\":\"https:\/\/magntec.se\/index.php\/produktutvecklingsprocessen\/\",\"url\":\"https:\/\/magntec.se\/index.php\/produktutvecklingsprocessen\/\",\"name\":\"Produktutvecklingsprocessen - Magntec\",\"isPartOf\":{\"@id\":\"https:\/\/magntec.se\/#website\"},\"primaryImageOfPage\":{\"@id\":\"https:\/\/magntec.se\/index.php\/produktutvecklingsprocessen\/#primaryimage\"},\"image\":{\"@id\":\"https:\/\/magntec.se\/index.php\/produktutvecklingsprocessen\/#primaryimage\"},\"thumbnailUrl\":\"https:\/\/magntec.se\/wp-content\/uploads\/2023\/10\/prick-04.png\",\"datePublished\":\"2023-12-10T14:35:37+00:00\",\"dateModified\":\"2024-06-19T10:07:09+00:00\",\"breadcrumb\":{\"@id\":\"https:\/\/magntec.se\/index.php\/produktutvecklingsprocessen\/#breadcrumb\"},\"inLanguage\":\"sv-SE\",\"potentialAction\":[{\"@type\":\"ReadAction\",\"target\":[\"https:\/\/magntec.se\/index.php\/produktutvecklingsprocessen\/\"]}]},{\"@type\":\"ImageObject\",\"inLanguage\":\"sv-SE\",\"@id\":\"https:\/\/magntec.se\/index.php\/produktutvecklingsprocessen\/#primaryimage\",\"url\":\"https:\/\/magntec.se\/wp-content\/uploads\/2023\/10\/prick-04.png\",\"contentUrl\":\"https:\/\/magntec.se\/wp-content\/uploads\/2023\/10\/prick-04.png\",\"width\":72,\"height\":72},{\"@type\":\"BreadcrumbList\",\"@id\":\"https:\/\/magntec.se\/index.php\/produktutvecklingsprocessen\/#breadcrumb\",\"itemListElement\":[{\"@type\":\"ListItem\",\"position\":1,\"name\":\"Hem\",\"item\":\"https:\/\/magntec.se\/\"},{\"@type\":\"ListItem\",\"position\":2,\"name\":\"Produktutvecklingsprocessen\"}]},{\"@type\":\"WebSite\",\"@id\":\"https:\/\/magntec.se\/#website\",\"url\":\"https:\/\/magntec.se\/\",\"name\":\"Magntec\",\"description\":\"\",\"publisher\":{\"@id\":\"https:\/\/magntec.se\/#organization\"},\"potentialAction\":[{\"@type\":\"SearchAction\",\"target\":{\"@type\":\"EntryPoint\",\"urlTemplate\":\"https:\/\/magntec.se\/?s={search_term_string}\"},\"query-input\":\"required name=search_term_string\"}],\"inLanguage\":\"sv-SE\"},{\"@type\":\"Organization\",\"@id\":\"https:\/\/magntec.se\/#organization\",\"name\":\"Magntec\",\"url\":\"https:\/\/magntec.se\/\",\"logo\":{\"@type\":\"ImageObject\",\"inLanguage\":\"sv-SE\",\"@id\":\"https:\/\/magntec.se\/#\/schema\/logo\/image\/\",\"url\":\"https:\/\/magntec.se\/wp-content\/uploads\/2023\/10\/Magntec-horisontal.png\",\"contentUrl\":\"https:\/\/magntec.se\/wp-content\/uploads\/2023\/10\/Magntec-horisontal.png\",\"width\":3939,\"height\":644,\"caption\":\"Magntec\"},\"image\":{\"@id\":\"https:\/\/magntec.se\/#\/schema\/logo\/image\/\"}}]}<\/script>\n<!-- \/ Yoast SEO plugin. -->","yoast_head_json":{"title":"Produktutvecklingsprocessen - Magntec","robots":{"index":"index","follow":"follow","max-snippet":"max-snippet:-1","max-image-preview":"max-image-preview:large","max-video-preview":"max-video-preview:-1"},"canonical":"https:\/\/magntec.se\/index.php\/produktutvecklingsprocessen\/","og_locale":"sv_SE","og_type":"article","og_title":"Produktutvecklingsprocessen - Magntec","og_description":"Min hemsida Hem >> V\u00e5rt Erbjudande >> Processutveckling >> Produktutvecklingsprocessen Produktutvecklingsprocessen Magntec kan erbjuda hj\u00e4lp med att utveckla produktutvecklingsprocesserna, vilket inneb\u00e4r att vi hj\u00e4lper f\u00f6retaget att komma ifr\u00e5n var man befinner sig i dagsl\u00e4get eftersom det betyder att man m\u00e5ste \u00e4ndra sitt s\u00e4tt att arbeta, och det \u00e4r en l\u00e4ngre process \u00e4n att bara f\u00f6ra [&hellip;]","og_url":"https:\/\/magntec.se\/index.php\/produktutvecklingsprocessen\/","og_site_name":"Magntec","article_modified_time":"2024-06-19T10:07:09+00:00","og_image":[{"url":"https:\/\/magntec.se\/wp-content\/uploads\/2023\/10\/prick-04.png"}],"twitter_card":"summary_large_image","twitter_misc":{"Ber\u00e4knad l\u00e4stid":"1 minut"},"schema":{"@context":"https:\/\/schema.org","@graph":[{"@type":"WebPage","@id":"https:\/\/magntec.se\/index.php\/produktutvecklingsprocessen\/","url":"https:\/\/magntec.se\/index.php\/produktutvecklingsprocessen\/","name":"Produktutvecklingsprocessen - Magntec","isPartOf":{"@id":"https:\/\/magntec.se\/#website"},"primaryImageOfPage":{"@id":"https:\/\/magntec.se\/index.php\/produktutvecklingsprocessen\/#primaryimage"},"image":{"@id":"https:\/\/magntec.se\/index.php\/produktutvecklingsprocessen\/#primaryimage"},"thumbnailUrl":"https:\/\/magntec.se\/wp-content\/uploads\/2023\/10\/prick-04.png","datePublished":"2023-12-10T14:35:37+00:00","dateModified":"2024-06-19T10:07:09+00:00","breadcrumb":{"@id":"https:\/\/magntec.se\/index.php\/produktutvecklingsprocessen\/#breadcrumb"},"inLanguage":"sv-SE","potentialAction":[{"@type":"ReadAction","target":["https:\/\/magntec.se\/index.php\/produktutvecklingsprocessen\/"]}]},{"@type":"ImageObject","inLanguage":"sv-SE","@id":"https:\/\/magntec.se\/index.php\/produktutvecklingsprocessen\/#primaryimage","url":"https:\/\/magntec.se\/wp-content\/uploads\/2023\/10\/prick-04.png","contentUrl":"https:\/\/magntec.se\/wp-content\/uploads\/2023\/10\/prick-04.png","width":72,"height":72},{"@type":"BreadcrumbList","@id":"https:\/\/magntec.se\/index.php\/produktutvecklingsprocessen\/#breadcrumb","itemListElement":[{"@type":"ListItem","position":1,"name":"Hem","item":"https:\/\/magntec.se\/"},{"@type":"ListItem","position":2,"name":"Produktutvecklingsprocessen"}]},{"@type":"WebSite","@id":"https:\/\/magntec.se\/#website","url":"https:\/\/magntec.se\/","name":"Magntec","description":"","publisher":{"@id":"https:\/\/magntec.se\/#organization"},"potentialAction":[{"@type":"SearchAction","target":{"@type":"EntryPoint","urlTemplate":"https:\/\/magntec.se\/?s={search_term_string}"},"query-input":"required name=search_term_string"}],"inLanguage":"sv-SE"},{"@type":"Organization","@id":"https:\/\/magntec.se\/#organization","name":"Magntec","url":"https:\/\/magntec.se\/","logo":{"@type":"ImageObject","inLanguage":"sv-SE","@id":"https:\/\/magntec.se\/#\/schema\/logo\/image\/","url":"https:\/\/magntec.se\/wp-content\/uploads\/2023\/10\/Magntec-horisontal.png","contentUrl":"https:\/\/magntec.se\/wp-content\/uploads\/2023\/10\/Magntec-horisontal.png","width":3939,"height":644,"caption":"Magntec"},"image":{"@id":"https:\/\/magntec.se\/#\/schema\/logo\/image\/"}}]}},"_links":{"self":[{"href":"https:\/\/magntec.se\/index.php\/wp-json\/wp\/v2\/pages\/584","targetHints":{"allow":["GET"]}}],"collection":[{"href":"https:\/\/magntec.se\/index.php\/wp-json\/wp\/v2\/pages"}],"about":[{"href":"https:\/\/magntec.se\/index.php\/wp-json\/wp\/v2\/types\/page"}],"author":[{"embeddable":true,"href":"https:\/\/magntec.se\/index.php\/wp-json\/wp\/v2\/users\/1"}],"replies":[{"embeddable":true,"href":"https:\/\/magntec.se\/index.php\/wp-json\/wp\/v2\/comments?post=584"}],"version-history":[{"count":8,"href":"https:\/\/magntec.se\/index.php\/wp-json\/wp\/v2\/pages\/584\/revisions"}],"predecessor-version":[{"id":957,"href":"https:\/\/magntec.se\/index.php\/wp-json\/wp\/v2\/pages\/584\/revisions\/957"}],"wp:attachment":[{"href":"https:\/\/magntec.se\/index.php\/wp-json\/wp\/v2\/media?parent=584"}],"curies":[{"name":"wp","href":"https:\/\/api.w.org\/{rel}","templated":true}]}}