{"id":62,"date":"2023-12-07T16:03:25","date_gmt":"2023-12-07T16:03:25","guid":{"rendered":"https:\/\/magntec.se\/?page_id=62"},"modified":"2024-06-19T14:04:54","modified_gmt":"2024-06-19T14:04:54","slug":"vart-erbjudande","status":"publish","type":"page","link":"https:\/\/magntec.se\/index.php\/vart-erbjudande\/","title":{"rendered":"V\u00e5rt erbjudande"},"content":{"rendered":"\t\t<div data-elementor-type=\"wp-page\" data-elementor-id=\"62\" class=\"elementor elementor-62\">\n\t\t\t\t<div class=\"elementor-element elementor-element-5135b61 e-flex e-con-boxed e-con e-parent\" data-id=\"5135b61\" data-element_type=\"container\">\n\t\t\t\t\t<div class=\"e-con-inner\">\n\t\t\t\t\t<\/div>\n\t\t\t\t<\/div>\n\t\t<div class=\"elementor-element elementor-element-2da797d0 e-flex e-con-boxed e-con e-parent\" data-id=\"2da797d0\" data-element_type=\"container\" data-settings=\"{&quot;background_background&quot;:&quot;slideshow&quot;,&quot;background_slideshow_gallery&quot;:[{&quot;id&quot;:135,&quot;url&quot;:&quot;https:\\\/\\\/magntec.se\\\/wp-content\\\/uploads\\\/2023\\\/10\\\/magntec_our-solution_2560x1607.jpg&quot;}],&quot;background_slideshow_loop&quot;:&quot;yes&quot;,&quot;background_slideshow_slide_duration&quot;:5000,&quot;background_slideshow_slide_transition&quot;:&quot;fade&quot;,&quot;background_slideshow_transition_duration&quot;:500}\">\n\t\t\t\t\t<div class=\"e-con-inner\">\n\t\t\t\t<div class=\"elementor-element elementor-element-31b708ef elementor-widget elementor-widget-heading\" data-id=\"31b708ef\" data-element_type=\"widget\" data-widget_type=\"heading.default\">\n\t\t\t\t<div class=\"elementor-widget-container\">\n\t\t\t<style>\/*! elementor - v3.22.0 - 26-06-2024 *\/\n.elementor-heading-title{padding:0;margin:0;line-height:1}.elementor-widget-heading .elementor-heading-title[class*=elementor-size-]>a{color:inherit;font-size:inherit;line-height:inherit}.elementor-widget-heading .elementor-heading-title.elementor-size-small{font-size:15px}.elementor-widget-heading .elementor-heading-title.elementor-size-medium{font-size:19px}.elementor-widget-heading .elementor-heading-title.elementor-size-large{font-size:29px}.elementor-widget-heading .elementor-heading-title.elementor-size-xl{font-size:39px}.elementor-widget-heading .elementor-heading-title.elementor-size-xxl{font-size:59px}<\/style><h2 class=\"elementor-heading-title elementor-size-xxl\">V\u00e5rt Erbjudande <\/h2>\t\t<\/div>\n\t\t\t\t<\/div>\n\t\t\t\t\t<\/div>\n\t\t\t\t<\/div>\n\t\t<div class=\"elementor-element elementor-element-bfb096f e-flex e-con-boxed e-con e-parent\" data-id=\"bfb096f\" data-element_type=\"container\" data-settings=\"{&quot;background_background&quot;:&quot;slideshow&quot;,&quot;background_slideshow_gallery&quot;:[],&quot;background_slideshow_loop&quot;:&quot;yes&quot;,&quot;background_slideshow_slide_duration&quot;:5000,&quot;background_slideshow_slide_transition&quot;:&quot;fade&quot;,&quot;background_slideshow_transition_duration&quot;:500}\">\n\t\t\t\t\t<div class=\"e-con-inner\">\n\t\t\t\t<div class=\"elementor-element elementor-element-15b2b620 elementor-widget elementor-widget-html\" data-id=\"15b2b620\" data-element_type=\"widget\" data-widget_type=\"html.default\">\n\t\t\t\t<div class=\"elementor-widget-container\">\n\t\t\t<!DOCTYPE html>\r\n<html>\r\n  <head>\r\n    <title>Min hemsida<\/title>\r\n    <style>\r\n      \/* CSS-kod f\u00f6r breadcrumbs *\/\r\n      .breadcrumbs {\r\n        font-size: 14px;\r\n        margin: 0px 0;\r\n      }\r\n      .breadcrumbs a {\r\n        text-decoration: none;\r\n        color: #666;\r\n      }\r\n      .breadcrumbs a:hover {\r\n        color: #000;\r\n      }\r\n      .breadcrumbs span {\r\n        color: #999;\r\n        margin: 0 5px;\r\n      }\r\n      .breadcrumbs span:last-child {\r\n        margin-right: 0;\r\n      }\r\n      \r\n      \/* CSS-kod f\u00f6r typsnitt *\/\r\n      body \r\n\t  \r\n\t  {\r\n        font-family: Libre Franklin, sans-serif;\r\n      }\r\n      \r\n\t  h1 \r\n\t  \r\n\t  {\r\n        font-family: \"Times New Roman\", serif;\r\n      }\r\n\r\n      \/* \u00d6vrig CSS-kod *\/\r\n      \r\n\t  p \r\n\t  {\r\n        font-size: 16px;\r\n        line-height: 1.5;\r\n        color: #333;\r\n      }\r\n     \r\n      a:hover \r\n\t  {\r\n        text-decoration: underline;\r\n      }\r\n\t  \r\n    <\/style>\r\n  <\/head>\r\n  <body>\r\n    <!-- Breadcrumbs -->\r\n    <div class=\"breadcrumbs\">\r\n      <a href=\"https:\/\/www.magntec.se\/\">Hem<\/a>\r\n      <span>>><\/span>\r\n      <a href=\"https:\/\/www.magntec.se\/kunder.html\">Kundreferenser<\/a>\r\n      <span><\/span>\t  \r\n    <\/div>\r\n  <\/body>\r\n<\/html>\t\t<\/div>\n\t\t\t\t<\/div>\n\t\t\t\t\t<\/div>\n\t\t\t\t<\/div>\n\t\t<div class=\"elementor-element elementor-element-fb8756d e-grid e-con-boxed e-con e-parent\" data-id=\"fb8756d\" data-element_type=\"container\">\n\t\t\t\t\t<div class=\"e-con-inner\">\n\t\t\t\t<div class=\"elementor-element elementor-element-297091b elementor-widget elementor-widget-text-editor\" data-id=\"297091b\" data-element_type=\"widget\" data-widget_type=\"text-editor.default\">\n\t\t\t\t<div class=\"elementor-widget-container\">\n\t\t\t<style>\/*! elementor - v3.22.0 - 26-06-2024 *\/\n.elementor-widget-text-editor.elementor-drop-cap-view-stacked .elementor-drop-cap{background-color:#69727d;color:#fff}.elementor-widget-text-editor.elementor-drop-cap-view-framed .elementor-drop-cap{color:#69727d;border:3px solid;background-color:transparent}.elementor-widget-text-editor:not(.elementor-drop-cap-view-default) .elementor-drop-cap{margin-top:8px}.elementor-widget-text-editor:not(.elementor-drop-cap-view-default) .elementor-drop-cap-letter{width:1em;height:1em}.elementor-widget-text-editor .elementor-drop-cap{float:left;text-align:center;line-height:1;font-size:50px}.elementor-widget-text-editor .elementor-drop-cap-letter{display:inline-block}<\/style>\t\t\t\t<p><span style=\"color: #000000;\"><a style=\"color: #000000;\" href=\"https:\/\/www.magntec.se\/produktutveckling.html\" target=\"_blank\" rel=\"noopener\" data-cke-saved-href=\"https:\/\/www.magntec.se\/produktutveckling.html\"><span style=\"font-size: x-large;\">Produktutvekling<\/span><\/a><\/span><\/p><p><span style=\"color: #000000;\">Magntec hj\u00e4lper f\u00f6retag att f\u00f6rb\u00e4ttra sin produktutveckling, att produktutveckla och allt som h\u00f6r till.<\/span><\/p>\t\t\t\t\t\t<\/div>\n\t\t\t\t<\/div>\n\t\t\t\t<div class=\"elementor-element elementor-element-e7523ef elementor-widget elementor-widget-text-editor\" data-id=\"e7523ef\" data-element_type=\"widget\" data-widget_type=\"text-editor.default\">\n\t\t\t\t<div class=\"elementor-widget-container\">\n\t\t\t\t\t\t\t<p><span style=\"color: #000000;\"><span style=\"font-size: x-large;\"><a style=\"color: #000000;\" href=\"https:\/\/www.magntec.se\/portfoumlljhantering.html\" data-cke-saved-href=\"https:\/\/www.magntec.se\/portfoumlljhantering.html\">Portf\u00f6ljhantering<\/a><\/span><\/span><\/p><p><span style=\"color: #003300;\"><span style=\"color: #000000;\">\u00a0Portf\u00f6ljhantering\u00a0handlar mycket om att prioritera, s\u00e5 att f\u00f6retaget kan\u00a0fokusera p\u00e5 r\u00e4tt projekt och utveckla en sammanh\u00e5llen portf\u00f6lj av produkter och teknologier<\/span>.\u200b<\/span><\/p>\t\t\t\t\t\t<\/div>\n\t\t\t\t<\/div>\n\t\t\t\t<div class=\"elementor-element elementor-element-22c83ab elementor-widget elementor-widget-text-editor\" data-id=\"22c83ab\" data-element_type=\"widget\" data-widget_type=\"text-editor.default\">\n\t\t\t\t<div class=\"elementor-widget-container\">\n\t\t\t\t\t\t\t<p><span style=\"color: #000000;\"><a style=\"color: #000000;\" href=\"https:\/\/www.magntec.se\/autonoma-produkten.html\" target=\"_blank\" rel=\"noopener\" data-cke-saved-href=\"https:\/\/www.magntec.se\/autonoma-produkten.html\"><span style=\"font-size: x-large;\">Den autonoma produkten<\/span><\/a><\/span><\/p><p><span style=\"color: #000000;\">Vi har sedan 2014 skaffat l\u00e5ng erfarenhet av vad som kr\u00e4vs f\u00f6r att skapa autonoma produkter.<\/span><br \/><span style=\"color: #000000;\">I v\u00e5rt n\u00e4tverk finns de partners som kan hj\u00e4lpa er att g\u00f6ra det m\u00f6jligt!<\/span><\/p>\t\t\t\t\t\t<\/div>\n\t\t\t\t<\/div>\n\t\t\t\t<div class=\"elementor-element elementor-element-f7728de elementor-widget elementor-widget-text-editor\" data-id=\"f7728de\" data-element_type=\"widget\" data-widget_type=\"text-editor.default\">\n\t\t\t\t<div class=\"elementor-widget-container\">\n\t\t\t\t\t\t\t<p><span style=\"color: #000000;\"><a style=\"color: #000000;\" href=\"https:\/\/www.magntec.se\/processutveckling.html\" target=\"_blank\" rel=\"noopener\" data-cke-saved-href=\"https:\/\/www.magntec.se\/processutveckling.html\"><span style=\"font-size: x-large;\">Processutveckling<\/span><\/a><\/span><\/p><p><span style=\"color: #000000;\">Magntec kan erbjuda hj\u00e4lp med processutveckling i f\u00f6retag, exempelvis att utveckla produktutvecklingsprocesserna.\u00a0<\/span><br \/><span style=\"color: #000000;\">\u200b<\/span><\/p>\t\t\t\t\t\t<\/div>\n\t\t\t\t<\/div>\n\t\t\t\t\t<\/div>\n\t\t\t\t<\/div>\n\t\t<div class=\"elementor-element elementor-element-3cc8b7d e-grid e-con-boxed e-con e-parent\" data-id=\"3cc8b7d\" data-element_type=\"container\">\n\t\t\t\t\t<div class=\"e-con-inner\">\n\t\t\t\t<div class=\"elementor-element elementor-element-1c03561 elementor-widget elementor-widget-text-editor\" data-id=\"1c03561\" data-element_type=\"widget\" data-widget_type=\"text-editor.default\">\n\t\t\t\t<div class=\"elementor-widget-container\">\n\t\t\t\t\t\t\t<p><span style=\"color: #000000;\"><span style=\"font-size: x-large;\"><a style=\"color: #000000;\" href=\"https:\/\/www.magntec.se\/machine-vision.html\" data-cke-saved-href=\"https:\/\/www.magntec.se\/machine-vision.html\">Machine Vision<\/a><\/span><\/span><\/p><p><span style=\"color: #000000;\">Machine vision \u00e4r en viktig komponent i den autonoma produkten.<\/span><br \/><span style=\"color: #000000;\">\u200b<\/span><\/p>\t\t\t\t\t\t<\/div>\n\t\t\t\t<\/div>\n\t\t\t\t<div class=\"elementor-element elementor-element-7dd44ad elementor-widget elementor-widget-text-editor\" data-id=\"7dd44ad\" data-element_type=\"widget\" data-widget_type=\"text-editor.default\">\n\t\t\t\t<div class=\"elementor-widget-container\">\n\t\t\t\t\t\t\t<p><span style=\"color: #000000;\"><span style=\"font-size: x-large;\"><a style=\"color: #000000;\" href=\"https:\/\/www.magntec.se\/styrelsecoachning.html\" data-cke-saved-href=\"https:\/\/www.magntec.se\/styrelsecoachning.html\">Styrelsecoachning<\/a><\/span><\/span><\/p><p><span style=\"color: #000000;\">Styrelsecoachning i samband med beslut att jobba med den autonoma produkten kr\u00e4vs en del viktiga och strategiska beslut p\u00e5 styrelseniv\u00e5.<\/span><\/p>\t\t\t\t\t\t<\/div>\n\t\t\t\t<\/div>\n\t\t\t\t<div class=\"elementor-element elementor-element-cf1ad40 elementor-widget elementor-widget-text-editor\" data-id=\"cf1ad40\" data-element_type=\"widget\" data-widget_type=\"text-editor.default\">\n\t\t\t\t<div class=\"elementor-widget-container\">\n\t\t\t\t\t\t\t<p><span style=\"color: #000000;\"><a style=\"color: #000000;\" href=\"https:\/\/www.magntec.se\/internet-of-things.html\" target=\"_blank\" rel=\"noopener\" data-cke-saved-href=\"https:\/\/www.magntec.se\/internet-of-things.html\"><span style=\"font-size: x-large;\">Internet of things<\/span><\/a><\/span><\/p><p><span style=\"color: #000000;\">IoT\u2013Internet of things, den uppkopplade produkten. Inom Magntec har vi drivit IoT projekt inom alla delar, fr\u00e5n upphandling av MNO till hur data ska nyttjas f\u00f6r att skapa kundv\u00e4rde!<\/span><\/p>\t\t\t\t\t\t<\/div>\n\t\t\t\t<\/div>\n\t\t\t\t<div class=\"elementor-element elementor-element-e33b68c elementor-widget elementor-widget-text-editor\" data-id=\"e33b68c\" data-element_type=\"widget\" data-widget_type=\"text-editor.default\">\n\t\t\t\t<div class=\"elementor-widget-container\">\n\t\t\t\t\t\t\t<p><span style=\"color: #000000;\"><span style=\"font-size: x-large;\"><a style=\"color: #000000;\" href=\"https:\/\/www.magntec.se\/presentationer.html\" data-cke-saved-href=\"https:\/\/www.magntec.se\/presentationer.html\">F\u00f6redragsh\u00e5llare<\/a><\/span><\/span><\/p><p><span style=\"color: #000000;\">Tack vare de erfarenheter jag samlat p\u00e5 mig under m\u00e5nga \u00e5r erbjuder vi f\u00f6rel\u00e4sningar och inspirationstal inom v\u00e5ra expertomr\u00e5den.\u200b<\/span><\/p>\t\t\t\t\t\t<\/div>\n\t\t\t\t<\/div>\n\t\t\t\t\t<\/div>\n\t\t\t\t<\/div>\n\t\t<div class=\"elementor-element elementor-element-853ebd4 e-grid e-con-boxed e-con e-parent\" data-id=\"853ebd4\" data-element_type=\"container\">\n\t\t\t\t\t<div class=\"e-con-inner\">\n\t\t\t\t<div class=\"elementor-element elementor-element-9187d43 elementor-widget elementor-widget-text-editor\" data-id=\"9187d43\" data-element_type=\"widget\" data-widget_type=\"text-editor.default\">\n\t\t\t\t<div class=\"elementor-widget-container\">\n\t\t\t\t\t\t\t<p><span style=\"color: #000000;\"><a style=\"color: #000000;\" href=\"https:\/\/www.magntec.se\/projektledning.html\" target=\"_blank\" rel=\"noopener\" data-cke-saved-href=\"https:\/\/www.magntec.se\/projektledning.html\"><span style=\"font-size: x-large;\">Projektledning<\/span><\/a><\/span><\/p><p><span style=\"color: #000000;\">P\u00e5 Magntec \u00e4r vi idag tv\u00e5 projektledare som kan st\u00f6dja ditt f\u00f6retag med planering, styrning och genomf\u00f6rande av projekt.\u00a0<\/span><\/p>\t\t\t\t\t\t<\/div>\n\t\t\t\t<\/div>\n\t\t\t\t<div class=\"elementor-element elementor-element-68c0fbb elementor-widget elementor-widget-text-editor\" data-id=\"68c0fbb\" data-element_type=\"widget\" data-widget_type=\"text-editor.default\">\n\t\t\t\t<div class=\"elementor-widget-container\">\n\t\t\t\t\t\t\t<p><span style=\"color: #000000;\"><a style=\"color: #000000;\" href=\"https:\/\/www.magntec.se\/event--workshops.html\" target=\"_blank\" rel=\"noopener\" data-cke-saved-href=\"https:\/\/www.magntec.se\/event--workshops.html\"><span style=\"font-size: x-large;\">Event &amp; Workshops<\/span><\/a><\/span><\/p><p><span style=\"color: #000000;\">Eftersom en stor del av det Magntec g\u00f6r \u00e4r workshops f\u00f6r f\u00f6retag s\u00e5 har vi ocks\u00e5 utvecklat detta s\u00e5 vi kan ta ett helhetsgrepp om er workshop och skapa ett event f\u00f6r er.<\/span><\/p>\t\t\t\t\t\t<\/div>\n\t\t\t\t<\/div>\n\t\t\t\t<div class=\"elementor-element elementor-element-355a763 elementor-widget elementor-widget-text-editor\" data-id=\"355a763\" data-element_type=\"widget\" data-widget_type=\"text-editor.default\">\n\t\t\t\t<div class=\"elementor-widget-container\">\n\t\t\t\t\t\t\t<p><span style=\"color: #000000;\"><a style=\"color: #000000;\" href=\"http:\/\/weebly-link\/331483347264627228\" data-cke-saved-href=\"http:\/\/weebly-link\/331483347264627228\"><span style=\"font-size: x-large;\">Moderator \/ Facilitator<\/span><\/a><\/span><\/p><p><span style=\"color: #000000;\">Med l\u00e5ng erfarenhet av att vara moderator \/ Facilitator p\u00e5 b\u00e5de interna och externa m\u00f6ten och workshops.<\/span><\/p>\t\t\t\t\t\t<\/div>\n\t\t\t\t<\/div>\n\t\t\t\t<div class=\"elementor-element elementor-element-0518d3d elementor-widget elementor-widget-text-editor\" data-id=\"0518d3d\" data-element_type=\"widget\" data-widget_type=\"text-editor.default\">\n\t\t\t\t<div class=\"elementor-widget-container\">\n\t\t\t\t\t\t\t<h1><span style=\"color: #000000;\">Nyfiken?<\/span><\/h1><h1><span style=\"font-size: x-large; color: #000000;\">Vi kontaktar dig g\u00e4rna f\u00f6r mer information<\/span><\/h1>\t\t\t\t\t\t<\/div>\n\t\t\t\t<\/div>\n\t\t\t\t\t<\/div>\n\t\t\t\t<\/div>\n\t\t<div class=\"elementor-element elementor-element-1e7f378 e-flex e-con-boxed e-con e-parent\" data-id=\"1e7f378\" data-element_type=\"container\">\n\t\t\t\t\t<div class=\"e-con-inner\">\n\t\t\t\t<div class=\"elementor-element elementor-element-4e1ce39 elementor-align-right elementor-widget elementor-widget-button\" data-id=\"4e1ce39\" data-element_type=\"widget\" data-widget_type=\"button.default\">\n\t\t\t\t<div class=\"elementor-widget-container\">\n\t\t\t\t\t<div class=\"elementor-button-wrapper\">\n\t\t\t<a class=\"elementor-button elementor-button-link elementor-size-sm\" href=\"#\">\n\t\t\t\t\t\t<span class=\"elementor-button-content-wrapper\">\n\t\t\t\t\t\t\t\t\t<span class=\"elementor-button-text\">KONTAKTA OSS<\/span>\n\t\t\t\t\t<\/span>\n\t\t\t\t\t<\/a>\n\t\t<\/div>\n\t\t\t\t<\/div>\n\t\t\t\t<\/div>\n\t\t\t\t\t<\/div>\n\t\t\t\t<\/div>\n\t\t<div class=\"elementor-element elementor-element-e636d64 e-flex e-con-boxed e-con e-parent\" data-id=\"e636d64\" data-element_type=\"container\">\n\t\t\t\t\t<div class=\"e-con-inner\">\n\t\t\t\t<div class=\"elementor-element elementor-element-e3449de elementor-widget elementor-widget-spacer\" data-id=\"e3449de\" data-element_type=\"widget\" data-widget_type=\"spacer.default\">\n\t\t\t\t<div class=\"elementor-widget-container\">\n\t\t\t<style>\/*! elementor - v3.22.0 - 26-06-2024 *\/\n.elementor-column .elementor-spacer-inner{height:var(--spacer-size)}.e-con{--container-widget-width:100%}.e-con-inner>.elementor-widget-spacer,.e-con>.elementor-widget-spacer{width:var(--container-widget-width,var(--spacer-size));--align-self:var(--container-widget-align-self,initial);--flex-shrink:0}.e-con-inner>.elementor-widget-spacer>.elementor-widget-container,.e-con>.elementor-widget-spacer>.elementor-widget-container{height:100%;width:100%}.e-con-inner>.elementor-widget-spacer>.elementor-widget-container>.elementor-spacer,.e-con>.elementor-widget-spacer>.elementor-widget-container>.elementor-spacer{height:100%}.e-con-inner>.elementor-widget-spacer>.elementor-widget-container>.elementor-spacer>.elementor-spacer-inner,.e-con>.elementor-widget-spacer>.elementor-widget-container>.elementor-spacer>.elementor-spacer-inner{height:var(--container-widget-height,var(--spacer-size))}.e-con-inner>.elementor-widget-spacer.elementor-widget-empty,.e-con>.elementor-widget-spacer.elementor-widget-empty{position:relative;min-height:22px;min-width:22px}.e-con-inner>.elementor-widget-spacer.elementor-widget-empty .elementor-widget-empty-icon,.e-con>.elementor-widget-spacer.elementor-widget-empty .elementor-widget-empty-icon{position:absolute;top:0;bottom:0;left:0;right:0;margin:auto;padding:0;width:22px;height:22px}<\/style>\t\t<div class=\"elementor-spacer\">\n\t\t\t<div class=\"elementor-spacer-inner\"><\/div>\n\t\t<\/div>\n\t\t\t\t<\/div>\n\t\t\t\t<\/div>\n\t\t\t\t\t<\/div>\n\t\t\t\t<\/div>\n\t\t\t\t<\/div>\n\t\t","protected":false},"excerpt":{"rendered":"<p>V\u00e5rt Erbjudande Min hemsida Hem >> Kundreferenser Produktutvekling Magntec hj\u00e4lper f\u00f6retag att f\u00f6rb\u00e4ttra sin produktutveckling, att produktutveckla och allt som h\u00f6r till. Portf\u00f6ljhantering \u00a0Portf\u00f6ljhantering\u00a0handlar mycket om att prioritera, s\u00e5 att f\u00f6retaget kan\u00a0fokusera p\u00e5 r\u00e4tt projekt och utveckla en sammanh\u00e5llen portf\u00f6lj av produkter och teknologier.\u200b Den autonoma produkten Vi har sedan 2014 skaffat l\u00e5ng erfarenhet av [&hellip;]<\/p>\n","protected":false},"author":1,"featured_media":0,"parent":0,"menu_order":0,"comment_status":"closed","ping_status":"closed","template":"","meta":{"footnotes":""},"class_list":["post-62","page","type-page","status-publish","hentry"],"yoast_head":"<!-- This site is optimized with the Yoast SEO plugin v22.9 - https:\/\/yoast.com\/wordpress\/plugins\/seo\/ -->\n<title>V\u00e5rt erbjudande - Magntec<\/title>\n<meta name=\"robots\" content=\"index, follow, max-snippet:-1, max-image-preview:large, max-video-preview:-1\" \/>\n<link rel=\"canonical\" href=\"https:\/\/magntec.se\/index.php\/vart-erbjudande\/\" \/>\n<meta property=\"og:locale\" content=\"sv_SE\" \/>\n<meta property=\"og:type\" content=\"article\" \/>\n<meta property=\"og:title\" content=\"V\u00e5rt erbjudande - Magntec\" \/>\n<meta property=\"og:description\" content=\"V\u00e5rt Erbjudande Min hemsida Hem &gt;&gt; Kundreferenser Produktutvekling Magntec hj\u00e4lper f\u00f6retag att f\u00f6rb\u00e4ttra sin produktutveckling, att produktutveckla och allt som h\u00f6r till. Portf\u00f6ljhantering \u00a0Portf\u00f6ljhantering\u00a0handlar mycket om att prioritera, s\u00e5 att f\u00f6retaget kan\u00a0fokusera p\u00e5 r\u00e4tt projekt och utveckla en sammanh\u00e5llen portf\u00f6lj av produkter och teknologier.\u200b Den autonoma produkten Vi har sedan 2014 skaffat l\u00e5ng erfarenhet av [&hellip;]\" \/>\n<meta property=\"og:url\" content=\"https:\/\/magntec.se\/index.php\/vart-erbjudande\/\" \/>\n<meta property=\"og:site_name\" content=\"Magntec\" \/>\n<meta property=\"article:modified_time\" content=\"2024-06-19T14:04:54+00:00\" \/>\n<meta name=\"twitter:card\" content=\"summary_large_image\" \/>\n<meta name=\"twitter:label1\" content=\"Ber\u00e4knad l\u00e4stid\" \/>\n\t<meta name=\"twitter:data1\" content=\"2 minuter\" \/>\n<script type=\"application\/ld+json\" class=\"yoast-schema-graph\">{\"@context\":\"https:\/\/schema.org\",\"@graph\":[{\"@type\":\"WebPage\",\"@id\":\"https:\/\/magntec.se\/index.php\/vart-erbjudande\/\",\"url\":\"https:\/\/magntec.se\/index.php\/vart-erbjudande\/\",\"name\":\"V\u00e5rt erbjudande - Magntec\",\"isPartOf\":{\"@id\":\"https:\/\/magntec.se\/#website\"},\"datePublished\":\"2023-12-07T16:03:25+00:00\",\"dateModified\":\"2024-06-19T14:04:54+00:00\",\"breadcrumb\":{\"@id\":\"https:\/\/magntec.se\/index.php\/vart-erbjudande\/#breadcrumb\"},\"inLanguage\":\"sv-SE\",\"potentialAction\":[{\"@type\":\"ReadAction\",\"target\":[\"https:\/\/magntec.se\/index.php\/vart-erbjudande\/\"]}]},{\"@type\":\"BreadcrumbList\",\"@id\":\"https:\/\/magntec.se\/index.php\/vart-erbjudande\/#breadcrumb\",\"itemListElement\":[{\"@type\":\"ListItem\",\"position\":1,\"name\":\"Hem\",\"item\":\"https:\/\/magntec.se\/\"},{\"@type\":\"ListItem\",\"position\":2,\"name\":\"V\u00e5rt erbjudande\"}]},{\"@type\":\"WebSite\",\"@id\":\"https:\/\/magntec.se\/#website\",\"url\":\"https:\/\/magntec.se\/\",\"name\":\"Magntec\",\"description\":\"\",\"publisher\":{\"@id\":\"https:\/\/magntec.se\/#organization\"},\"potentialAction\":[{\"@type\":\"SearchAction\",\"target\":{\"@type\":\"EntryPoint\",\"urlTemplate\":\"https:\/\/magntec.se\/?s={search_term_string}\"},\"query-input\":\"required name=search_term_string\"}],\"inLanguage\":\"sv-SE\"},{\"@type\":\"Organization\",\"@id\":\"https:\/\/magntec.se\/#organization\",\"name\":\"Magntec\",\"url\":\"https:\/\/magntec.se\/\",\"logo\":{\"@type\":\"ImageObject\",\"inLanguage\":\"sv-SE\",\"@id\":\"https:\/\/magntec.se\/#\/schema\/logo\/image\/\",\"url\":\"https:\/\/magntec.se\/wp-content\/uploads\/2023\/10\/Magntec-horisontal.png\",\"contentUrl\":\"https:\/\/magntec.se\/wp-content\/uploads\/2023\/10\/Magntec-horisontal.png\",\"width\":3939,\"height\":644,\"caption\":\"Magntec\"},\"image\":{\"@id\":\"https:\/\/magntec.se\/#\/schema\/logo\/image\/\"}}]}<\/script>\n<!-- \/ Yoast SEO plugin. -->","yoast_head_json":{"title":"V\u00e5rt erbjudande - Magntec","robots":{"index":"index","follow":"follow","max-snippet":"max-snippet:-1","max-image-preview":"max-image-preview:large","max-video-preview":"max-video-preview:-1"},"canonical":"https:\/\/magntec.se\/index.php\/vart-erbjudande\/","og_locale":"sv_SE","og_type":"article","og_title":"V\u00e5rt erbjudande - Magntec","og_description":"V\u00e5rt Erbjudande Min hemsida Hem >> Kundreferenser Produktutvekling Magntec hj\u00e4lper f\u00f6retag att f\u00f6rb\u00e4ttra sin produktutveckling, att produktutveckla och allt som h\u00f6r till. Portf\u00f6ljhantering \u00a0Portf\u00f6ljhantering\u00a0handlar mycket om att prioritera, s\u00e5 att f\u00f6retaget kan\u00a0fokusera p\u00e5 r\u00e4tt projekt och utveckla en sammanh\u00e5llen portf\u00f6lj av produkter och teknologier.\u200b Den autonoma produkten Vi har sedan 2014 skaffat l\u00e5ng erfarenhet av [&hellip;]","og_url":"https:\/\/magntec.se\/index.php\/vart-erbjudande\/","og_site_name":"Magntec","article_modified_time":"2024-06-19T14:04:54+00:00","twitter_card":"summary_large_image","twitter_misc":{"Ber\u00e4knad l\u00e4stid":"2 minuter"},"schema":{"@context":"https:\/\/schema.org","@graph":[{"@type":"WebPage","@id":"https:\/\/magntec.se\/index.php\/vart-erbjudande\/","url":"https:\/\/magntec.se\/index.php\/vart-erbjudande\/","name":"V\u00e5rt erbjudande - Magntec","isPartOf":{"@id":"https:\/\/magntec.se\/#website"},"datePublished":"2023-12-07T16:03:25+00:00","dateModified":"2024-06-19T14:04:54+00:00","breadcrumb":{"@id":"https:\/\/magntec.se\/index.php\/vart-erbjudande\/#breadcrumb"},"inLanguage":"sv-SE","potentialAction":[{"@type":"ReadAction","target":["https:\/\/magntec.se\/index.php\/vart-erbjudande\/"]}]},{"@type":"BreadcrumbList","@id":"https:\/\/magntec.se\/index.php\/vart-erbjudande\/#breadcrumb","itemListElement":[{"@type":"ListItem","position":1,"name":"Hem","item":"https:\/\/magntec.se\/"},{"@type":"ListItem","position":2,"name":"V\u00e5rt erbjudande"}]},{"@type":"WebSite","@id":"https:\/\/magntec.se\/#website","url":"https:\/\/magntec.se\/","name":"Magntec","description":"","publisher":{"@id":"https:\/\/magntec.se\/#organization"},"potentialAction":[{"@type":"SearchAction","target":{"@type":"EntryPoint","urlTemplate":"https:\/\/magntec.se\/?s={search_term_string}"},"query-input":"required name=search_term_string"}],"inLanguage":"sv-SE"},{"@type":"Organization","@id":"https:\/\/magntec.se\/#organization","name":"Magntec","url":"https:\/\/magntec.se\/","logo":{"@type":"ImageObject","inLanguage":"sv-SE","@id":"https:\/\/magntec.se\/#\/schema\/logo\/image\/","url":"https:\/\/magntec.se\/wp-content\/uploads\/2023\/10\/Magntec-horisontal.png","contentUrl":"https:\/\/magntec.se\/wp-content\/uploads\/2023\/10\/Magntec-horisontal.png","width":3939,"height":644,"caption":"Magntec"},"image":{"@id":"https:\/\/magntec.se\/#\/schema\/logo\/image\/"}}]}},"_links":{"self":[{"href":"https:\/\/magntec.se\/index.php\/wp-json\/wp\/v2\/pages\/62","targetHints":{"allow":["GET"]}}],"collection":[{"href":"https:\/\/magntec.se\/index.php\/wp-json\/wp\/v2\/pages"}],"about":[{"href":"https:\/\/magntec.se\/index.php\/wp-json\/wp\/v2\/types\/page"}],"author":[{"embeddable":true,"href":"https:\/\/magntec.se\/index.php\/wp-json\/wp\/v2\/users\/1"}],"replies":[{"embeddable":true,"href":"https:\/\/magntec.se\/index.php\/wp-json\/wp\/v2\/comments?post=62"}],"version-history":[{"count":66,"href":"https:\/\/magntec.se\/index.php\/wp-json\/wp\/v2\/pages\/62\/revisions"}],"predecessor-version":[{"id":1207,"href":"https:\/\/magntec.se\/index.php\/wp-json\/wp\/v2\/pages\/62\/revisions\/1207"}],"wp:attachment":[{"href":"https:\/\/magntec.se\/index.php\/wp-json\/wp\/v2\/media?parent=62"}],"curies":[{"name":"wp","href":"https:\/\/api.w.org\/{rel}","templated":true}]}}