{"id":64,"date":"2023-10-24T19:01:19","date_gmt":"2023-10-24T19:01:19","guid":{"rendered":"https:\/\/magntec.se\/?page_id=64"},"modified":"2024-06-28T08:19:02","modified_gmt":"2024-06-28T08:19:02","slug":"om-oss","status":"publish","type":"page","link":"https:\/\/magntec.se\/index.php\/om-oss\/","title":{"rendered":"Om oss"},"content":{"rendered":"\t\t<div data-elementor-type=\"wp-page\" data-elementor-id=\"64\" class=\"elementor elementor-64\">\n\t\t\t\t<div class=\"elementor-element elementor-element-12e2ec2 e-flex e-con-boxed e-con e-parent\" data-id=\"12e2ec2\" data-element_type=\"container\" data-settings=\"{&quot;background_background&quot;:&quot;slideshow&quot;,&quot;background_slideshow_gallery&quot;:[{&quot;id&quot;:257,&quot;url&quot;:&quot;https:\\\/\\\/magntec.se\\\/wp-content\\\/uploads\\\/2023\\\/10\\\/474A9632-Magntec-Magnus-Petterson-Presentationsbild-lagupplost-1-scaled.jpg&quot;}],&quot;background_slideshow_slide_duration&quot;:5000,&quot;background_slideshow_slide_transition&quot;:&quot;fade&quot;,&quot;background_slideshow_transition_duration&quot;:500}\">\n\t\t\t\t\t<div class=\"e-con-inner\">\n\t\t\t\t<div class=\"elementor-element elementor-element-8fcc56f elementor-widget elementor-widget-heading\" data-id=\"8fcc56f\" data-element_type=\"widget\" data-widget_type=\"heading.default\">\n\t\t\t\t<div class=\"elementor-widget-container\">\n\t\t\t<style>\/*! elementor - v3.22.0 - 26-06-2024 *\/\n.elementor-heading-title{padding:0;margin:0;line-height:1}.elementor-widget-heading .elementor-heading-title[class*=elementor-size-]>a{color:inherit;font-size:inherit;line-height:inherit}.elementor-widget-heading .elementor-heading-title.elementor-size-small{font-size:15px}.elementor-widget-heading .elementor-heading-title.elementor-size-medium{font-size:19px}.elementor-widget-heading .elementor-heading-title.elementor-size-large{font-size:29px}.elementor-widget-heading .elementor-heading-title.elementor-size-xl{font-size:39px}.elementor-widget-heading .elementor-heading-title.elementor-size-xxl{font-size:59px}<\/style><h2 class=\"elementor-heading-title elementor-size-default\">Om oss<\/h2>\t\t<\/div>\n\t\t\t\t<\/div>\n\t\t\t\t\t<\/div>\n\t\t\t\t<\/div>\n\t\t<div class=\"elementor-element elementor-element-46b56954 e-flex e-con-boxed e-con e-parent\" data-id=\"46b56954\" data-element_type=\"container\" data-settings=\"{&quot;background_background&quot;:&quot;slideshow&quot;,&quot;background_slideshow_gallery&quot;:[],&quot;background_slideshow_loop&quot;:&quot;yes&quot;,&quot;background_slideshow_slide_duration&quot;:5000,&quot;background_slideshow_slide_transition&quot;:&quot;fade&quot;,&quot;background_slideshow_transition_duration&quot;:500}\">\n\t\t\t\t\t<div class=\"e-con-inner\">\n\t\t\t\t<div class=\"elementor-element elementor-element-7a63fa2f elementor-widget elementor-widget-html\" data-id=\"7a63fa2f\" data-element_type=\"widget\" data-widget_type=\"html.default\">\n\t\t\t\t<div class=\"elementor-widget-container\">\n\t\t\t<!DOCTYPE html>\r\n<html>\r\n  <head>\r\n    <title>Min hemsida<\/title>\r\n    <style>\r\n      \/* CSS-kod f\u00f6r breadcrumbs *\/\r\n      .breadcrumbs {\r\n        font-size: 14px;\r\n        margin: 0px 0;\r\n      }\r\n      .breadcrumbs a {\r\n        text-decoration: none;\r\n        color: #666;\r\n      }\r\n      .breadcrumbs a:hover {\r\n        color: #000;\r\n      }\r\n      .breadcrumbs span {\r\n        color: #999;\r\n        margin: 0 5px;\r\n      }\r\n      .breadcrumbs span:last-child {\r\n        margin-right: 0;\r\n      }\r\n      \r\n      \/* CSS-kod f\u00f6r typsnitt *\/\r\n      body \r\n\t  \r\n\t  {\r\n        font-family: Libre Franklin, sans-serif;\r\n      }\r\n      \r\n\t  h1 \r\n\t  \r\n\t  {\r\n        font-family: \"Times New Roman\", serif;\r\n      }\r\n\r\n      \/* \u00d6vrig CSS-kod *\/\r\n      \r\n\t  p \r\n\t  {\r\n        font-size: 16px;\r\n        line-height: 1.5;\r\n        color: #333;\r\n      }\r\n     \r\n      a:hover \r\n\t  {\r\n        text-decoration: underline;\r\n      }\r\n\t  \r\n    <\/style>\r\n  <\/head>\r\n  <body>\r\n    <!-- Breadcrumbs -->\r\n    <div class=\"breadcrumbs\">\r\n      <a href=\"https:\/\/www.magntec.se\/\">Hem<\/a>\r\n      <span>>><\/span>\r\n      <a href=\"https:\/\/magntec.se\/index.php\/om-oss\/\">Om oss<\/a>\r\n      <span><\/span>\t  \r\n    <\/div>\r\n  <\/body>\r\n<\/html>\t\t<\/div>\n\t\t\t\t<\/div>\n\t\t\t\t\t<\/div>\n\t\t\t\t<\/div>\n\t\t<div class=\"elementor-element elementor-element-31badf1 e-flex e-con-boxed e-con e-parent\" data-id=\"31badf1\" data-element_type=\"container\">\n\t\t\t\t\t<div class=\"e-con-inner\">\n\t\t\t\t<div class=\"elementor-element elementor-element-394266b elementor-widget elementor-widget-text-editor\" data-id=\"394266b\" data-element_type=\"widget\" data-widget_type=\"text-editor.default\">\n\t\t\t\t<div class=\"elementor-widget-container\">\n\t\t\t<style>\/*! elementor - v3.22.0 - 26-06-2024 *\/\n.elementor-widget-text-editor.elementor-drop-cap-view-stacked .elementor-drop-cap{background-color:#69727d;color:#fff}.elementor-widget-text-editor.elementor-drop-cap-view-framed .elementor-drop-cap{color:#69727d;border:3px solid;background-color:transparent}.elementor-widget-text-editor:not(.elementor-drop-cap-view-default) .elementor-drop-cap{margin-top:8px}.elementor-widget-text-editor:not(.elementor-drop-cap-view-default) .elementor-drop-cap-letter{width:1em;height:1em}.elementor-widget-text-editor .elementor-drop-cap{float:left;text-align:center;line-height:1;font-size:50px}.elementor-widget-text-editor .elementor-drop-cap-letter{display:inline-block}<\/style>\t\t\t\t<p>Vi p\u00e5 Magntec erbjuder tj\u00e4nster kopplade till produktutveckling generellt och utveckling av den autonoma produkten i synnerhet.\u00a0Arbetet som m\u00e5ste b\u00f6rja i styrelserummet mynnar ofta ut i en l\u00e4ngre process, d\u00e4r man m\u00e5ste hitta f\u00f6retagets k\u00e4rnv\u00e4rde och l\u00e4gga upp en plan f\u00f6r hur man vill f\u00f6rvalta detta k\u00e4rnv\u00e4rde.<br \/>N\u00e4r man har k\u00e4rnv\u00e4rdet klart f\u00f6r sig s\u00e5 m\u00e5ste man v\u00e4lja vilka kunder ska vi finnas till f\u00f6r!<br \/>Det finns tre kategorier, kunder vi finns till f\u00f6r och aktivt utvecklar v\u00e5ra produkter f\u00f6r, de kunder som g\u00e4rna f\u00e5r k\u00f6pa men vi anpassar inte v\u00e5ra produkter till dem f\u00f6r det \u00e4r inte v\u00e5rt k\u00e4rnv\u00e4rde. Sedan \u00e4r det kunder som vi aktivt s\u00e4ger nej till, detta kan l\u00e5ta h\u00e5rt men alla f\u00f6retag har kunder som kostar mer \u00e4n de n\u00e5gonsin kommer att inbringa och dessa m\u00e5ste man l\u00e4ra sig att veta vilka det \u00e4r och sedan avb\u00f6ja att g\u00f6ra aff\u00e4r med.<br \/><br \/>N\u00e4r detta nu \u00e4r gjort blir det enklare att fastst\u00e4lla produktportf\u00f6ljen och vilka produkter vi ska ta fram de n\u00e4rmaste \u00e5ren, detta ska ju st\u00f6tta strategin och vara ett medvetet val f\u00f6r att bygga sitt varum\u00e4rke.<br \/>En bra utformad produktportf\u00f6lj kommer ocks\u00e5 att ge en bra projektportf\u00f6lj f\u00f6r produktutveckling vilket kommer att ge ett b\u00e4ttre fl\u00f6de och l\u00e4ttare att s\u00e4tta resurser f\u00f6r projekten.<br \/>Allt ska ju planeras tillsammans med hur vi vill marknadsf\u00f6ra v\u00e5rt f\u00f6retag f\u00f6r att st\u00e4rka v\u00e5rt varum\u00e4rke och aktivt arbeta f\u00f6r att vi f\u00e5r ett j\u00e4mnt fl\u00f6de av nya produkter, uppdateringar och nyheter som kan anv\u00e4ndas f\u00f6r varum\u00e4rkesbyggnad.<br \/><br \/>N\u00e4r man n\u00e4rmar sig vad den autonoma (sj\u00e4lvk\u00f6rande) framtiden inneb\u00e4r f\u00f6r sitt f\u00f6retag s\u00e5 \u00e4r processen liknande men att f\u00f6rst\u00e5 att det p\u00e5verkar oss alla kanske inte \u00e4r lika l\u00e4tt.<br \/>H\u00e4r hj\u00e4lper vi till med att f\u00f6rst kartl\u00e4gga vad det inneb\u00e4r, ett exempel \u00e4r n\u00e4r sj\u00e4lvk\u00f6rande bilen \u00e4r ett faktum, vad ska d\u00e5 f\u00f6retagen som g\u00f6r trafikljus g\u00f6ra d\u00e5, dessa kommer ju inte att beh\u00f6vas l\u00e4ngre!<br \/><br \/>S\u00e5 n\u00e4r man har kartlagt hur det p\u00e5verkar just ditt f\u00f6retag s\u00e5 tar man fram en plan d\u00e4r man stegvis l\u00e5ter kundnytta och strategi v\u00e4xa sig fram till en produkt som \u00e4r anpassad till den nya verkligheten. Det kan vara en sj\u00e4lvg\u00e5ende produkt och med viss intelligens, eller kanske bara ett nytt produktsortiment som erbjuder produkter f\u00f6r den framtida marknaden, t.ex. en kommunikationsfyr som samordnar sj\u00e4lvk\u00f6rande bilar i korsningar!<br \/><br \/>Tack vare m\u00e5ng\u00e5rig erfarenhet inom processutveckling och projektledning kan vi ocks\u00e5\u00a0genom f\u00f6rel\u00e4sningar och inspirationstal motivera f\u00f6retag och grupper i att komma n\u00e5gra steg l\u00e4ngre p\u00e5 sin resa i arbetet att bli b\u00e4ttre p\u00e5 produktutveckling eller med den autonoma produkten. Med l\u00e5ng erfarenhet av projektledning i praktiken kan vi p\u00e5 ett intressant och motiverande s\u00e4tt f\u00f6rel\u00e4sa om hur man undviker de f\u00e4llor man m\u00e5nga g\u00e5nger riskerar att falla i vid inf\u00f6rande av en gateway process i projektplaneringen.<br \/><br \/>V\u00e5rt f\u00f6rsta intresse \u00e4r att anv\u00e4nda oss av metoderna f\u00f6r Lean och agil produktutveckling vilket g\u00f6r att det inte blir byr\u00e5kratiskt och att det hj\u00e4lper i st\u00e4llet f\u00f6r att det stj\u00e4lper processen man jobbar med. Det ska vara ett verktyg man har st\u00f6d och nytta av i sin verksamhet.<\/p>\t\t\t\t\t\t<\/div>\n\t\t\t\t<\/div>\n\t\t\t\t\t<\/div>\n\t\t\t\t<\/div>\n\t\t\t\t<\/div>\n\t\t","protected":false},"excerpt":{"rendered":"<p>Om oss Min hemsida Hem >> Om oss Vi p\u00e5 Magntec erbjuder tj\u00e4nster kopplade till produktutveckling generellt och utveckling av den autonoma produkten i synnerhet.\u00a0Arbetet som m\u00e5ste b\u00f6rja i styrelserummet mynnar ofta ut i en l\u00e4ngre process, d\u00e4r man m\u00e5ste hitta f\u00f6retagets k\u00e4rnv\u00e4rde och l\u00e4gga upp en plan f\u00f6r hur man vill f\u00f6rvalta detta k\u00e4rnv\u00e4rde.N\u00e4r [&hellip;]<\/p>\n","protected":false},"author":1,"featured_media":0,"parent":0,"menu_order":0,"comment_status":"closed","ping_status":"closed","template":"","meta":{"footnotes":""},"class_list":["post-64","page","type-page","status-publish","hentry"],"yoast_head":"<!-- This site is optimized with the Yoast SEO plugin v22.9 - https:\/\/yoast.com\/wordpress\/plugins\/seo\/ -->\n<title>Om oss - Magntec<\/title>\n<meta name=\"robots\" content=\"index, follow, max-snippet:-1, max-image-preview:large, max-video-preview:-1\" \/>\n<link rel=\"canonical\" href=\"https:\/\/magntec.se\/index.php\/om-oss\/\" \/>\n<meta property=\"og:locale\" content=\"sv_SE\" \/>\n<meta property=\"og:type\" content=\"article\" \/>\n<meta property=\"og:title\" content=\"Om oss - Magntec\" \/>\n<meta property=\"og:description\" content=\"Om oss Min hemsida Hem &gt;&gt; Om oss Vi p\u00e5 Magntec erbjuder tj\u00e4nster kopplade till produktutveckling generellt och utveckling av den autonoma produkten i synnerhet.\u00a0Arbetet som m\u00e5ste b\u00f6rja i styrelserummet mynnar ofta ut i en l\u00e4ngre process, d\u00e4r man m\u00e5ste hitta f\u00f6retagets k\u00e4rnv\u00e4rde och l\u00e4gga upp en plan f\u00f6r hur man vill f\u00f6rvalta detta k\u00e4rnv\u00e4rde.N\u00e4r [&hellip;]\" \/>\n<meta property=\"og:url\" content=\"https:\/\/magntec.se\/index.php\/om-oss\/\" \/>\n<meta property=\"og:site_name\" content=\"Magntec\" \/>\n<meta property=\"article:modified_time\" content=\"2024-06-28T08:19:02+00:00\" \/>\n<meta name=\"twitter:card\" content=\"summary_large_image\" \/>\n<meta name=\"twitter:label1\" content=\"Ber\u00e4knad l\u00e4stid\" \/>\n\t<meta name=\"twitter:data1\" content=\"3 minuter\" \/>\n<script type=\"application\/ld+json\" class=\"yoast-schema-graph\">{\"@context\":\"https:\/\/schema.org\",\"@graph\":[{\"@type\":\"WebPage\",\"@id\":\"https:\/\/magntec.se\/index.php\/om-oss\/\",\"url\":\"https:\/\/magntec.se\/index.php\/om-oss\/\",\"name\":\"Om oss - Magntec\",\"isPartOf\":{\"@id\":\"https:\/\/magntec.se\/#website\"},\"datePublished\":\"2023-10-24T19:01:19+00:00\",\"dateModified\":\"2024-06-28T08:19:02+00:00\",\"breadcrumb\":{\"@id\":\"https:\/\/magntec.se\/index.php\/om-oss\/#breadcrumb\"},\"inLanguage\":\"sv-SE\",\"potentialAction\":[{\"@type\":\"ReadAction\",\"target\":[\"https:\/\/magntec.se\/index.php\/om-oss\/\"]}]},{\"@type\":\"BreadcrumbList\",\"@id\":\"https:\/\/magntec.se\/index.php\/om-oss\/#breadcrumb\",\"itemListElement\":[{\"@type\":\"ListItem\",\"position\":1,\"name\":\"Hem\",\"item\":\"https:\/\/magntec.se\/\"},{\"@type\":\"ListItem\",\"position\":2,\"name\":\"Om oss\"}]},{\"@type\":\"WebSite\",\"@id\":\"https:\/\/magntec.se\/#website\",\"url\":\"https:\/\/magntec.se\/\",\"name\":\"Magntec\",\"description\":\"\",\"publisher\":{\"@id\":\"https:\/\/magntec.se\/#organization\"},\"potentialAction\":[{\"@type\":\"SearchAction\",\"target\":{\"@type\":\"EntryPoint\",\"urlTemplate\":\"https:\/\/magntec.se\/?s={search_term_string}\"},\"query-input\":\"required name=search_term_string\"}],\"inLanguage\":\"sv-SE\"},{\"@type\":\"Organization\",\"@id\":\"https:\/\/magntec.se\/#organization\",\"name\":\"Magntec\",\"url\":\"https:\/\/magntec.se\/\",\"logo\":{\"@type\":\"ImageObject\",\"inLanguage\":\"sv-SE\",\"@id\":\"https:\/\/magntec.se\/#\/schema\/logo\/image\/\",\"url\":\"https:\/\/magntec.se\/wp-content\/uploads\/2023\/10\/Magntec-horisontal.png\",\"contentUrl\":\"https:\/\/magntec.se\/wp-content\/uploads\/2023\/10\/Magntec-horisontal.png\",\"width\":3939,\"height\":644,\"caption\":\"Magntec\"},\"image\":{\"@id\":\"https:\/\/magntec.se\/#\/schema\/logo\/image\/\"}}]}<\/script>\n<!-- \/ Yoast SEO plugin. -->","yoast_head_json":{"title":"Om oss - Magntec","robots":{"index":"index","follow":"follow","max-snippet":"max-snippet:-1","max-image-preview":"max-image-preview:large","max-video-preview":"max-video-preview:-1"},"canonical":"https:\/\/magntec.se\/index.php\/om-oss\/","og_locale":"sv_SE","og_type":"article","og_title":"Om oss - Magntec","og_description":"Om oss Min hemsida Hem >> Om oss Vi p\u00e5 Magntec erbjuder tj\u00e4nster kopplade till produktutveckling generellt och utveckling av den autonoma produkten i synnerhet.\u00a0Arbetet som m\u00e5ste b\u00f6rja i styrelserummet mynnar ofta ut i en l\u00e4ngre process, d\u00e4r man m\u00e5ste hitta f\u00f6retagets k\u00e4rnv\u00e4rde och l\u00e4gga upp en plan f\u00f6r hur man vill f\u00f6rvalta detta k\u00e4rnv\u00e4rde.N\u00e4r [&hellip;]","og_url":"https:\/\/magntec.se\/index.php\/om-oss\/","og_site_name":"Magntec","article_modified_time":"2024-06-28T08:19:02+00:00","twitter_card":"summary_large_image","twitter_misc":{"Ber\u00e4knad l\u00e4stid":"3 minuter"},"schema":{"@context":"https:\/\/schema.org","@graph":[{"@type":"WebPage","@id":"https:\/\/magntec.se\/index.php\/om-oss\/","url":"https:\/\/magntec.se\/index.php\/om-oss\/","name":"Om oss - Magntec","isPartOf":{"@id":"https:\/\/magntec.se\/#website"},"datePublished":"2023-10-24T19:01:19+00:00","dateModified":"2024-06-28T08:19:02+00:00","breadcrumb":{"@id":"https:\/\/magntec.se\/index.php\/om-oss\/#breadcrumb"},"inLanguage":"sv-SE","potentialAction":[{"@type":"ReadAction","target":["https:\/\/magntec.se\/index.php\/om-oss\/"]}]},{"@type":"BreadcrumbList","@id":"https:\/\/magntec.se\/index.php\/om-oss\/#breadcrumb","itemListElement":[{"@type":"ListItem","position":1,"name":"Hem","item":"https:\/\/magntec.se\/"},{"@type":"ListItem","position":2,"name":"Om oss"}]},{"@type":"WebSite","@id":"https:\/\/magntec.se\/#website","url":"https:\/\/magntec.se\/","name":"Magntec","description":"","publisher":{"@id":"https:\/\/magntec.se\/#organization"},"potentialAction":[{"@type":"SearchAction","target":{"@type":"EntryPoint","urlTemplate":"https:\/\/magntec.se\/?s={search_term_string}"},"query-input":"required name=search_term_string"}],"inLanguage":"sv-SE"},{"@type":"Organization","@id":"https:\/\/magntec.se\/#organization","name":"Magntec","url":"https:\/\/magntec.se\/","logo":{"@type":"ImageObject","inLanguage":"sv-SE","@id":"https:\/\/magntec.se\/#\/schema\/logo\/image\/","url":"https:\/\/magntec.se\/wp-content\/uploads\/2023\/10\/Magntec-horisontal.png","contentUrl":"https:\/\/magntec.se\/wp-content\/uploads\/2023\/10\/Magntec-horisontal.png","width":3939,"height":644,"caption":"Magntec"},"image":{"@id":"https:\/\/magntec.se\/#\/schema\/logo\/image\/"}}]}},"_links":{"self":[{"href":"https:\/\/magntec.se\/index.php\/wp-json\/wp\/v2\/pages\/64","targetHints":{"allow":["GET"]}}],"collection":[{"href":"https:\/\/magntec.se\/index.php\/wp-json\/wp\/v2\/pages"}],"about":[{"href":"https:\/\/magntec.se\/index.php\/wp-json\/wp\/v2\/types\/page"}],"author":[{"embeddable":true,"href":"https:\/\/magntec.se\/index.php\/wp-json\/wp\/v2\/users\/1"}],"replies":[{"embeddable":true,"href":"https:\/\/magntec.se\/index.php\/wp-json\/wp\/v2\/comments?post=64"}],"version-history":[{"count":9,"href":"https:\/\/magntec.se\/index.php\/wp-json\/wp\/v2\/pages\/64\/revisions"}],"predecessor-version":[{"id":1299,"href":"https:\/\/magntec.se\/index.php\/wp-json\/wp\/v2\/pages\/64\/revisions\/1299"}],"wp:attachment":[{"href":"https:\/\/magntec.se\/index.php\/wp-json\/wp\/v2\/media?parent=64"}],"curies":[{"name":"wp","href":"https:\/\/api.w.org\/{rel}","templated":true}]}}