{"id":763,"date":"2024-06-19T07:35:44","date_gmt":"2024-06-19T07:35:44","guid":{"rendered":"https:\/\/magntec.se\/?page_id=763"},"modified":"2024-06-20T11:20:42","modified_gmt":"2024-06-20T11:20:42","slug":"lean-produktutveckling","status":"publish","type":"page","link":"https:\/\/magntec.se\/index.php\/lean-produktutveckling\/","title":{"rendered":"Lean Produktutveckling"},"content":{"rendered":"\t\t<div data-elementor-type=\"wp-page\" data-elementor-id=\"763\" class=\"elementor elementor-763\">\n\t\t\t\t<div class=\"elementor-element elementor-element-37395707 e-flex e-con-boxed e-con e-parent\" data-id=\"37395707\" data-element_type=\"container\" data-settings=\"{&quot;background_background&quot;:&quot;slideshow&quot;,&quot;background_slideshow_gallery&quot;:[{&quot;id&quot;:289,&quot;url&quot;:&quot;https:\\\/\\\/magntec.se\\\/wp-content\\\/uploads\\\/2023\\\/10\\\/Marknad-UT-3_Moment-5-1.jpg&quot;}],&quot;background_slideshow_loop&quot;:&quot;yes&quot;,&quot;background_slideshow_slide_duration&quot;:5000,&quot;background_slideshow_slide_transition&quot;:&quot;fade&quot;,&quot;background_slideshow_transition_duration&quot;:500}\">\n\t\t\t\t\t<div class=\"e-con-inner\">\n\t\t\t\t<div class=\"elementor-element elementor-element-376c529d elementor-widget elementor-widget-heading\" data-id=\"376c529d\" data-element_type=\"widget\" data-widget_type=\"heading.default\">\n\t\t\t\t<div class=\"elementor-widget-container\">\n\t\t\t<style>\/*! elementor - v3.22.0 - 26-06-2024 *\/\n.elementor-heading-title{padding:0;margin:0;line-height:1}.elementor-widget-heading .elementor-heading-title[class*=elementor-size-]>a{color:inherit;font-size:inherit;line-height:inherit}.elementor-widget-heading .elementor-heading-title.elementor-size-small{font-size:15px}.elementor-widget-heading .elementor-heading-title.elementor-size-medium{font-size:19px}.elementor-widget-heading .elementor-heading-title.elementor-size-large{font-size:29px}.elementor-widget-heading .elementor-heading-title.elementor-size-xl{font-size:39px}.elementor-widget-heading .elementor-heading-title.elementor-size-xxl{font-size:59px}<\/style><h2 class=\"elementor-heading-title elementor-size-xxl\">Att lyckas med\n\u200bLean Produktutveckling<\/h2>\t\t<\/div>\n\t\t\t\t<\/div>\n\t\t\t\t\t<\/div>\n\t\t\t\t<\/div>\n\t\t<div class=\"elementor-element elementor-element-64e21d7e e-flex e-con-boxed e-con e-parent\" data-id=\"64e21d7e\" data-element_type=\"container\" data-settings=\"{&quot;background_background&quot;:&quot;slideshow&quot;,&quot;background_slideshow_gallery&quot;:[],&quot;background_slideshow_loop&quot;:&quot;yes&quot;,&quot;background_slideshow_slide_duration&quot;:5000,&quot;background_slideshow_slide_transition&quot;:&quot;fade&quot;,&quot;background_slideshow_transition_duration&quot;:500}\">\n\t\t\t\t\t<div class=\"e-con-inner\">\n\t\t\t\t<div class=\"elementor-element elementor-element-273f29ca elementor-widget elementor-widget-html\" data-id=\"273f29ca\" data-element_type=\"widget\" data-widget_type=\"html.default\">\n\t\t\t\t<div class=\"elementor-widget-container\">\n\t\t\t<!DOCTYPE html>\r\n<html>\r\n  <head>\r\n    <title>Min hemsida<\/title>\r\n    <style>\r\n      \/* CSS-kod f\u00f6r breadcrumbs *\/\r\n      .breadcrumbs {\r\n        font-size: 14px;\r\n        margin: 0px 0;\r\n      }\r\n      .breadcrumbs a {\r\n        text-decoration: none;\r\n        color: #666;\r\n      }\r\n      .breadcrumbs a:hover {\r\n        color: #000;\r\n      }\r\n      .breadcrumbs span {\r\n        color: #999;\r\n        margin: 0 5px;\r\n      }\r\n      .breadcrumbs span:last-child {\r\n        margin-right: 0;\r\n      }\r\n      \r\n      \/* CSS-kod f\u00f6r typsnitt *\/\r\n      body \r\n\t  \r\n\t  {\r\n        font-family: Libre Franklin, sans-serif;\r\n      }\r\n      \r\n\t  h1 \r\n\t  \r\n\t  {\r\n        font-family: \"Times New Roman\", serif;\r\n      }\r\n\r\n      \/* \u00d6vrig CSS-kod *\/\r\n      \r\n\t  p \r\n\t  {\r\n        font-size: 16px;\r\n        line-height: 1.5;\r\n        color: #333;\r\n      }\r\n     \r\n      a:hover \r\n\t  {\r\n        text-decoration: underline;\r\n      }\r\n\t  \r\n    <\/style>\r\n  <\/head>\r\n  <body>\r\n    <!-- Breadcrumbs -->\r\n    <div class=\"breadcrumbs\">\r\n      <a href=\"https:\/\/www.magntec.se\/\">Hem<\/a>\r\n      <span>>><\/span>\r\n      <a href=\"https:\/\/magntec.se\/index.php\/foredragshallare\/\">Presentationer<\/a>\r\n      <span>>><\/span>\r\n      <a href=\"https:\/\/magntec.se\/index.php\/lean-produktutveckling\/\">Att lyckas med lean produktutveckling<\/a>\r\n      <span><\/span>\t  \r\n    <\/div>\r\n  <\/body>\r\n<\/html>\t\t<\/div>\n\t\t\t\t<\/div>\n\t\t\t\t\t<\/div>\n\t\t\t\t<\/div>\n\t\t<div class=\"elementor-element elementor-element-44fc4a0e e-flex e-con-boxed e-con e-parent\" data-id=\"44fc4a0e\" data-element_type=\"container\">\n\t\t\t\t\t<div class=\"e-con-inner\">\n\t\t<div class=\"elementor-element elementor-element-73a32dc0 e-con-full e-flex e-con e-child\" data-id=\"73a32dc0\" data-element_type=\"container\">\n\t\t\t\t<div class=\"elementor-element elementor-element-7a5cfcd8 elementor-widget elementor-widget-image\" data-id=\"7a5cfcd8\" data-element_type=\"widget\" data-widget_type=\"image.default\">\n\t\t\t\t<div class=\"elementor-widget-container\">\n\t\t\t<style>\/*! elementor - v3.22.0 - 26-06-2024 *\/\n.elementor-widget-image{text-align:center}.elementor-widget-image a{display:inline-block}.elementor-widget-image a img[src$=\".svg\"]{width:48px}.elementor-widget-image img{vertical-align:middle;display:inline-block}<\/style>\t\t\t\t\t\t\t\t\t\t<img fetchpriority=\"high\" decoding=\"async\" width=\"520\" height=\"356\" src=\"https:\/\/magntec.se\/wp-content\/uploads\/2024\/06\/Skarmklipp.png\" class=\"attachment-large size-large wp-image-632\" alt=\"\" srcset=\"https:\/\/magntec.se\/wp-content\/uploads\/2024\/06\/Skarmklipp.png 520w, https:\/\/magntec.se\/wp-content\/uploads\/2024\/06\/Skarmklipp-300x205.png 300w\" sizes=\"(max-width: 520px) 100vw, 520px\" \/>\t\t\t\t\t\t\t\t\t\t\t\t\t<\/div>\n\t\t\t\t<\/div>\n\t\t\t\t<\/div>\n\t\t<div class=\"elementor-element elementor-element-373ed719 e-con-full e-flex e-con e-child\" data-id=\"373ed719\" data-element_type=\"container\">\n\t\t\t\t<div class=\"elementor-element elementor-element-385d18ff elementor-widget elementor-widget-text-editor\" data-id=\"385d18ff\" data-element_type=\"widget\" data-widget_type=\"text-editor.default\">\n\t\t\t\t<div class=\"elementor-widget-container\">\n\t\t\t<style>\/*! elementor - v3.22.0 - 26-06-2024 *\/\n.elementor-widget-text-editor.elementor-drop-cap-view-stacked .elementor-drop-cap{background-color:#69727d;color:#fff}.elementor-widget-text-editor.elementor-drop-cap-view-framed .elementor-drop-cap{color:#69727d;border:3px solid;background-color:transparent}.elementor-widget-text-editor:not(.elementor-drop-cap-view-default) .elementor-drop-cap{margin-top:8px}.elementor-widget-text-editor:not(.elementor-drop-cap-view-default) .elementor-drop-cap-letter{width:1em;height:1em}.elementor-widget-text-editor .elementor-drop-cap{float:left;text-align:center;line-height:1;font-size:50px}.elementor-widget-text-editor .elementor-drop-cap-letter{display:inline-block}<\/style>\t\t\t\t<h4>Varf\u00f6r misslyckas m\u00e5nga f\u00f6retag med inf\u00f6randet av Lean Produktutveckling?<br \/>\u200b<\/h4><p>Lean eller Agil Produktutveckling har otaliga framg\u00e5ngsexempel men \u00e4nd\u00e5 \u00e4r det f\u00e5 f\u00f6retag som lyckas f\u00f6ra in metoderna.<br \/>\u00a0<br \/>M\u00e5nga g\u00e5nger h\u00f6r man: \u201dLean\/Agil produktutveckling, n\u00e4 det har vi provat och det fungerar inte, alldeles f\u00f6r komplicerat\u201d.<br \/>I den h\u00e4r f\u00f6rel\u00e4sningen tar vi upp en m\u00e4ngd olika orsaker till varf\u00f6r man inte lyckas med inf\u00f6rande av Lean eller Agil produktutveckling.<br \/>\u00a0<br \/>Allt fr\u00e5n att man gl\u00f6mmer att ge personalen r\u00e4tt f\u00f6ruts\u00e4ttningar f\u00f6r att jobba enligt metoderna, man ger inte tiden att l\u00e4ra sig det nya arbetss\u00e4ttet eller f\u00e5r tiden i projektet att verkligen g\u00f6ra de kritiska stegen.<br \/>Flertalet misslyckande beror ocks\u00e5 p\u00e5 att man tror att det g\u00e5r att f\u00f6ra in \u201disolerat\u201d, vi g\u00f6r det p\u00e5 ett utvalt projekt och missar att projekten \u00e4r l\u00e4nkade med b\u00e5de varandra och \u00f6vrig verksamhet eftersom organisationen s\u00e4llan g\u00e5r att skilja \u00e5t.<br \/>\u00a0<br \/>Man gl\u00f6mmer att en m\u00e4ngd processer m\u00e5ste anpassas till det nya s\u00e4ttet att t\u00e4nka, man kan inte beh\u00e5lla f\u00f6r\u00e5ldrade process steg samtidigt som man ska f\u00f6ra in ett nytt s\u00e4tt att t\u00e4nka.<br \/>Efter f\u00f6rel\u00e4sningen kommer \u00e5h\u00f6raren att ha en f\u00f6rst\u00e5else f\u00f6r vad man m\u00e5ste t\u00e4nka p\u00e5 inf\u00f6r inte bara inf\u00f6rande av Lean\/agil produktutveckling, utan faktiskt \u00e4ven applicerbart p\u00e5 m\u00e5nga f\u00f6r\u00e4ndringar i hur man jobbar.<br \/>\u00a0<br \/>D\u00e5 alla f\u00f6retag \u00e4r olika organiserade, har olika f\u00f6ruts\u00e4ttningar och olika behov s\u00e5 utlovas inte svar p\u00e5 hur det ska g\u00f6ras p\u00e5 just ert f\u00f6retag men \u00e5h\u00f6raren kommer att se p\u00e5 det med nya \u00f6gon, f\u00f6rst\u00e5 att man m\u00e5ste titta p\u00e5 helheten och anpassa det efter sina behov.<\/p>\t\t\t\t\t\t<\/div>\n\t\t\t\t<\/div>\n\t\t\t\t<\/div>\n\t\t\t\t\t<\/div>\n\t\t\t\t<\/div>\n\t\t<div class=\"elementor-element elementor-element-778dd533 e-flex e-con-boxed e-con e-parent\" data-id=\"778dd533\" data-element_type=\"container\">\n\t\t\t\t\t<div class=\"e-con-inner\">\n\t\t\t\t<div class=\"elementor-element elementor-element-5b404cd elementor-widget elementor-widget-spacer\" data-id=\"5b404cd\" data-element_type=\"widget\" data-widget_type=\"spacer.default\">\n\t\t\t\t<div class=\"elementor-widget-container\">\n\t\t\t<style>\/*! elementor - v3.22.0 - 26-06-2024 *\/\n.elementor-column .elementor-spacer-inner{height:var(--spacer-size)}.e-con{--container-widget-width:100%}.e-con-inner>.elementor-widget-spacer,.e-con>.elementor-widget-spacer{width:var(--container-widget-width,var(--spacer-size));--align-self:var(--container-widget-align-self,initial);--flex-shrink:0}.e-con-inner>.elementor-widget-spacer>.elementor-widget-container,.e-con>.elementor-widget-spacer>.elementor-widget-container{height:100%;width:100%}.e-con-inner>.elementor-widget-spacer>.elementor-widget-container>.elementor-spacer,.e-con>.elementor-widget-spacer>.elementor-widget-container>.elementor-spacer{height:100%}.e-con-inner>.elementor-widget-spacer>.elementor-widget-container>.elementor-spacer>.elementor-spacer-inner,.e-con>.elementor-widget-spacer>.elementor-widget-container>.elementor-spacer>.elementor-spacer-inner{height:var(--container-widget-height,var(--spacer-size))}.e-con-inner>.elementor-widget-spacer.elementor-widget-empty,.e-con>.elementor-widget-spacer.elementor-widget-empty{position:relative;min-height:22px;min-width:22px}.e-con-inner>.elementor-widget-spacer.elementor-widget-empty .elementor-widget-empty-icon,.e-con>.elementor-widget-spacer.elementor-widget-empty .elementor-widget-empty-icon{position:absolute;top:0;bottom:0;left:0;right:0;margin:auto;padding:0;width:22px;height:22px}<\/style>\t\t<div class=\"elementor-spacer\">\n\t\t\t<div class=\"elementor-spacer-inner\"><\/div>\n\t\t<\/div>\n\t\t\t\t<\/div>\n\t\t\t\t<\/div>\n\t\t\t\t\t<\/div>\n\t\t\t\t<\/div>\n\t\t\t\t<\/div>\n\t\t","protected":false},"excerpt":{"rendered":"<p>Att lyckas med \u200bLean Produktutveckling Min hemsida Hem >> Presentationer >> Att lyckas med lean produktutveckling Varf\u00f6r misslyckas m\u00e5nga f\u00f6retag med inf\u00f6randet av Lean Produktutveckling?\u200b Lean eller Agil Produktutveckling har otaliga framg\u00e5ngsexempel men \u00e4nd\u00e5 \u00e4r det f\u00e5 f\u00f6retag som lyckas f\u00f6ra in metoderna.\u00a0M\u00e5nga g\u00e5nger h\u00f6r man: \u201dLean\/Agil produktutveckling, n\u00e4 det har vi provat och det [&hellip;]<\/p>\n","protected":false},"author":3,"featured_media":0,"parent":0,"menu_order":0,"comment_status":"closed","ping_status":"closed","template":"","meta":{"footnotes":""},"class_list":["post-763","page","type-page","status-publish","hentry"],"yoast_head":"<!-- This site is optimized with the Yoast SEO plugin v22.9 - https:\/\/yoast.com\/wordpress\/plugins\/seo\/ -->\n<title>Lean Produktutveckling - Magntec<\/title>\n<meta name=\"robots\" content=\"index, follow, max-snippet:-1, max-image-preview:large, max-video-preview:-1\" \/>\n<link rel=\"canonical\" href=\"https:\/\/magntec.se\/index.php\/lean-produktutveckling\/\" \/>\n<meta property=\"og:locale\" content=\"sv_SE\" \/>\n<meta property=\"og:type\" content=\"article\" \/>\n<meta property=\"og:title\" content=\"Lean Produktutveckling - Magntec\" \/>\n<meta property=\"og:description\" content=\"Att lyckas med \u200bLean Produktutveckling Min hemsida Hem &gt;&gt; Presentationer &gt;&gt; Att lyckas med lean produktutveckling Varf\u00f6r misslyckas m\u00e5nga f\u00f6retag med inf\u00f6randet av Lean Produktutveckling?\u200b Lean eller Agil Produktutveckling har otaliga framg\u00e5ngsexempel men \u00e4nd\u00e5 \u00e4r det f\u00e5 f\u00f6retag som lyckas f\u00f6ra in metoderna.\u00a0M\u00e5nga g\u00e5nger h\u00f6r man: \u201dLean\/Agil produktutveckling, n\u00e4 det har vi provat och det [&hellip;]\" \/>\n<meta property=\"og:url\" content=\"https:\/\/magntec.se\/index.php\/lean-produktutveckling\/\" \/>\n<meta property=\"og:site_name\" content=\"Magntec\" \/>\n<meta property=\"article:modified_time\" content=\"2024-06-20T11:20:42+00:00\" \/>\n<meta property=\"og:image\" content=\"https:\/\/magntec.se\/wp-content\/uploads\/2024\/06\/Skarmklipp.png\" \/>\n<meta name=\"twitter:card\" content=\"summary_large_image\" \/>\n<meta name=\"twitter:label1\" content=\"Ber\u00e4knad l\u00e4stid\" \/>\n\t<meta name=\"twitter:data1\" content=\"2 minuter\" \/>\n<script type=\"application\/ld+json\" class=\"yoast-schema-graph\">{\"@context\":\"https:\/\/schema.org\",\"@graph\":[{\"@type\":\"WebPage\",\"@id\":\"https:\/\/magntec.se\/index.php\/lean-produktutveckling\/\",\"url\":\"https:\/\/magntec.se\/index.php\/lean-produktutveckling\/\",\"name\":\"Lean Produktutveckling - Magntec\",\"isPartOf\":{\"@id\":\"https:\/\/magntec.se\/#website\"},\"primaryImageOfPage\":{\"@id\":\"https:\/\/magntec.se\/index.php\/lean-produktutveckling\/#primaryimage\"},\"image\":{\"@id\":\"https:\/\/magntec.se\/index.php\/lean-produktutveckling\/#primaryimage\"},\"thumbnailUrl\":\"https:\/\/magntec.se\/wp-content\/uploads\/2024\/06\/Skarmklipp.png\",\"datePublished\":\"2024-06-19T07:35:44+00:00\",\"dateModified\":\"2024-06-20T11:20:42+00:00\",\"breadcrumb\":{\"@id\":\"https:\/\/magntec.se\/index.php\/lean-produktutveckling\/#breadcrumb\"},\"inLanguage\":\"sv-SE\",\"potentialAction\":[{\"@type\":\"ReadAction\",\"target\":[\"https:\/\/magntec.se\/index.php\/lean-produktutveckling\/\"]}]},{\"@type\":\"ImageObject\",\"inLanguage\":\"sv-SE\",\"@id\":\"https:\/\/magntec.se\/index.php\/lean-produktutveckling\/#primaryimage\",\"url\":\"https:\/\/magntec.se\/wp-content\/uploads\/2024\/06\/Skarmklipp.png\",\"contentUrl\":\"https:\/\/magntec.se\/wp-content\/uploads\/2024\/06\/Skarmklipp.png\",\"width\":520,\"height\":356},{\"@type\":\"BreadcrumbList\",\"@id\":\"https:\/\/magntec.se\/index.php\/lean-produktutveckling\/#breadcrumb\",\"itemListElement\":[{\"@type\":\"ListItem\",\"position\":1,\"name\":\"Hem\",\"item\":\"https:\/\/magntec.se\/\"},{\"@type\":\"ListItem\",\"position\":2,\"name\":\"Lean Produktutveckling\"}]},{\"@type\":\"WebSite\",\"@id\":\"https:\/\/magntec.se\/#website\",\"url\":\"https:\/\/magntec.se\/\",\"name\":\"Magntec\",\"description\":\"\",\"publisher\":{\"@id\":\"https:\/\/magntec.se\/#organization\"},\"potentialAction\":[{\"@type\":\"SearchAction\",\"target\":{\"@type\":\"EntryPoint\",\"urlTemplate\":\"https:\/\/magntec.se\/?s={search_term_string}\"},\"query-input\":\"required name=search_term_string\"}],\"inLanguage\":\"sv-SE\"},{\"@type\":\"Organization\",\"@id\":\"https:\/\/magntec.se\/#organization\",\"name\":\"Magntec\",\"url\":\"https:\/\/magntec.se\/\",\"logo\":{\"@type\":\"ImageObject\",\"inLanguage\":\"sv-SE\",\"@id\":\"https:\/\/magntec.se\/#\/schema\/logo\/image\/\",\"url\":\"https:\/\/magntec.se\/wp-content\/uploads\/2023\/10\/Magntec-horisontal.png\",\"contentUrl\":\"https:\/\/magntec.se\/wp-content\/uploads\/2023\/10\/Magntec-horisontal.png\",\"width\":3939,\"height\":644,\"caption\":\"Magntec\"},\"image\":{\"@id\":\"https:\/\/magntec.se\/#\/schema\/logo\/image\/\"}}]}<\/script>\n<!-- \/ Yoast SEO plugin. -->","yoast_head_json":{"title":"Lean Produktutveckling - Magntec","robots":{"index":"index","follow":"follow","max-snippet":"max-snippet:-1","max-image-preview":"max-image-preview:large","max-video-preview":"max-video-preview:-1"},"canonical":"https:\/\/magntec.se\/index.php\/lean-produktutveckling\/","og_locale":"sv_SE","og_type":"article","og_title":"Lean Produktutveckling - Magntec","og_description":"Att lyckas med \u200bLean Produktutveckling Min hemsida Hem >> Presentationer >> Att lyckas med lean produktutveckling Varf\u00f6r misslyckas m\u00e5nga f\u00f6retag med inf\u00f6randet av Lean Produktutveckling?\u200b Lean eller Agil Produktutveckling har otaliga framg\u00e5ngsexempel men \u00e4nd\u00e5 \u00e4r det f\u00e5 f\u00f6retag som lyckas f\u00f6ra in metoderna.\u00a0M\u00e5nga g\u00e5nger h\u00f6r man: \u201dLean\/Agil produktutveckling, n\u00e4 det har vi provat och det [&hellip;]","og_url":"https:\/\/magntec.se\/index.php\/lean-produktutveckling\/","og_site_name":"Magntec","article_modified_time":"2024-06-20T11:20:42+00:00","og_image":[{"url":"https:\/\/magntec.se\/wp-content\/uploads\/2024\/06\/Skarmklipp.png"}],"twitter_card":"summary_large_image","twitter_misc":{"Ber\u00e4knad l\u00e4stid":"2 minuter"},"schema":{"@context":"https:\/\/schema.org","@graph":[{"@type":"WebPage","@id":"https:\/\/magntec.se\/index.php\/lean-produktutveckling\/","url":"https:\/\/magntec.se\/index.php\/lean-produktutveckling\/","name":"Lean Produktutveckling - Magntec","isPartOf":{"@id":"https:\/\/magntec.se\/#website"},"primaryImageOfPage":{"@id":"https:\/\/magntec.se\/index.php\/lean-produktutveckling\/#primaryimage"},"image":{"@id":"https:\/\/magntec.se\/index.php\/lean-produktutveckling\/#primaryimage"},"thumbnailUrl":"https:\/\/magntec.se\/wp-content\/uploads\/2024\/06\/Skarmklipp.png","datePublished":"2024-06-19T07:35:44+00:00","dateModified":"2024-06-20T11:20:42+00:00","breadcrumb":{"@id":"https:\/\/magntec.se\/index.php\/lean-produktutveckling\/#breadcrumb"},"inLanguage":"sv-SE","potentialAction":[{"@type":"ReadAction","target":["https:\/\/magntec.se\/index.php\/lean-produktutveckling\/"]}]},{"@type":"ImageObject","inLanguage":"sv-SE","@id":"https:\/\/magntec.se\/index.php\/lean-produktutveckling\/#primaryimage","url":"https:\/\/magntec.se\/wp-content\/uploads\/2024\/06\/Skarmklipp.png","contentUrl":"https:\/\/magntec.se\/wp-content\/uploads\/2024\/06\/Skarmklipp.png","width":520,"height":356},{"@type":"BreadcrumbList","@id":"https:\/\/magntec.se\/index.php\/lean-produktutveckling\/#breadcrumb","itemListElement":[{"@type":"ListItem","position":1,"name":"Hem","item":"https:\/\/magntec.se\/"},{"@type":"ListItem","position":2,"name":"Lean Produktutveckling"}]},{"@type":"WebSite","@id":"https:\/\/magntec.se\/#website","url":"https:\/\/magntec.se\/","name":"Magntec","description":"","publisher":{"@id":"https:\/\/magntec.se\/#organization"},"potentialAction":[{"@type":"SearchAction","target":{"@type":"EntryPoint","urlTemplate":"https:\/\/magntec.se\/?s={search_term_string}"},"query-input":"required name=search_term_string"}],"inLanguage":"sv-SE"},{"@type":"Organization","@id":"https:\/\/magntec.se\/#organization","name":"Magntec","url":"https:\/\/magntec.se\/","logo":{"@type":"ImageObject","inLanguage":"sv-SE","@id":"https:\/\/magntec.se\/#\/schema\/logo\/image\/","url":"https:\/\/magntec.se\/wp-content\/uploads\/2023\/10\/Magntec-horisontal.png","contentUrl":"https:\/\/magntec.se\/wp-content\/uploads\/2023\/10\/Magntec-horisontal.png","width":3939,"height":644,"caption":"Magntec"},"image":{"@id":"https:\/\/magntec.se\/#\/schema\/logo\/image\/"}}]}},"_links":{"self":[{"href":"https:\/\/magntec.se\/index.php\/wp-json\/wp\/v2\/pages\/763","targetHints":{"allow":["GET"]}}],"collection":[{"href":"https:\/\/magntec.se\/index.php\/wp-json\/wp\/v2\/pages"}],"about":[{"href":"https:\/\/magntec.se\/index.php\/wp-json\/wp\/v2\/types\/page"}],"author":[{"embeddable":true,"href":"https:\/\/magntec.se\/index.php\/wp-json\/wp\/v2\/users\/3"}],"replies":[{"embeddable":true,"href":"https:\/\/magntec.se\/index.php\/wp-json\/wp\/v2\/comments?post=763"}],"version-history":[{"count":61,"href":"https:\/\/magntec.se\/index.php\/wp-json\/wp\/v2\/pages\/763\/revisions"}],"predecessor-version":[{"id":1199,"href":"https:\/\/magntec.se\/index.php\/wp-json\/wp\/v2\/pages\/763\/revisions\/1199"}],"wp:attachment":[{"href":"https:\/\/magntec.se\/index.php\/wp-json\/wp\/v2\/media?parent=763"}],"curies":[{"name":"wp","href":"https:\/\/api.w.org\/{rel}","templated":true}]}}