{"id":864,"date":"2024-06-19T08:40:14","date_gmt":"2024-06-19T08:40:14","guid":{"rendered":"https:\/\/magntec.se\/?page_id=864"},"modified":"2024-06-28T07:40:38","modified_gmt":"2024-06-28T07:40:38","slug":"produktportfolj","status":"publish","type":"page","link":"https:\/\/magntec.se\/index.php\/produktportfolj\/","title":{"rendered":"Produktportf\u00f6lj"},"content":{"rendered":"\t\t<div data-elementor-type=\"wp-page\" data-elementor-id=\"864\" class=\"elementor elementor-864\">\n\t\t\t\t<div class=\"elementor-element elementor-element-5741ba06 e-flex e-con-boxed e-con e-parent\" data-id=\"5741ba06\" data-element_type=\"container\" data-settings=\"{&quot;background_background&quot;:&quot;slideshow&quot;,&quot;background_slideshow_gallery&quot;:[{&quot;id&quot;:111,&quot;url&quot;:&quot;https:\\\/\\\/magntec.se\\\/wp-content\\\/uploads\\\/2023\\\/10\\\/Portfoljbild-blurred.jpg&quot;}],&quot;background_slideshow_loop&quot;:&quot;yes&quot;,&quot;background_slideshow_slide_duration&quot;:5000,&quot;background_slideshow_slide_transition&quot;:&quot;fade&quot;,&quot;background_slideshow_transition_duration&quot;:500}\">\n\t\t\t\t\t<div class=\"e-con-inner\">\n\t\t\t\t<div class=\"elementor-element elementor-element-7dd259ef elementor-widget elementor-widget-heading\" data-id=\"7dd259ef\" data-element_type=\"widget\" data-widget_type=\"heading.default\">\n\t\t\t\t<div class=\"elementor-widget-container\">\n\t\t\t<style>\/*! elementor - v3.22.0 - 26-06-2024 *\/\n.elementor-heading-title{padding:0;margin:0;line-height:1}.elementor-widget-heading .elementor-heading-title[class*=elementor-size-]>a{color:inherit;font-size:inherit;line-height:inherit}.elementor-widget-heading .elementor-heading-title.elementor-size-small{font-size:15px}.elementor-widget-heading .elementor-heading-title.elementor-size-medium{font-size:19px}.elementor-widget-heading .elementor-heading-title.elementor-size-large{font-size:29px}.elementor-widget-heading .elementor-heading-title.elementor-size-xl{font-size:39px}.elementor-widget-heading .elementor-heading-title.elementor-size-xxl{font-size:59px}<\/style><h2 class=\"elementor-heading-title elementor-size-xxl\">Produktportf\u00f6lj<\/h2>\t\t<\/div>\n\t\t\t\t<\/div>\n\t\t\t\t\t<\/div>\n\t\t\t\t<\/div>\n\t\t<div class=\"elementor-element elementor-element-40748f01 e-flex e-con-boxed e-con e-parent\" data-id=\"40748f01\" data-element_type=\"container\" data-settings=\"{&quot;background_background&quot;:&quot;slideshow&quot;,&quot;background_slideshow_gallery&quot;:[],&quot;background_slideshow_loop&quot;:&quot;yes&quot;,&quot;background_slideshow_slide_duration&quot;:5000,&quot;background_slideshow_slide_transition&quot;:&quot;fade&quot;,&quot;background_slideshow_transition_duration&quot;:500}\">\n\t\t\t\t\t<div class=\"e-con-inner\">\n\t\t\t\t<div class=\"elementor-element elementor-element-5b1a193b elementor-widget elementor-widget-html\" data-id=\"5b1a193b\" data-element_type=\"widget\" data-widget_type=\"html.default\">\n\t\t\t\t<div class=\"elementor-widget-container\">\n\t\t\t<!DOCTYPE html>\r\n<html>\r\n  <head>\r\n    <title>Min hemsida<\/title>\r\n    <style>\r\n      \/* CSS-kod f\u00f6r breadcrumbs *\/\r\n      .breadcrumbs {\r\n        font-size: 14px;\r\n        margin: 0px 0;\r\n      }\r\n      .breadcrumbs a {\r\n        text-decoration: none;\r\n        color: #666;\r\n      }\r\n      .breadcrumbs a:hover {\r\n        color: #000;\r\n      }\r\n      .breadcrumbs span {\r\n        color: #999;\r\n        margin: 0 5px;\r\n      }\r\n      .breadcrumbs span:last-child {\r\n        margin-right: 0;\r\n      }\r\n      \r\n      \/* CSS-kod f\u00f6r typsnitt *\/\r\n      body \r\n\t  \r\n\t  {\r\n        font-family: Libre Franklin, sans-serif;\r\n      }\r\n      \r\n\t  h1 \r\n\t  \r\n\t  {\r\n        font-family: \"Times New Roman\", serif;\r\n      }\r\n\r\n      \/* \u00d6vrig CSS-kod *\/\r\n      \r\n\t  p \r\n\t  {\r\n        font-size: 16px;\r\n        line-height: 1.5;\r\n        color: #333;\r\n      }\r\n     \r\n      a:hover \r\n\t  {\r\n        text-decoration: underline;\r\n      }\r\n\t  \r\n    <\/style>\r\n  <\/head>\r\n  <body>\r\n    <!-- Breadcrumbs -->\r\n    <div class=\"breadcrumbs\">\r\n      <a href=\"https:\/\/www.magntec.se\/\">Hem<\/a>\r\n      <span>>><\/span>\r\n      <a href=\"https:\/\/magntec.se\/index.php\/foredragshallare\/\">Presentationer<\/a>\r\n      <span>>><\/span>\r\n      <a href=\"https:\/\/magntec.se\/index.php\/strategisk-portfoljstyrning\/\">Strategisk portf\u00f6ljstyrning<\/a>\r\n      <span>>><\/span>\r\n      <a href=\"https:\/\/magntec.se\/index.php\/produktportfolj\/\">Produktportf\u00f6lj<\/a>\r\n      <span><\/span>\t\r\n    <\/div>\r\n  <\/body>\r\n<\/html>\t\t<\/div>\n\t\t\t\t<\/div>\n\t\t\t\t\t<\/div>\n\t\t\t\t<\/div>\n\t\t<div class=\"elementor-element elementor-element-4a46732c e-flex e-con-boxed e-con e-parent\" data-id=\"4a46732c\" data-element_type=\"container\">\n\t\t\t\t\t<div class=\"e-con-inner\">\n\t\t<div class=\"elementor-element elementor-element-586dacdd e-con-full e-flex e-con e-child\" data-id=\"586dacdd\" data-element_type=\"container\">\n\t\t\t\t<div class=\"elementor-element elementor-element-2dfe5ca7 elementor-widget elementor-widget-image\" data-id=\"2dfe5ca7\" data-element_type=\"widget\" data-widget_type=\"image.default\">\n\t\t\t\t<div class=\"elementor-widget-container\">\n\t\t\t<style>\/*! elementor - v3.22.0 - 26-06-2024 *\/\n.elementor-widget-image{text-align:center}.elementor-widget-image a{display:inline-block}.elementor-widget-image a img[src$=\".svg\"]{width:48px}.elementor-widget-image img{vertical-align:middle;display:inline-block}<\/style>\t\t\t\t\t\t\t\t\t\t<img fetchpriority=\"high\" decoding=\"async\" width=\"520\" height=\"356\" src=\"https:\/\/magntec.se\/wp-content\/uploads\/2024\/06\/Skarmklipp.png\" class=\"attachment-large size-large wp-image-632\" alt=\"\" srcset=\"https:\/\/magntec.se\/wp-content\/uploads\/2024\/06\/Skarmklipp.png 520w, https:\/\/magntec.se\/wp-content\/uploads\/2024\/06\/Skarmklipp-300x205.png 300w\" sizes=\"(max-width: 520px) 100vw, 520px\" \/>\t\t\t\t\t\t\t\t\t\t\t\t\t<\/div>\n\t\t\t\t<\/div>\n\t\t\t\t<\/div>\n\t\t<div class=\"elementor-element elementor-element-de7d884 e-con-full e-flex e-con e-child\" data-id=\"de7d884\" data-element_type=\"container\">\n\t\t\t\t<div class=\"elementor-element elementor-element-556e289b elementor-widget elementor-widget-text-editor\" data-id=\"556e289b\" data-element_type=\"widget\" data-widget_type=\"text-editor.default\">\n\t\t\t\t<div class=\"elementor-widget-container\">\n\t\t\t<style>\/*! elementor - v3.22.0 - 26-06-2024 *\/\n.elementor-widget-text-editor.elementor-drop-cap-view-stacked .elementor-drop-cap{background-color:#69727d;color:#fff}.elementor-widget-text-editor.elementor-drop-cap-view-framed .elementor-drop-cap{color:#69727d;border:3px solid;background-color:transparent}.elementor-widget-text-editor:not(.elementor-drop-cap-view-default) .elementor-drop-cap{margin-top:8px}.elementor-widget-text-editor:not(.elementor-drop-cap-view-default) .elementor-drop-cap-letter{width:1em;height:1em}.elementor-widget-text-editor .elementor-drop-cap{float:left;text-align:center;line-height:1;font-size:50px}.elementor-widget-text-editor .elementor-drop-cap-letter{display:inline-block}<\/style>\t\t\t\t<h4>F\u00f6rel\u00e4sningen g\u00e5r p\u00e5 djupet i arbetet med produktportf\u00f6ljen, vikten av kopplingen till k\u00e4rnv\u00e4rde och strategi.<\/h4><p>F\u00f6rel\u00e4sningen beskriver arbetet med produktportf\u00f6ljen och vikten av ett aktivt planeringsarbete f\u00f6r att st\u00f6dja inte bara projektportf\u00f6ljen utan ocks\u00e5 f\u00f6retagets byggande av varum\u00e4rket.<br \/>Vi beskriver hur produktportf\u00f6ljen ska vara synkroniserad med marknadsf\u00f6ringsplanen och kunna skapa ett s\u00e5 stort genomslag p\u00e5 marknaden som m\u00f6jligt genom att utnyttja produktlanseringarna p\u00e5 ett optimalt s\u00e4tt.<br \/><br \/>Produktporf\u00f6ljen ligger ocks\u00e5 till grund f\u00f6r en m\u00e4ngd andra planer inom f\u00f6retaget, produktions investerings och rekryteringsplan ska vara i samklang med produktportf\u00f6ljen.<br \/>Ink\u00f6ps plan f\u00f6r underleverant\u00f6rer m\u00e5ste st\u00e4mma s\u00e5 att leverant\u00f6rerna har kapabilitet och kapacitet att tillverka de nya produkterna som kommer, det kan p\u00e5verka investeringar eller utfasning av gamla leverant\u00f6rer och infasning av nya.<br \/>Vilka kompetenser vi bygger\/rekryterar ska ocks\u00e5 matcha produktplanen s\u00e5 att f\u00f6retaget kan ta fram och producera produkterna som utvecklas, det ska inte bli en \u00f6verraskning att man m\u00e5ste f\u00e5 in nya kompetenser.<br \/><br \/>Detta och mycket mer avhandlas i f\u00f6rel\u00e4sningen, m\u00e5let \u00e4r att ni ska f\u00e5 inspiration att v\u00e5ga ta steget fullt ut och verkligen jobba aktivt och f\u00f6rebyggande med er produktportf\u00f6lj.<\/p>\t\t\t\t\t\t<\/div>\n\t\t\t\t<\/div>\n\t\t\t\t<\/div>\n\t\t\t\t\t<\/div>\n\t\t\t\t<\/div>\n\t\t<div class=\"elementor-element elementor-element-173305fe e-flex e-con-boxed e-con e-parent\" data-id=\"173305fe\" data-element_type=\"container\">\n\t\t\t\t\t<div class=\"e-con-inner\">\n\t\t\t\t<div class=\"elementor-element elementor-element-e2772c5 elementor-widget elementor-widget-spacer\" data-id=\"e2772c5\" data-element_type=\"widget\" data-widget_type=\"spacer.default\">\n\t\t\t\t<div class=\"elementor-widget-container\">\n\t\t\t<style>\/*! elementor - v3.22.0 - 26-06-2024 *\/\n.elementor-column .elementor-spacer-inner{height:var(--spacer-size)}.e-con{--container-widget-width:100%}.e-con-inner>.elementor-widget-spacer,.e-con>.elementor-widget-spacer{width:var(--container-widget-width,var(--spacer-size));--align-self:var(--container-widget-align-self,initial);--flex-shrink:0}.e-con-inner>.elementor-widget-spacer>.elementor-widget-container,.e-con>.elementor-widget-spacer>.elementor-widget-container{height:100%;width:100%}.e-con-inner>.elementor-widget-spacer>.elementor-widget-container>.elementor-spacer,.e-con>.elementor-widget-spacer>.elementor-widget-container>.elementor-spacer{height:100%}.e-con-inner>.elementor-widget-spacer>.elementor-widget-container>.elementor-spacer>.elementor-spacer-inner,.e-con>.elementor-widget-spacer>.elementor-widget-container>.elementor-spacer>.elementor-spacer-inner{height:var(--container-widget-height,var(--spacer-size))}.e-con-inner>.elementor-widget-spacer.elementor-widget-empty,.e-con>.elementor-widget-spacer.elementor-widget-empty{position:relative;min-height:22px;min-width:22px}.e-con-inner>.elementor-widget-spacer.elementor-widget-empty .elementor-widget-empty-icon,.e-con>.elementor-widget-spacer.elementor-widget-empty .elementor-widget-empty-icon{position:absolute;top:0;bottom:0;left:0;right:0;margin:auto;padding:0;width:22px;height:22px}<\/style>\t\t<div class=\"elementor-spacer\">\n\t\t\t<div class=\"elementor-spacer-inner\"><\/div>\n\t\t<\/div>\n\t\t\t\t<\/div>\n\t\t\t\t<\/div>\n\t\t\t\t\t<\/div>\n\t\t\t\t<\/div>\n\t\t\t\t<\/div>\n\t\t","protected":false},"excerpt":{"rendered":"<p>Produktportf\u00f6lj Min hemsida Hem >> Presentationer >> Strategisk portf\u00f6ljstyrning >> Produktportf\u00f6lj F\u00f6rel\u00e4sningen g\u00e5r p\u00e5 djupet i arbetet med produktportf\u00f6ljen, vikten av kopplingen till k\u00e4rnv\u00e4rde och strategi. F\u00f6rel\u00e4sningen beskriver arbetet med produktportf\u00f6ljen och vikten av ett aktivt planeringsarbete f\u00f6r att st\u00f6dja inte bara projektportf\u00f6ljen utan ocks\u00e5 f\u00f6retagets byggande av varum\u00e4rket.Vi beskriver hur produktportf\u00f6ljen ska vara synkroniserad [&hellip;]<\/p>\n","protected":false},"author":3,"featured_media":0,"parent":0,"menu_order":0,"comment_status":"closed","ping_status":"closed","template":"","meta":{"footnotes":""},"class_list":["post-864","page","type-page","status-publish","hentry"],"yoast_head":"<!-- This site is optimized with the Yoast SEO plugin v22.9 - https:\/\/yoast.com\/wordpress\/plugins\/seo\/ -->\n<title>Produktportf\u00f6lj - Magntec<\/title>\n<meta name=\"robots\" content=\"index, follow, max-snippet:-1, max-image-preview:large, max-video-preview:-1\" \/>\n<link rel=\"canonical\" href=\"https:\/\/magntec.se\/index.php\/produktportfolj\/\" \/>\n<meta property=\"og:locale\" content=\"sv_SE\" \/>\n<meta property=\"og:type\" content=\"article\" \/>\n<meta property=\"og:title\" content=\"Produktportf\u00f6lj - Magntec\" \/>\n<meta property=\"og:description\" content=\"Produktportf\u00f6lj Min hemsida Hem &gt;&gt; Presentationer &gt;&gt; Strategisk portf\u00f6ljstyrning &gt;&gt; Produktportf\u00f6lj F\u00f6rel\u00e4sningen g\u00e5r p\u00e5 djupet i arbetet med produktportf\u00f6ljen, vikten av kopplingen till k\u00e4rnv\u00e4rde och strategi. F\u00f6rel\u00e4sningen beskriver arbetet med produktportf\u00f6ljen och vikten av ett aktivt planeringsarbete f\u00f6r att st\u00f6dja inte bara projektportf\u00f6ljen utan ocks\u00e5 f\u00f6retagets byggande av varum\u00e4rket.Vi beskriver hur produktportf\u00f6ljen ska vara synkroniserad [&hellip;]\" \/>\n<meta property=\"og:url\" content=\"https:\/\/magntec.se\/index.php\/produktportfolj\/\" \/>\n<meta property=\"og:site_name\" content=\"Magntec\" \/>\n<meta property=\"article:modified_time\" content=\"2024-06-28T07:40:38+00:00\" \/>\n<meta property=\"og:image\" content=\"https:\/\/magntec.se\/wp-content\/uploads\/2024\/06\/Skarmklipp.png\" \/>\n<meta name=\"twitter:card\" content=\"summary_large_image\" \/>\n<meta name=\"twitter:label1\" content=\"Ber\u00e4knad l\u00e4stid\" \/>\n\t<meta name=\"twitter:data1\" content=\"2 minuter\" \/>\n<script type=\"application\/ld+json\" class=\"yoast-schema-graph\">{\"@context\":\"https:\/\/schema.org\",\"@graph\":[{\"@type\":\"WebPage\",\"@id\":\"https:\/\/magntec.se\/index.php\/produktportfolj\/\",\"url\":\"https:\/\/magntec.se\/index.php\/produktportfolj\/\",\"name\":\"Produktportf\u00f6lj - Magntec\",\"isPartOf\":{\"@id\":\"https:\/\/magntec.se\/#website\"},\"primaryImageOfPage\":{\"@id\":\"https:\/\/magntec.se\/index.php\/produktportfolj\/#primaryimage\"},\"image\":{\"@id\":\"https:\/\/magntec.se\/index.php\/produktportfolj\/#primaryimage\"},\"thumbnailUrl\":\"https:\/\/magntec.se\/wp-content\/uploads\/2024\/06\/Skarmklipp.png\",\"datePublished\":\"2024-06-19T08:40:14+00:00\",\"dateModified\":\"2024-06-28T07:40:38+00:00\",\"breadcrumb\":{\"@id\":\"https:\/\/magntec.se\/index.php\/produktportfolj\/#breadcrumb\"},\"inLanguage\":\"sv-SE\",\"potentialAction\":[{\"@type\":\"ReadAction\",\"target\":[\"https:\/\/magntec.se\/index.php\/produktportfolj\/\"]}]},{\"@type\":\"ImageObject\",\"inLanguage\":\"sv-SE\",\"@id\":\"https:\/\/magntec.se\/index.php\/produktportfolj\/#primaryimage\",\"url\":\"https:\/\/magntec.se\/wp-content\/uploads\/2024\/06\/Skarmklipp.png\",\"contentUrl\":\"https:\/\/magntec.se\/wp-content\/uploads\/2024\/06\/Skarmklipp.png\",\"width\":520,\"height\":356},{\"@type\":\"BreadcrumbList\",\"@id\":\"https:\/\/magntec.se\/index.php\/produktportfolj\/#breadcrumb\",\"itemListElement\":[{\"@type\":\"ListItem\",\"position\":1,\"name\":\"Hem\",\"item\":\"https:\/\/magntec.se\/\"},{\"@type\":\"ListItem\",\"position\":2,\"name\":\"Produktportf\u00f6lj\"}]},{\"@type\":\"WebSite\",\"@id\":\"https:\/\/magntec.se\/#website\",\"url\":\"https:\/\/magntec.se\/\",\"name\":\"Magntec\",\"description\":\"\",\"publisher\":{\"@id\":\"https:\/\/magntec.se\/#organization\"},\"potentialAction\":[{\"@type\":\"SearchAction\",\"target\":{\"@type\":\"EntryPoint\",\"urlTemplate\":\"https:\/\/magntec.se\/?s={search_term_string}\"},\"query-input\":\"required name=search_term_string\"}],\"inLanguage\":\"sv-SE\"},{\"@type\":\"Organization\",\"@id\":\"https:\/\/magntec.se\/#organization\",\"name\":\"Magntec\",\"url\":\"https:\/\/magntec.se\/\",\"logo\":{\"@type\":\"ImageObject\",\"inLanguage\":\"sv-SE\",\"@id\":\"https:\/\/magntec.se\/#\/schema\/logo\/image\/\",\"url\":\"https:\/\/magntec.se\/wp-content\/uploads\/2023\/10\/Magntec-horisontal.png\",\"contentUrl\":\"https:\/\/magntec.se\/wp-content\/uploads\/2023\/10\/Magntec-horisontal.png\",\"width\":3939,\"height\":644,\"caption\":\"Magntec\"},\"image\":{\"@id\":\"https:\/\/magntec.se\/#\/schema\/logo\/image\/\"}}]}<\/script>\n<!-- \/ Yoast SEO plugin. -->","yoast_head_json":{"title":"Produktportf\u00f6lj - Magntec","robots":{"index":"index","follow":"follow","max-snippet":"max-snippet:-1","max-image-preview":"max-image-preview:large","max-video-preview":"max-video-preview:-1"},"canonical":"https:\/\/magntec.se\/index.php\/produktportfolj\/","og_locale":"sv_SE","og_type":"article","og_title":"Produktportf\u00f6lj - Magntec","og_description":"Produktportf\u00f6lj Min hemsida Hem >> Presentationer >> Strategisk portf\u00f6ljstyrning >> Produktportf\u00f6lj F\u00f6rel\u00e4sningen g\u00e5r p\u00e5 djupet i arbetet med produktportf\u00f6ljen, vikten av kopplingen till k\u00e4rnv\u00e4rde och strategi. F\u00f6rel\u00e4sningen beskriver arbetet med produktportf\u00f6ljen och vikten av ett aktivt planeringsarbete f\u00f6r att st\u00f6dja inte bara projektportf\u00f6ljen utan ocks\u00e5 f\u00f6retagets byggande av varum\u00e4rket.Vi beskriver hur produktportf\u00f6ljen ska vara synkroniserad [&hellip;]","og_url":"https:\/\/magntec.se\/index.php\/produktportfolj\/","og_site_name":"Magntec","article_modified_time":"2024-06-28T07:40:38+00:00","og_image":[{"url":"https:\/\/magntec.se\/wp-content\/uploads\/2024\/06\/Skarmklipp.png"}],"twitter_card":"summary_large_image","twitter_misc":{"Ber\u00e4knad l\u00e4stid":"2 minuter"},"schema":{"@context":"https:\/\/schema.org","@graph":[{"@type":"WebPage","@id":"https:\/\/magntec.se\/index.php\/produktportfolj\/","url":"https:\/\/magntec.se\/index.php\/produktportfolj\/","name":"Produktportf\u00f6lj - Magntec","isPartOf":{"@id":"https:\/\/magntec.se\/#website"},"primaryImageOfPage":{"@id":"https:\/\/magntec.se\/index.php\/produktportfolj\/#primaryimage"},"image":{"@id":"https:\/\/magntec.se\/index.php\/produktportfolj\/#primaryimage"},"thumbnailUrl":"https:\/\/magntec.se\/wp-content\/uploads\/2024\/06\/Skarmklipp.png","datePublished":"2024-06-19T08:40:14+00:00","dateModified":"2024-06-28T07:40:38+00:00","breadcrumb":{"@id":"https:\/\/magntec.se\/index.php\/produktportfolj\/#breadcrumb"},"inLanguage":"sv-SE","potentialAction":[{"@type":"ReadAction","target":["https:\/\/magntec.se\/index.php\/produktportfolj\/"]}]},{"@type":"ImageObject","inLanguage":"sv-SE","@id":"https:\/\/magntec.se\/index.php\/produktportfolj\/#primaryimage","url":"https:\/\/magntec.se\/wp-content\/uploads\/2024\/06\/Skarmklipp.png","contentUrl":"https:\/\/magntec.se\/wp-content\/uploads\/2024\/06\/Skarmklipp.png","width":520,"height":356},{"@type":"BreadcrumbList","@id":"https:\/\/magntec.se\/index.php\/produktportfolj\/#breadcrumb","itemListElement":[{"@type":"ListItem","position":1,"name":"Hem","item":"https:\/\/magntec.se\/"},{"@type":"ListItem","position":2,"name":"Produktportf\u00f6lj"}]},{"@type":"WebSite","@id":"https:\/\/magntec.se\/#website","url":"https:\/\/magntec.se\/","name":"Magntec","description":"","publisher":{"@id":"https:\/\/magntec.se\/#organization"},"potentialAction":[{"@type":"SearchAction","target":{"@type":"EntryPoint","urlTemplate":"https:\/\/magntec.se\/?s={search_term_string}"},"query-input":"required name=search_term_string"}],"inLanguage":"sv-SE"},{"@type":"Organization","@id":"https:\/\/magntec.se\/#organization","name":"Magntec","url":"https:\/\/magntec.se\/","logo":{"@type":"ImageObject","inLanguage":"sv-SE","@id":"https:\/\/magntec.se\/#\/schema\/logo\/image\/","url":"https:\/\/magntec.se\/wp-content\/uploads\/2023\/10\/Magntec-horisontal.png","contentUrl":"https:\/\/magntec.se\/wp-content\/uploads\/2023\/10\/Magntec-horisontal.png","width":3939,"height":644,"caption":"Magntec"},"image":{"@id":"https:\/\/magntec.se\/#\/schema\/logo\/image\/"}}]}},"_links":{"self":[{"href":"https:\/\/magntec.se\/index.php\/wp-json\/wp\/v2\/pages\/864","targetHints":{"allow":["GET"]}}],"collection":[{"href":"https:\/\/magntec.se\/index.php\/wp-json\/wp\/v2\/pages"}],"about":[{"href":"https:\/\/magntec.se\/index.php\/wp-json\/wp\/v2\/types\/page"}],"author":[{"embeddable":true,"href":"https:\/\/magntec.se\/index.php\/wp-json\/wp\/v2\/users\/3"}],"replies":[{"embeddable":true,"href":"https:\/\/magntec.se\/index.php\/wp-json\/wp\/v2\/comments?post=864"}],"version-history":[{"count":8,"href":"https:\/\/magntec.se\/index.php\/wp-json\/wp\/v2\/pages\/864\/revisions"}],"predecessor-version":[{"id":1220,"href":"https:\/\/magntec.se\/index.php\/wp-json\/wp\/v2\/pages\/864\/revisions\/1220"}],"wp:attachment":[{"href":"https:\/\/magntec.se\/index.php\/wp-json\/wp\/v2\/media?parent=864"}],"curies":[{"name":"wp","href":"https:\/\/api.w.org\/{rel}","templated":true}]}}