{"id":871,"date":"2024-06-19T08:54:19","date_gmt":"2024-06-19T08:54:19","guid":{"rendered":"https:\/\/magntec.se\/?page_id=871"},"modified":"2024-06-28T07:42:07","modified_gmt":"2024-06-28T07:42:07","slug":"projektportfolj","status":"publish","type":"page","link":"https:\/\/magntec.se\/index.php\/projektportfolj\/","title":{"rendered":"Projektportf\u00f6lj"},"content":{"rendered":"\t\t<div data-elementor-type=\"wp-page\" data-elementor-id=\"871\" class=\"elementor elementor-871\">\n\t\t\t\t<div class=\"elementor-element elementor-element-300d2dcc e-flex e-con-boxed e-con e-parent\" data-id=\"300d2dcc\" data-element_type=\"container\" data-settings=\"{&quot;background_background&quot;:&quot;slideshow&quot;,&quot;background_slideshow_gallery&quot;:[{&quot;id&quot;:117,&quot;url&quot;:&quot;https:\\\/\\\/magntec.se\\\/wp-content\\\/uploads\\\/2023\\\/10\\\/Projektprioritering.jpg&quot;}],&quot;background_slideshow_loop&quot;:&quot;yes&quot;,&quot;background_slideshow_slide_duration&quot;:5000,&quot;background_slideshow_slide_transition&quot;:&quot;fade&quot;,&quot;background_slideshow_transition_duration&quot;:500}\">\n\t\t\t\t\t<div class=\"e-con-inner\">\n\t\t\t\t<div class=\"elementor-element elementor-element-57683b3e elementor-widget elementor-widget-heading\" data-id=\"57683b3e\" data-element_type=\"widget\" data-widget_type=\"heading.default\">\n\t\t\t\t<div class=\"elementor-widget-container\">\n\t\t\t<style>\/*! elementor - v3.22.0 - 26-06-2024 *\/\n.elementor-heading-title{padding:0;margin:0;line-height:1}.elementor-widget-heading .elementor-heading-title[class*=elementor-size-]>a{color:inherit;font-size:inherit;line-height:inherit}.elementor-widget-heading .elementor-heading-title.elementor-size-small{font-size:15px}.elementor-widget-heading .elementor-heading-title.elementor-size-medium{font-size:19px}.elementor-widget-heading .elementor-heading-title.elementor-size-large{font-size:29px}.elementor-widget-heading .elementor-heading-title.elementor-size-xl{font-size:39px}.elementor-widget-heading .elementor-heading-title.elementor-size-xxl{font-size:59px}<\/style><h2 class=\"elementor-heading-title elementor-size-xxl\">Projektportf\u00f6lj<\/h2>\t\t<\/div>\n\t\t\t\t<\/div>\n\t\t\t\t\t<\/div>\n\t\t\t\t<\/div>\n\t\t<div class=\"elementor-element elementor-element-1f341550 e-flex e-con-boxed e-con e-parent\" data-id=\"1f341550\" data-element_type=\"container\" data-settings=\"{&quot;background_background&quot;:&quot;slideshow&quot;,&quot;background_slideshow_gallery&quot;:[],&quot;background_slideshow_loop&quot;:&quot;yes&quot;,&quot;background_slideshow_slide_duration&quot;:5000,&quot;background_slideshow_slide_transition&quot;:&quot;fade&quot;,&quot;background_slideshow_transition_duration&quot;:500}\">\n\t\t\t\t\t<div class=\"e-con-inner\">\n\t\t\t\t<div class=\"elementor-element elementor-element-37849f5d elementor-widget elementor-widget-html\" data-id=\"37849f5d\" data-element_type=\"widget\" data-widget_type=\"html.default\">\n\t\t\t\t<div class=\"elementor-widget-container\">\n\t\t\t<!DOCTYPE html>\r\n<html>\r\n  <head>\r\n    <title>Min hemsida<\/title>\r\n    <style>\r\n      \/* CSS-kod f\u00f6r breadcrumbs *\/\r\n      .breadcrumbs {\r\n        font-size: 14px;\r\n        margin: 0px 0;\r\n      }\r\n      .breadcrumbs a {\r\n        text-decoration: none;\r\n        color: #666;\r\n      }\r\n      .breadcrumbs a:hover {\r\n        color: #000;\r\n      }\r\n      .breadcrumbs span {\r\n        color: #999;\r\n        margin: 0 5px;\r\n      }\r\n      .breadcrumbs span:last-child {\r\n        margin-right: 0;\r\n      }\r\n      \r\n      \/* CSS-kod f\u00f6r typsnitt *\/\r\n      body \r\n\t  \r\n\t  {\r\n        font-family: Libre Franklin, sans-serif;\r\n      }\r\n      \r\n\t  h1 \r\n\t  \r\n\t  {\r\n        font-family: \"Times New Roman\", serif;\r\n      }\r\n\r\n      \/* \u00d6vrig CSS-kod *\/\r\n      \r\n\t  p \r\n\t  {\r\n        font-size: 16px;\r\n        line-height: 1.5;\r\n        color: #333;\r\n      }\r\n     \r\n      a:hover \r\n\t  {\r\n        text-decoration: underline;\r\n      }\r\n\t  \r\n    <\/style>\r\n  <\/head>\r\n  <body>\r\n    <!-- Breadcrumbs -->\r\n    <div class=\"breadcrumbs\">\r\n     <a href=\"https:\/\/www.magntec.se\/\">Hem<\/a>\r\n      <span>>><\/span>\r\n      <a href=\"https:\/\/magntec.se\/index.php\/foredragshallare\/\">Presentationer<\/a>\r\n      <span>>><\/span>\r\n      <a href=\"https:\/\/magntec.se\/index.php\/strategisk-portfoljstyrning\/\">Strategisk portf\u00f6ljstyrning<\/a>\r\n      <span>>><\/span>\r\n      <a href=\"https:\/\/magntec.se\/index.php\/projektportfolj\/\">Projektportf\u00f6lj<\/a>\r\n      <span><\/span>\t\t  \r\n    <\/div>\r\n  <\/body>\r\n<\/html>\t\t<\/div>\n\t\t\t\t<\/div>\n\t\t\t\t\t<\/div>\n\t\t\t\t<\/div>\n\t\t<div class=\"elementor-element elementor-element-1f81ce85 e-flex e-con-boxed e-con e-parent\" data-id=\"1f81ce85\" data-element_type=\"container\">\n\t\t\t\t\t<div class=\"e-con-inner\">\n\t\t<div class=\"elementor-element elementor-element-92d5f0b e-con-full e-flex e-con e-child\" data-id=\"92d5f0b\" data-element_type=\"container\">\n\t\t\t\t<div class=\"elementor-element elementor-element-7c9130a9 elementor-widget elementor-widget-image\" data-id=\"7c9130a9\" data-element_type=\"widget\" data-widget_type=\"image.default\">\n\t\t\t\t<div class=\"elementor-widget-container\">\n\t\t\t<style>\/*! elementor - v3.22.0 - 26-06-2024 *\/\n.elementor-widget-image{text-align:center}.elementor-widget-image a{display:inline-block}.elementor-widget-image a img[src$=\".svg\"]{width:48px}.elementor-widget-image img{vertical-align:middle;display:inline-block}<\/style>\t\t\t\t\t\t\t\t\t\t<img fetchpriority=\"high\" decoding=\"async\" width=\"520\" height=\"356\" src=\"https:\/\/magntec.se\/wp-content\/uploads\/2024\/06\/Skarmklipp.png\" class=\"attachment-large size-large wp-image-632\" alt=\"\" srcset=\"https:\/\/magntec.se\/wp-content\/uploads\/2024\/06\/Skarmklipp.png 520w, https:\/\/magntec.se\/wp-content\/uploads\/2024\/06\/Skarmklipp-300x205.png 300w\" sizes=\"(max-width: 520px) 100vw, 520px\" \/>\t\t\t\t\t\t\t\t\t\t\t\t\t<\/div>\n\t\t\t\t<\/div>\n\t\t\t\t<\/div>\n\t\t<div class=\"elementor-element elementor-element-5b72cc7 e-con-full e-flex e-con e-child\" data-id=\"5b72cc7\" data-element_type=\"container\">\n\t\t\t\t<div class=\"elementor-element elementor-element-28b8092d elementor-widget elementor-widget-text-editor\" data-id=\"28b8092d\" data-element_type=\"widget\" data-widget_type=\"text-editor.default\">\n\t\t\t\t<div class=\"elementor-widget-container\">\n\t\t\t<style>\/*! elementor - v3.22.0 - 26-06-2024 *\/\n.elementor-widget-text-editor.elementor-drop-cap-view-stacked .elementor-drop-cap{background-color:#69727d;color:#fff}.elementor-widget-text-editor.elementor-drop-cap-view-framed .elementor-drop-cap{color:#69727d;border:3px solid;background-color:transparent}.elementor-widget-text-editor:not(.elementor-drop-cap-view-default) .elementor-drop-cap{margin-top:8px}.elementor-widget-text-editor:not(.elementor-drop-cap-view-default) .elementor-drop-cap-letter{width:1em;height:1em}.elementor-widget-text-editor .elementor-drop-cap{float:left;text-align:center;line-height:1;font-size:50px}.elementor-widget-text-editor .elementor-drop-cap-letter{display:inline-block}<\/style>\t\t\t\t<h4>F\u00f6rel\u00e4sningen g\u00e5r p\u00e5 djupet i arbetet med projektportf\u00f6ljen, hur viktiigt det \u00e4r med prioritering och resurshantering.<\/h4><p>Den h\u00e4r f\u00f6rel\u00e4sningen startar fr\u00e5n f\u00f6retagets produktportf\u00f6lj, f\u00f6ruts\u00e4ttningen \u00e4r att f\u00f6retaget har ett bra arbete med produktportf\u00f6ljen s\u00e5 den h\u00e4r f\u00f6rel\u00e4sningen ber\u00f6r endast projektportf\u00f6ljen.<br \/><br \/>Vi g\u00e5r h\u00e4r igenom olika typer av projektportf\u00f6ljer och olika metoder att v\u00e4lja r\u00e4tt projekt att starta upp.<br \/>Vilket projekt som startas m\u00e5ste v\u00e4ljas strategiskt och resursm\u00e4ssigt s\u00e5 att maximal effekt av verksamheten uppn\u00e5s.<br \/>Hur man s\u00e4kerst\u00e4ller att man inte bara jobbar med de l\u00e5gt h\u00e4ngande frukterna, det m\u00e5ste vara en viss del strategiska projekt i portf\u00f6ljen samtidigt som det kr\u00e4vs resurser f\u00f6r interna projekt och f\u00f6r\u00e4ndringsarbeten.<br \/><br \/>Vikten av att synkronisera samtliga projekt i organisationen belyses i presentationen och\u00a0 tips och id\u00e9er p\u00e5 hur man kan l\u00f6sa konflikter i portf\u00f6ljen tas ocks\u00e5 upp.<br \/>Presentationen bygger p\u00e5 en l\u00e5ng erfarenhet av portf\u00f6ljstyrning och exempel fr\u00e5n verkligheten p\u00e5 hur man kan g\u00f6ra p\u00e5 ett bra s\u00e4tt och hur man inte b\u00f6r g\u00f6ra kryddar presentationen.<br \/><br \/>M\u00e5let med presentation \u00e4r att inspirera \u00e5h\u00f6raren att b\u00f6rja jobba aktivt med portf\u00f6ljstyrning, den kommer inte att ge er en nyckelf\u00e4rdig l\u00f6sning eftersom behovet \u00e4r olika f\u00f6r alla f\u00f6retag.<br \/>Men med en m\u00e4ngd olika exempel fr\u00e5n verkligheten s\u00e5 kommer ni att ha m\u00e5nga verktyg med er hem som ni kan anpassa till er verksamhet.\u200b<\/p>\t\t\t\t\t\t<\/div>\n\t\t\t\t<\/div>\n\t\t\t\t<\/div>\n\t\t\t\t\t<\/div>\n\t\t\t\t<\/div>\n\t\t<div class=\"elementor-element elementor-element-264cab6e e-flex e-con-boxed e-con e-parent\" data-id=\"264cab6e\" data-element_type=\"container\">\n\t\t\t\t\t<div class=\"e-con-inner\">\n\t\t\t\t<div class=\"elementor-element elementor-element-605ae7c elementor-widget elementor-widget-spacer\" data-id=\"605ae7c\" data-element_type=\"widget\" data-widget_type=\"spacer.default\">\n\t\t\t\t<div class=\"elementor-widget-container\">\n\t\t\t<style>\/*! elementor - v3.22.0 - 26-06-2024 *\/\n.elementor-column .elementor-spacer-inner{height:var(--spacer-size)}.e-con{--container-widget-width:100%}.e-con-inner>.elementor-widget-spacer,.e-con>.elementor-widget-spacer{width:var(--container-widget-width,var(--spacer-size));--align-self:var(--container-widget-align-self,initial);--flex-shrink:0}.e-con-inner>.elementor-widget-spacer>.elementor-widget-container,.e-con>.elementor-widget-spacer>.elementor-widget-container{height:100%;width:100%}.e-con-inner>.elementor-widget-spacer>.elementor-widget-container>.elementor-spacer,.e-con>.elementor-widget-spacer>.elementor-widget-container>.elementor-spacer{height:100%}.e-con-inner>.elementor-widget-spacer>.elementor-widget-container>.elementor-spacer>.elementor-spacer-inner,.e-con>.elementor-widget-spacer>.elementor-widget-container>.elementor-spacer>.elementor-spacer-inner{height:var(--container-widget-height,var(--spacer-size))}.e-con-inner>.elementor-widget-spacer.elementor-widget-empty,.e-con>.elementor-widget-spacer.elementor-widget-empty{position:relative;min-height:22px;min-width:22px}.e-con-inner>.elementor-widget-spacer.elementor-widget-empty .elementor-widget-empty-icon,.e-con>.elementor-widget-spacer.elementor-widget-empty .elementor-widget-empty-icon{position:absolute;top:0;bottom:0;left:0;right:0;margin:auto;padding:0;width:22px;height:22px}<\/style>\t\t<div class=\"elementor-spacer\">\n\t\t\t<div class=\"elementor-spacer-inner\"><\/div>\n\t\t<\/div>\n\t\t\t\t<\/div>\n\t\t\t\t<\/div>\n\t\t\t\t\t<\/div>\n\t\t\t\t<\/div>\n\t\t\t\t<\/div>\n\t\t","protected":false},"excerpt":{"rendered":"<p>Projektportf\u00f6lj Min hemsida Hem >> Presentationer >> Strategisk portf\u00f6ljstyrning >> Projektportf\u00f6lj F\u00f6rel\u00e4sningen g\u00e5r p\u00e5 djupet i arbetet med projektportf\u00f6ljen, hur viktiigt det \u00e4r med prioritering och resurshantering. Den h\u00e4r f\u00f6rel\u00e4sningen startar fr\u00e5n f\u00f6retagets produktportf\u00f6lj, f\u00f6ruts\u00e4ttningen \u00e4r att f\u00f6retaget har ett bra arbete med produktportf\u00f6ljen s\u00e5 den h\u00e4r f\u00f6rel\u00e4sningen ber\u00f6r endast projektportf\u00f6ljen. Vi g\u00e5r h\u00e4r igenom [&hellip;]<\/p>\n","protected":false},"author":3,"featured_media":0,"parent":0,"menu_order":0,"comment_status":"closed","ping_status":"closed","template":"","meta":{"footnotes":""},"class_list":["post-871","page","type-page","status-publish","hentry"],"yoast_head":"<!-- This site is optimized with the Yoast SEO plugin v22.9 - https:\/\/yoast.com\/wordpress\/plugins\/seo\/ -->\n<title>Projektportf\u00f6lj - Magntec<\/title>\n<meta name=\"robots\" content=\"index, follow, max-snippet:-1, max-image-preview:large, max-video-preview:-1\" \/>\n<link rel=\"canonical\" href=\"https:\/\/magntec.se\/index.php\/projektportfolj\/\" \/>\n<meta property=\"og:locale\" content=\"sv_SE\" \/>\n<meta property=\"og:type\" content=\"article\" \/>\n<meta property=\"og:title\" content=\"Projektportf\u00f6lj - Magntec\" \/>\n<meta property=\"og:description\" content=\"Projektportf\u00f6lj Min hemsida Hem &gt;&gt; Presentationer &gt;&gt; Strategisk portf\u00f6ljstyrning &gt;&gt; Projektportf\u00f6lj F\u00f6rel\u00e4sningen g\u00e5r p\u00e5 djupet i arbetet med projektportf\u00f6ljen, hur viktiigt det \u00e4r med prioritering och resurshantering. Den h\u00e4r f\u00f6rel\u00e4sningen startar fr\u00e5n f\u00f6retagets produktportf\u00f6lj, f\u00f6ruts\u00e4ttningen \u00e4r att f\u00f6retaget har ett bra arbete med produktportf\u00f6ljen s\u00e5 den h\u00e4r f\u00f6rel\u00e4sningen ber\u00f6r endast projektportf\u00f6ljen. Vi g\u00e5r h\u00e4r igenom [&hellip;]\" \/>\n<meta property=\"og:url\" content=\"https:\/\/magntec.se\/index.php\/projektportfolj\/\" \/>\n<meta property=\"og:site_name\" content=\"Magntec\" \/>\n<meta property=\"article:modified_time\" content=\"2024-06-28T07:42:07+00:00\" \/>\n<meta property=\"og:image\" content=\"https:\/\/magntec.se\/wp-content\/uploads\/2024\/06\/Skarmklipp.png\" \/>\n<meta name=\"twitter:card\" content=\"summary_large_image\" \/>\n<meta name=\"twitter:label1\" content=\"Ber\u00e4knad l\u00e4stid\" \/>\n\t<meta name=\"twitter:data1\" content=\"2 minuter\" \/>\n<script type=\"application\/ld+json\" class=\"yoast-schema-graph\">{\"@context\":\"https:\/\/schema.org\",\"@graph\":[{\"@type\":\"WebPage\",\"@id\":\"https:\/\/magntec.se\/index.php\/projektportfolj\/\",\"url\":\"https:\/\/magntec.se\/index.php\/projektportfolj\/\",\"name\":\"Projektportf\u00f6lj - Magntec\",\"isPartOf\":{\"@id\":\"https:\/\/magntec.se\/#website\"},\"primaryImageOfPage\":{\"@id\":\"https:\/\/magntec.se\/index.php\/projektportfolj\/#primaryimage\"},\"image\":{\"@id\":\"https:\/\/magntec.se\/index.php\/projektportfolj\/#primaryimage\"},\"thumbnailUrl\":\"https:\/\/magntec.se\/wp-content\/uploads\/2024\/06\/Skarmklipp.png\",\"datePublished\":\"2024-06-19T08:54:19+00:00\",\"dateModified\":\"2024-06-28T07:42:07+00:00\",\"breadcrumb\":{\"@id\":\"https:\/\/magntec.se\/index.php\/projektportfolj\/#breadcrumb\"},\"inLanguage\":\"sv-SE\",\"potentialAction\":[{\"@type\":\"ReadAction\",\"target\":[\"https:\/\/magntec.se\/index.php\/projektportfolj\/\"]}]},{\"@type\":\"ImageObject\",\"inLanguage\":\"sv-SE\",\"@id\":\"https:\/\/magntec.se\/index.php\/projektportfolj\/#primaryimage\",\"url\":\"https:\/\/magntec.se\/wp-content\/uploads\/2024\/06\/Skarmklipp.png\",\"contentUrl\":\"https:\/\/magntec.se\/wp-content\/uploads\/2024\/06\/Skarmklipp.png\",\"width\":520,\"height\":356},{\"@type\":\"BreadcrumbList\",\"@id\":\"https:\/\/magntec.se\/index.php\/projektportfolj\/#breadcrumb\",\"itemListElement\":[{\"@type\":\"ListItem\",\"position\":1,\"name\":\"Hem\",\"item\":\"https:\/\/magntec.se\/\"},{\"@type\":\"ListItem\",\"position\":2,\"name\":\"Projektportf\u00f6lj\"}]},{\"@type\":\"WebSite\",\"@id\":\"https:\/\/magntec.se\/#website\",\"url\":\"https:\/\/magntec.se\/\",\"name\":\"Magntec\",\"description\":\"\",\"publisher\":{\"@id\":\"https:\/\/magntec.se\/#organization\"},\"potentialAction\":[{\"@type\":\"SearchAction\",\"target\":{\"@type\":\"EntryPoint\",\"urlTemplate\":\"https:\/\/magntec.se\/?s={search_term_string}\"},\"query-input\":\"required name=search_term_string\"}],\"inLanguage\":\"sv-SE\"},{\"@type\":\"Organization\",\"@id\":\"https:\/\/magntec.se\/#organization\",\"name\":\"Magntec\",\"url\":\"https:\/\/magntec.se\/\",\"logo\":{\"@type\":\"ImageObject\",\"inLanguage\":\"sv-SE\",\"@id\":\"https:\/\/magntec.se\/#\/schema\/logo\/image\/\",\"url\":\"https:\/\/magntec.se\/wp-content\/uploads\/2023\/10\/Magntec-horisontal.png\",\"contentUrl\":\"https:\/\/magntec.se\/wp-content\/uploads\/2023\/10\/Magntec-horisontal.png\",\"width\":3939,\"height\":644,\"caption\":\"Magntec\"},\"image\":{\"@id\":\"https:\/\/magntec.se\/#\/schema\/logo\/image\/\"}}]}<\/script>\n<!-- \/ Yoast SEO plugin. -->","yoast_head_json":{"title":"Projektportf\u00f6lj - Magntec","robots":{"index":"index","follow":"follow","max-snippet":"max-snippet:-1","max-image-preview":"max-image-preview:large","max-video-preview":"max-video-preview:-1"},"canonical":"https:\/\/magntec.se\/index.php\/projektportfolj\/","og_locale":"sv_SE","og_type":"article","og_title":"Projektportf\u00f6lj - Magntec","og_description":"Projektportf\u00f6lj Min hemsida Hem >> Presentationer >> Strategisk portf\u00f6ljstyrning >> Projektportf\u00f6lj F\u00f6rel\u00e4sningen g\u00e5r p\u00e5 djupet i arbetet med projektportf\u00f6ljen, hur viktiigt det \u00e4r med prioritering och resurshantering. Den h\u00e4r f\u00f6rel\u00e4sningen startar fr\u00e5n f\u00f6retagets produktportf\u00f6lj, f\u00f6ruts\u00e4ttningen \u00e4r att f\u00f6retaget har ett bra arbete med produktportf\u00f6ljen s\u00e5 den h\u00e4r f\u00f6rel\u00e4sningen ber\u00f6r endast projektportf\u00f6ljen. Vi g\u00e5r h\u00e4r igenom [&hellip;]","og_url":"https:\/\/magntec.se\/index.php\/projektportfolj\/","og_site_name":"Magntec","article_modified_time":"2024-06-28T07:42:07+00:00","og_image":[{"url":"https:\/\/magntec.se\/wp-content\/uploads\/2024\/06\/Skarmklipp.png"}],"twitter_card":"summary_large_image","twitter_misc":{"Ber\u00e4knad l\u00e4stid":"2 minuter"},"schema":{"@context":"https:\/\/schema.org","@graph":[{"@type":"WebPage","@id":"https:\/\/magntec.se\/index.php\/projektportfolj\/","url":"https:\/\/magntec.se\/index.php\/projektportfolj\/","name":"Projektportf\u00f6lj - Magntec","isPartOf":{"@id":"https:\/\/magntec.se\/#website"},"primaryImageOfPage":{"@id":"https:\/\/magntec.se\/index.php\/projektportfolj\/#primaryimage"},"image":{"@id":"https:\/\/magntec.se\/index.php\/projektportfolj\/#primaryimage"},"thumbnailUrl":"https:\/\/magntec.se\/wp-content\/uploads\/2024\/06\/Skarmklipp.png","datePublished":"2024-06-19T08:54:19+00:00","dateModified":"2024-06-28T07:42:07+00:00","breadcrumb":{"@id":"https:\/\/magntec.se\/index.php\/projektportfolj\/#breadcrumb"},"inLanguage":"sv-SE","potentialAction":[{"@type":"ReadAction","target":["https:\/\/magntec.se\/index.php\/projektportfolj\/"]}]},{"@type":"ImageObject","inLanguage":"sv-SE","@id":"https:\/\/magntec.se\/index.php\/projektportfolj\/#primaryimage","url":"https:\/\/magntec.se\/wp-content\/uploads\/2024\/06\/Skarmklipp.png","contentUrl":"https:\/\/magntec.se\/wp-content\/uploads\/2024\/06\/Skarmklipp.png","width":520,"height":356},{"@type":"BreadcrumbList","@id":"https:\/\/magntec.se\/index.php\/projektportfolj\/#breadcrumb","itemListElement":[{"@type":"ListItem","position":1,"name":"Hem","item":"https:\/\/magntec.se\/"},{"@type":"ListItem","position":2,"name":"Projektportf\u00f6lj"}]},{"@type":"WebSite","@id":"https:\/\/magntec.se\/#website","url":"https:\/\/magntec.se\/","name":"Magntec","description":"","publisher":{"@id":"https:\/\/magntec.se\/#organization"},"potentialAction":[{"@type":"SearchAction","target":{"@type":"EntryPoint","urlTemplate":"https:\/\/magntec.se\/?s={search_term_string}"},"query-input":"required name=search_term_string"}],"inLanguage":"sv-SE"},{"@type":"Organization","@id":"https:\/\/magntec.se\/#organization","name":"Magntec","url":"https:\/\/magntec.se\/","logo":{"@type":"ImageObject","inLanguage":"sv-SE","@id":"https:\/\/magntec.se\/#\/schema\/logo\/image\/","url":"https:\/\/magntec.se\/wp-content\/uploads\/2023\/10\/Magntec-horisontal.png","contentUrl":"https:\/\/magntec.se\/wp-content\/uploads\/2023\/10\/Magntec-horisontal.png","width":3939,"height":644,"caption":"Magntec"},"image":{"@id":"https:\/\/magntec.se\/#\/schema\/logo\/image\/"}}]}},"_links":{"self":[{"href":"https:\/\/magntec.se\/index.php\/wp-json\/wp\/v2\/pages\/871","targetHints":{"allow":["GET"]}}],"collection":[{"href":"https:\/\/magntec.se\/index.php\/wp-json\/wp\/v2\/pages"}],"about":[{"href":"https:\/\/magntec.se\/index.php\/wp-json\/wp\/v2\/types\/page"}],"author":[{"embeddable":true,"href":"https:\/\/magntec.se\/index.php\/wp-json\/wp\/v2\/users\/3"}],"replies":[{"embeddable":true,"href":"https:\/\/magntec.se\/index.php\/wp-json\/wp\/v2\/comments?post=871"}],"version-history":[{"count":7,"href":"https:\/\/magntec.se\/index.php\/wp-json\/wp\/v2\/pages\/871\/revisions"}],"predecessor-version":[{"id":1223,"href":"https:\/\/magntec.se\/index.php\/wp-json\/wp\/v2\/pages\/871\/revisions\/1223"}],"wp:attachment":[{"href":"https:\/\/magntec.se\/index.php\/wp-json\/wp\/v2\/media?parent=871"}],"curies":[{"name":"wp","href":"https:\/\/api.w.org\/{rel}","templated":true}]}}